{"id":7062,"date":"2024-10-03T13:38:40","date_gmt":"2024-10-03T13:38:40","guid":{"rendered":"https:\/\/vshowerpro.com\/shop\/uncategorized\/5-mode-booster-showerhead\/"},"modified":"2025-04-16T12:10:23","modified_gmt":"2025-04-16T12:10:23","slug":"duschkopf-mit","status":"publish","type":"product","link":"https:\/\/vshowerpro.com\/de\/shop\/duschkoepfe-mit-filter\/duschkopf-mit\/","title":{"rendered":"Duschkopf mit 5 Modi und ACF-Filter"},"content":{"rendered":"<p>[vc_row][vc_column][vc_column_text]<strong>Die ultimative gefilterte Duschbrause f\u00fcr ges\u00fcndere Haut und Haare<br \/>\n<\/strong><\/p>\n<p>Dieser fortschrittliche Duschkopf verf\u00fcgt \u00fcber einen Aktivkohlefilter, der Chlor, Schwermetalle und andere Verunreinigungen aus dem Wasser effektiv entfernt.<\/p>\n<p><strong><b>Weiche &amp; glatte Haut<\/b><\/strong><\/p>\n<p>Jede Dusche wird zu einer intensiven Feuchtigkeitsbehandlung, die die Wasserbindungskraft verbessert. Sie werden feststellen, wie Ihre Haut nach jeder Anwendung weicher und glatter wird.<\/p>\n<p><strong>5 Spr\u00fchmuster<\/strong><\/p>\n<p>Mit 5 Spr\u00fchmustern \u2013 Regen, Jet, Mix, Fokus und Massage \u2013 k\u00f6nnen Sie Ihre Dusche ganz nach Ihrer Stimmung anpassen. Ob entspannender Regen oder erfrischender Jet, dieser Duschkopf passt sich Ihren Bed\u00fcrfnissen an und sorgt so f\u00fcr jedes Mal das perfekte Duscherlebnis.<\/p>\n<p><strong>Tauschen Sie heute und verwandeln Sie Ihr Duscherlebnis mit VshowerPro<\/strong>[\/vc_column_text][\/vc_column][\/vc_row][vc_row][vc_column]<style>.ld_spacer_69dc29a8c5ba7{height:2em;}<\/style>\n<div class=\"ld-empty-space ld_spacer_69dc29a8c5ba7\"><\/div>[\/vc_column][\/vc_row][vc_row css=&#8221;.vc_custom_1733670726634{padding-top: 3em !important;padding-bottom: 3em !important;background-color: #f5f5f5 !important;}&#8221;][vc_column]<style>.ld_fancy_heading_69dc29a8c5dd7 h3{color:rgb(0, 0, 0);}.ld_fancy_heading_69dc29a8c5dd7 h3 {font-size:54px; } .ld_fancy_heading_69dc29a8c5dd7 h3 {line-height:1em; } .ld_fancy_heading_69dc29a8c5dd7 h3 {--element-line-height:1em; } .ld_fancy_heading_69dc29a8c5dd7 h3 {padding-top:0px !important; padding-bottom:0px !important;  } .ld_fancy_heading_69dc29a8c5dd7 h3 {margin-top:0px !important; margin-bottom:0px !important;  } .ld_fancy_heading_69dc29a8c5dd7 .lqd-highlight-inner{height:0.275em!important;bottom:0px!important;}.ld_fancy_heading_69dc29a8c5dd7 h3 {font-size:54px; } .ld_fancy_heading_69dc29a8c5dd7 h3 {line-height:1em; } .ld_fancy_heading_69dc29a8c5dd7 h3 {--element-line-height:1em; } .ld_fancy_heading_69dc29a8c5dd7 h3 {padding-top:0px !important; padding-bottom:0px !important;  } .ld_fancy_heading_69dc29a8c5dd7 h3 {margin-top:0px !important; margin-bottom:0px !important;  } <\/style><div class=\"ld-fancy-heading text-center ld_fancy_heading_69dc29a8c5dd7\">\n\t<h3 class=\"ld-fh-element lqd-highlight-underline lqd-highlight-grow-left text-decoration-default\"   >  <\/p>\n<div class=\"flex max-w-full flex-col flex-grow\">\n<div class=\"min-h-8 text-message flex w-full flex-col items-end gap-2 whitespace-normal break-words text-start &#091;.text-message+&amp;&#093;:mt-5\" dir=\"auto\" data-message-author-role=\"assistant\" data-message-id=\"001fe93b-32fb-4145-9516-15c4e70a9cab\" data-message-model-slug=\"gpt-4o-mini\">\n<div class=\"flex w-full flex-col gap-1 empty:hidden first:pt-&#091;3px&#093;\">\n<div class=\"markdown prose w-full break-words dark:prose-invert light\">\n<p>ERH\u00d6HEN SIE IHR DUSCHERLEBNIS!<\/p>\n<\/div>\n<\/div>\n<\/div>\n<\/div>\n<p><\/h3><\/div><style>.ld_fancy_heading_69dc29a8c620d p{color:rgb(0, 0, 0);}.ld_fancy_heading_69dc29a8c620d p {font-size:32px; } .ld_fancy_heading_69dc29a8c620d p {line-height:1em; } .ld_fancy_heading_69dc29a8c620d p {--element-line-height:1em; } .ld_fancy_heading_69dc29a8c620d p {padding-top:1em !important; padding-bottom:0px !important;  } .ld_fancy_heading_69dc29a8c620d p {margin-top:0px !important; margin-bottom:0px !important;  } .ld_fancy_heading_69dc29a8c620d .lqd-highlight-inner{height:0.275em!important;bottom:0px!important;}.ld_fancy_heading_69dc29a8c620d p {font-size:32px; } .ld_fancy_heading_69dc29a8c620d p {line-height:1em; } .ld_fancy_heading_69dc29a8c620d p {--element-line-height:1em; } .ld_fancy_heading_69dc29a8c620d p {padding-top:1em !important; padding-bottom:0px !important;  } .ld_fancy_heading_69dc29a8c620d p {margin-top:0px !important; margin-bottom:0px !important;  } <\/style><div class=\"ld-fancy-heading text-center ld_fancy_heading_69dc29a8c620d\">\n\t<p class=\"ld-fh-element lqd-highlight-underline lqd-highlight-grow-left text-decoration-default\"   >  <\/p>\n<div class=\"flex max-w-full flex-col flex-grow\">\n<div class=\"min-h-8 text-message flex w-full flex-col items-end gap-2 whitespace-normal break-words text-start &#091;text-message+&amp;&#093;:mt-5\" dir=\"auto\" data-message-author-role=\"assistant\" data-message-id=\"5e8adee0-a43f-458b-9e55-0f702bd6e726\" data-message-model-slug=\"gpt-4o-mini\">\n<div class=\"flex w-full flex-col gap-1 empty:hidden first:pt-&#091;3px&#093;\">\n<p class=\"markdown prose w-full break-words dark:prose-invert light text-sm md:text-lg\">MIT HOCHDRUCK-DUSCHKOPF<\/p>\n<\/div>\n<\/div>\n<\/div>\n<p><\/p><\/div>[vc_row_inner css=&#8221;.vc_custom_1733665356843{margin-top: 2em !important;padding-right: 15% !important;padding-left: 15% !important;}&#8221;][vc_column_inner width=&#8221;1\/5&#8243;][\/vc_column_inner][vc_column_inner width=&#8221;1\/5&#8243;]<style>.ld_icon_box_69dc29a8c65e2 .lqd-iconbox-title{margin-bottom:px;}.ld_icon_box_69dc29a8c65e2 p, .ld_icon_box_69dc29a8c65e2 .contents{color:rgb(0, 0, 0);}.ld_icon_box_69dc29a8c65e2 .iconbox-icon-container{border-radius:px;}.ld_icon_box_69dc29a8c65e2 .iconbox-icon-container img,.ld_icon_box_69dc29a8c65e2 .iconbox-icon-container > svg{width:80px !important;}<\/style>\n<div class=\"iconbox text-align-default iconbox-sm iconbox-heading-sm ld_icon_box_69dc29a8c65e2\" id=\"ld_icon_box_69dc29a8c65e2\"   >\n\t\n\t\t\t\t\t\n\t\n\t<div class=\"iconbox-icon-wrap\"><span class=\"iconbox-icon-container\"><img decoding=\"async\" src=\"https:\/\/vshowerpro.com\/wp-content\/uploads\/2024\/11\/reduces-hlorine-002.png\" class=\"liquid-image-icon\" \/><\/span><\/div>\t\n\t\t\n\t<div class=\"contents\">\t\n\t\t\n\t\t<p><strong data-start=\"37\" data-end=\"50\">REDUZIERT<\/strong><br data-start=\"50\" data-end=\"53\" \/><strong data-start=\"53\" data-end=\"68\">CHLOR, BLEI <\/strong><strong data-start=\"71\" data-end=\"95\" data-is-last-node=\"\">UND VERUNREINIGUNGEN<\/strong><\/p>\n\t\t\n\t<\/div>\t\n\t\n<\/div>\n[\/vc_column_inner][vc_column_inner width=&#8221;1\/5&#8243;]<style>.ld_icon_box_69dc29a8c71fb .lqd-iconbox-title{margin-bottom:px;}.ld_icon_box_69dc29a8c71fb p, .ld_icon_box_69dc29a8c71fb .contents{color:rgb(0, 0, 0);}.ld_icon_box_69dc29a8c71fb .iconbox-icon-container{border-radius:px;}.ld_icon_box_69dc29a8c71fb .iconbox-icon-container img,.ld_icon_box_69dc29a8c71fb .iconbox-icon-container > svg{width:80px !important;}<\/style>\n<div class=\"iconbox text-align-default iconbox-sm iconbox-heading-sm ld_icon_box_69dc29a8c71fb\" id=\"ld_icon_box_69dc29a8c71fb\"   >\n\t\n\t\t\t\t\t\n\t\n\t<div class=\"iconbox-icon-wrap\"><span class=\"iconbox-icon-container\"><img decoding=\"async\" src=\"https:\/\/vshowerpro.com\/wp-content\/uploads\/2024\/11\/improves-water-002.png\" class=\"liquid-image-icon\" \/><\/span><\/div>\t\n\t\t\n\t<div class=\"contents\">\t\n\t\t\n\t\t<p><strong data-start=\"37\" data-end=\"51\">VERBESSERT<\/strong><br data-start=\"51\" data-end=\"54\" \/><strong data-start=\"54\" data-end=\"69\">DIE WASSER-<\/strong><br data-start=\"69\" data-end=\"72\" \/><strong data-start=\"72\" data-end=\"84\" data-is-last-node=\"\">REINHEIT<\/strong><\/p>\n\t\t\n\t<\/div>\t\n\t\n<\/div>\n[\/vc_column_inner][vc_column_inner width=&#8221;1\/5&#8243;]<style>.ld_icon_box_69dc29a8c7bdb .lqd-iconbox-title{margin-bottom:px;}.ld_icon_box_69dc29a8c7bdb p, .ld_icon_box_69dc29a8c7bdb .contents{color:rgb(0, 0, 0);}.ld_icon_box_69dc29a8c7bdb .iconbox-icon-container{border-radius:px;}.ld_icon_box_69dc29a8c7bdb .iconbox-icon-container img,.ld_icon_box_69dc29a8c7bdb .iconbox-icon-container > svg{width:80px !important;}<\/style>\n<div class=\"iconbox text-align-default iconbox-sm iconbox-heading-sm ld_icon_box_69dc29a8c7bdb\" id=\"ld_icon_box_69dc29a8c7bdb\"   >\n\t\n\t\t\t\t\t\n\t\n\t<div class=\"iconbox-icon-wrap\"><span class=\"iconbox-icon-container\"><img decoding=\"async\" src=\"https:\/\/vshowerpro.com\/wp-content\/uploads\/2024\/11\/heatlhy-skin-hair-002.png\" class=\"liquid-image-icon\" \/><\/span><\/div>\t\n\t\t\n\t<div class=\"contents\">\t\n\t\t\n\t\t<p><strong data-start=\"37\" data-end=\"52\">UNTERST\u00dcTZT<\/strong><br data-start=\"52\" data-end=\"55\" \/><strong data-start=\"55\" data-end=\"71\">GESUNDE HAUT<\/strong><br data-start=\"71\" data-end=\"74\" \/><strong data-start=\"74\" data-end=\"85\" data-is-last-node=\"\">&amp; HAARE<\/strong><\/p>\n\t\t\n\t<\/div>\t\n\t\n<\/div>\n[\/vc_column_inner][vc_column_inner width=&#8221;1\/5&#8243;][\/vc_column_inner][\/vc_row_inner][\/vc_column][\/vc_row][vc_row css=&#8221;.vc_custom_1733670920282{padding-top: 3em !important;padding-bottom: 3em !important;background-color: #d4eef9 !important;}&#8221;][vc_column][vc_row_inner content_placement=&#8221;middle&#8221; css=&#8221;.vc_custom_1733666255719{padding-top: 3em !important;}&#8221;][vc_column_inner width=&#8221;2\/3&#8243;][vc_column_text css=&#8221;.vc_custom_1733838044019{margin-top: 0px !important;margin-bottom: 0px !important;padding-top: 0px !important;padding-bottom: 10px !important;}&#8221;]<\/p>\n<h4>Benefits of Choosing a Shower Head with Carbon Filter<\/h4>\n<p>[\/vc_column_text]<style>.ld_icon_box_69dc29a8c827a .lqd-iconbox-title{margin-bottom:px;}.ld_icon_box_69dc29a8c827a .iconbox-icon-container{border-radius:px;}<\/style>\n<div class=\"iconbox iconbox-side text-align-default iconbox-heading-xs ld_icon_box_69dc29a8c827a\" id=\"ld_icon_box_69dc29a8c827a\"  data-animate-icon=\"true\"  >\n\t\n\t\t\t\t\t\n\t\n\t<div class=\"iconbox-icon-wrap\"><span class=\"iconbox-icon-container\"><i class=\"lqd-icn-ess icon-num-1\"><\/i><\/span><\/div>\t\n\t\t\n\t<div class=\"contents\">\t\n\t\t\n\t<h3 class=\"lqd-iconbox-title font-weight-semibold\">Weichere und besser hydrierte Haut:<\/h3>\t<div class=\"flex max-w-full flex-col flex-grow\">\n<div class=\"min-h-8 text-message flex w-full flex-col items-end gap-2 whitespace-normal break-words text-start &#091;.text-message+&amp;&#093;:mt-5\" dir=\"auto\" data-message-author-role=\"assistant\" data-message-id=\"c9a62145-584a-40b4-9435-f0e1dfeb4536\" data-message-model-slug=\"gpt-4o\">\n<div class=\"flex w-full flex-col gap-1 empty:hidden first:pt-&#091;3px&#093;\">\n<div class=\"markdown prose w-full break-words dark:prose-invert light\">\n<p>Der Filter entfernt Chlor und andere aggressive Chemikalien, wodurch die nat\u00fcrliche Feuchtigkeitsbarriere der Haut erhalten bleibt und Trockenheit sowie Reizungen verhindert werden.<\/p>\n<\/div>\n<\/div>\n<\/div>\n<\/div>\n\t\t\n\t<\/div>\t\n\t\n<\/div>\n<style>.ld_icon_box_69dc29a8c85e6 .lqd-iconbox-title{margin-bottom:px;}.ld_icon_box_69dc29a8c85e6 .iconbox-icon-container{border-radius:px;}<\/style>\n<div class=\"iconbox iconbox-side text-align-default iconbox-heading-xs ld_icon_box_69dc29a8c85e6\" id=\"ld_icon_box_69dc29a8c85e6\"  data-animate-icon=\"true\"  >\n\t\n\t\t\t\t\t\n\t\n\t<div class=\"iconbox-icon-wrap\"><span class=\"iconbox-icon-container\"><i class=\"lqd-icn-ess icon-num-2\"><\/i><\/span><\/div>\t\n\t\t\n\t<div class=\"contents\">\t\n\t\t\n\t<h3 class=\"lqd-iconbox-title font-weight-semibold\">Gl\u00e4nzenderes und ges\u00fcnderes Haar:<\/h3>\t<div class=\"flex max-w-full flex-col flex-grow\">\n<div class=\"min-h-8 text-message flex w-full flex-col items-end gap-2 whitespace-normal break-words text-start &#091;.text-message+&amp;&#093;:mt-5\" dir=\"auto\" data-message-author-role=\"assistant\" data-message-id=\"a699ca74-f923-4627-a721-c7e01eae97c4\" data-message-model-slug=\"gpt-4o-mini\">\n<div class=\"flex w-full flex-col gap-1 empty:hidden first:pt-&#091;3px&#093;\">\n<div class=\"markdown prose w-full break-words dark:prose-invert light\">\n<p>Durch die Entfernung von chemischen R\u00fcckst\u00e4nden und Schwermetallen wird das Haar weicher, leichter k\u00e4mmbar und gl\u00e4nzender \u2013 ganz ohne das Gewicht von Verunreinigungen.<\/p>\n<\/div>\n<\/div>\n<\/div>\n<\/div>\n<div class=\"mb-2 flex gap-3 empty:hidden -ml-2\">\n<div class=\"items-center justify-start rounded-xl p-1 flex\">\n<div class=\"flex items-center\">\n<div class=\"flex\"><\/div>\n<div class=\"flex items-center pb-0\"><\/div>\n<\/div>\n<\/div>\n<\/div>\n\t\t\n\t<\/div>\t\n\t\n<\/div>\n<style>.ld_icon_box_69dc29a8c898f .lqd-iconbox-title{margin-bottom:px;}.ld_icon_box_69dc29a8c898f .iconbox-icon-container{border-radius:px;}<\/style>\n<div class=\"iconbox iconbox-side text-align-default iconbox-heading-xs ld_icon_box_69dc29a8c898f\" id=\"ld_icon_box_69dc29a8c898f\"  data-animate-icon=\"true\"  >\n\t\n\t\t\t\t\t\n\t\n\t<div class=\"iconbox-icon-wrap\"><span class=\"iconbox-icon-container\"><i class=\"lqd-icn-ess icon-num-3\"><\/i><\/span><\/div>\t\n\t\t\n\t<div class=\"contents\">\t\n\t\t\n\t<h3 class=\"lqd-iconbox-title font-weight-semibold\">Reduzierte Allergien und Irritationen:<\/h3>\t<div class=\"flex max-w-full flex-col flex-grow\">\n<div class=\"min-h-8 text-message flex w-full flex-col items-end gap-2 whitespace-normal break-words text-start &#091;.text-message+&amp;&#093;:mt-5\" dir=\"auto\" data-message-author-role=\"assistant\" data-message-id=\"fba1a880-9de1-4793-a482-6ec07484a390\" data-message-model-slug=\"gpt-4o-mini\">\n<div class=\"flex w-full flex-col gap-1 empty:hidden first:pt-&#091;3px&#093;\">\n<div class=\"markdown prose w-full break-words dark:prose-invert light\">\n<p>Der Filter hilft, Allergene und Verunreinigungen im Wasser zu reduzieren, wodurch Hautunreinheiten und Irritationen, insbesondere bei empfindlicher Haut, minimiert werden.<\/p>\n<\/div>\n<\/div>\n<\/div>\n<\/div>\n<div class=\"mb-2 flex gap-3 empty:hidden -ml-2\">\n<div class=\"items-center justify-start rounded-xl p-1 flex\">\n<div class=\"flex items-center\">\n<div class=\"flex\"><\/div>\n<div class=\"flex items-center pb-0\"><\/div>\n<\/div>\n<\/div>\n<\/div>\n\t\t\n\t<\/div>\t\n\t\n<\/div>\n<style>.ld_icon_box_69dc29a8c8d2c .lqd-iconbox-title{margin-bottom:px;}.ld_icon_box_69dc29a8c8d2c .iconbox-icon-container{border-radius:px;}<\/style>\n<div class=\"iconbox iconbox-side text-align-default iconbox-heading-xs ld_icon_box_69dc29a8c8d2c\" id=\"ld_icon_box_69dc29a8c8d2c\"  data-animate-icon=\"true\"  >\n\t\n\t\t\t\t\t\n\t\n\t<div class=\"iconbox-icon-wrap\"><span class=\"iconbox-icon-container\"><i class=\"lqd-icn-ess icon-num-4\"><\/i><\/span><\/div>\t\n\t\t\n\t<div class=\"contents\">\t\n\t\t\n\t<h3 class=\"lqd-iconbox-title font-weight-semibold\">Verbesserte Hautdurchblutung und Sauerstoffversorgung:<\/h3>\t<div class=\"flex max-w-full flex-col flex-grow\">\n<div class=\"min-h-8 text-message flex w-full flex-col items-end gap-2 whitespace-normal break-words text-start &#091;.text-message+&amp;&#093;:mt-5\" dir=\"auto\" data-message-author-role=\"assistant\" data-message-id=\"931ee4aa-b487-4d8a-abbe-70348aafb3cd\" data-message-model-slug=\"gpt-4o-mini\">\n<div class=\"flex w-full flex-col gap-1 empty:hidden first:pt-&#091;3px&#093;\">\n<div class=\"markdown prose w-full break-words dark:prose-invert light\">\n<p>Reines Wasser, frei von Verunreinigungen, verbessert die Sauerstoffversorgung und Durchblutung der Haut, wodurch sie ges\u00fcnder und revitalisiert wirkt.<\/p>\n<\/div>\n<\/div>\n<\/div>\n<\/div>\n<div class=\"mb-2 flex gap-3 empty:hidden -ml-2\">\n<div class=\"items-center justify-start rounded-xl p-1 flex\">\n<div class=\"flex items-center\">\n<div class=\"flex\"><\/div>\n<div class=\"flex items-center pb-0\"><\/div>\n<\/div>\n<\/div>\n<\/div>\n\t\t\n\t<\/div>\t\n\t\n<\/div>\n[\/vc_column_inner][vc_column_inner width=&#8221;1\/3&#8243;][vc_single_image image=&#8221;6714&#8243; css=&#8221;.vc_custom_1733666122489{border-radius: 15px !important;}&#8221;][\/vc_column_inner][\/vc_row_inner][\/vc_column][\/vc_row][vc_row css=&#8221;.vc_custom_1733667131855{padding-top: 3em !important;padding-bottom: 3em !important;}&#8221;][vc_column]<style>.ld_fancy_heading_69dc29a8c90cb p{color:rgb(0, 0, 0);}.ld_fancy_heading_69dc29a8c90cb p {font-size:32px; } .ld_fancy_heading_69dc29a8c90cb p {line-height:1em; } .ld_fancy_heading_69dc29a8c90cb p {--element-line-height:1em; } .ld_fancy_heading_69dc29a8c90cb p {font-weight:600; } .ld_fancy_heading_69dc29a8c90cb p {padding-top:0px !important; padding-bottom:0px !important;  } .ld_fancy_heading_69dc29a8c90cb p {margin-top:0px !important; margin-bottom:0px !important;  } .ld_fancy_heading_69dc29a8c90cb .lqd-highlight-inner{height:0.275em!important;bottom:0px!important;}.ld_fancy_heading_69dc29a8c90cb p {font-size:32px; } .ld_fancy_heading_69dc29a8c90cb p {line-height:1em; } .ld_fancy_heading_69dc29a8c90cb p {--element-line-height:1em; } .ld_fancy_heading_69dc29a8c90cb p {font-weight:600; } .ld_fancy_heading_69dc29a8c90cb p {padding-top:0px !important; padding-bottom:0px !important;  } .ld_fancy_heading_69dc29a8c90cb p {margin-top:0px !important; margin-bottom:0px !important;  } <\/style><div class=\"ld-fancy-heading text-center ld_fancy_heading_69dc29a8c90cb\">\n\t<p class=\"ld-fh-element lqd-highlight-underline lqd-highlight-grow-left text-decoration-default\"   >  <\/p>\n<div class=\"flex max-w-full flex-col flex-grow\">\n<div class=\"min-h-8 text-message flex w-full flex-col items-end gap-2 whitespace-normal break-words text-start &#091;.text-message+&amp;&#093;:mt-5\" dir=\"auto\" data-message-author-role=\"assistant\" data-message-id=\"3b8005af-b91b-4219-b5f7-bc999eb68343\" data-message-model-slug=\"gpt-4o\">\n<div class=\"flex w-full flex-col gap-1 empty:hidden first:pt-&#091;3px&#093;\">\n<div class=\"markdown prose w-full break-words dark:prose-invert light\">\n<p>5 DUSCHMODI<\/p>\n<\/div>\n<\/div>\n<\/div>\n<\/div>\n<p><\/p><\/div>[vc_row_inner][vc_column_inner][vc_single_image image=&#8221;6816&#8243; alignment=&#8221;center&#8221; css=&#8221;.vc_custom_1733672252667{margin-top: 0px !important;margin-bottom: 0px !important;padding-top: 0px !important;padding-bottom: 0px !important;}&#8221;][\/vc_column_inner][\/vc_row_inner]<style>.ld_fancy_heading_69dc29a8c97e7 p{color:rgb(0, 0, 0);}.ld_fancy_heading_69dc29a8c97e7 p {font-size:18px; } .ld_fancy_heading_69dc29a8c97e7 p {padding-top:0px !important; padding-bottom:0px !important;  } .ld_fancy_heading_69dc29a8c97e7 p {margin-top:0px !important; margin-bottom:0px !important;  } .ld_fancy_heading_69dc29a8c97e7 .lqd-highlight-inner{height:0.275em!important;bottom:0px!important;}.ld_fancy_heading_69dc29a8c97e7 p {font-size:18px; } .ld_fancy_heading_69dc29a8c97e7 p {padding-top:0px !important; padding-bottom:0px !important;  } .ld_fancy_heading_69dc29a8c97e7 p {margin-top:0px !important; margin-bottom:0px !important;  } <\/style><div class=\"ld-fancy-heading text-center ld_fancy_heading_69dc29a8c97e7\">\n\t<p class=\"ld-fh-element lqd-highlight-underline lqd-highlight-grow-left text-decoration-default\"   >  Gestalten Sie Ihre Dusche individuell mit f\u00fcnf Optionen: Regen, Jet, Mix, Fokus und Massage \u2013 perfekt abgestimmt auf Ihre Stimmung.<\/p><\/div>[\/vc_column][\/vc_row][vc_row full_height=&#8221;yes&#8221; columns_placement=&#8221;middle&#8221; content_placement=&#8221;middle&#8221; css=&#8221;.vc_custom_1733671553109{margin-top: 0px !important;margin-bottom: 0px !important;padding-top: 0px !important;padding-bottom: 0px !important;background-image: url(https:\/\/vshowerpro.com\/wp-content\/uploads\/2024\/10\/CLEAN-AND-INVIGORATING.jpg?id=6820) !important;background-position: center !important;background-repeat: no-repeat !important;background-size: cover !important;}&#8221;][vc_column][vc_row_inner css=&#8221;.vc_custom_1733667744933{background-position: center !important;background-repeat: no-repeat !important;background-size: contain !important;}&#8221;][vc_column_inner width=&#8221;1\/4&#8243; css=&#8221;.vc_custom_1733668006339{padding-top: 2em !important;}&#8221;][\/vc_column_inner][vc_column_inner width=&#8221;1\/2&#8243;]<style>.ld_fancy_heading_69dc29a8c9f10 h3{color:rgb(255, 255, 255);}.ld_fancy_heading_69dc29a8c9f10 h3 {font-size:60px; } .ld_fancy_heading_69dc29a8c9f10 h3 {font-weight:400; } .ld_fancy_heading_69dc29a8c9f10 h3 {padding-top:0px !important; padding-bottom:0px !important;  } .ld_fancy_heading_69dc29a8c9f10 h3 {margin-top:0px !important; margin-bottom:0px !important;  } .ld_fancy_heading_69dc29a8c9f10 .lqd-highlight-inner{height:0.275em!important;bottom:0px!important;}.ld_fancy_heading_69dc29a8c9f10 h3 {font-size:60px; } .ld_fancy_heading_69dc29a8c9f10 h3 {font-weight:400; } .ld_fancy_heading_69dc29a8c9f10 h3 {padding-top:0px !important; padding-bottom:0px !important;  } .ld_fancy_heading_69dc29a8c9f10 h3 {margin-top:0px !important; margin-bottom:0px !important;  } <\/style><div class=\"ld-fancy-heading text-center ld_fancy_heading_69dc29a8c9f10\">\n\t<h3 class=\"ld-fh-element lqd-highlight-underline lqd-highlight-grow-left text-decoration-default\"   >  SAUBER UND BELEBEND<\/h3><\/div><style>.ld_fancy_heading_69dc29a8ca2ff h3{color:rgb(255, 255, 255);}.ld_fancy_heading_69dc29a8ca2ff h3 {font-size:36px; } .ld_fancy_heading_69dc29a8ca2ff h3 {font-weight:400; } .ld_fancy_heading_69dc29a8ca2ff h3 {padding-top:0px !important; padding-bottom:0px !important;  } .ld_fancy_heading_69dc29a8ca2ff h3 {margin-top:0px !important; margin-bottom:0px !important;  } .ld_fancy_heading_69dc29a8ca2ff .lqd-highlight-inner{height:0.275em!important;bottom:0px!important;}.ld_fancy_heading_69dc29a8ca2ff h3 {font-size:36px; } .ld_fancy_heading_69dc29a8ca2ff h3 {font-weight:400; } .ld_fancy_heading_69dc29a8ca2ff h3 {padding-top:0px !important; padding-bottom:0px !important;  } .ld_fancy_heading_69dc29a8ca2ff h3 {margin-top:0px !important; margin-bottom:0px !important;  } <\/style><div class=\"ld-fancy-heading text-center ld_fancy_heading_69dc29a8ca2ff\">\n\t<h3 class=\"ld-fh-element lqd-highlight-underline lqd-highlight-grow-left text-decoration-default\"   >  DUSCHERLEBNIS<\/h3><\/div>[\/vc_column_inner][vc_column_inner width=&#8221;1\/4&#8243;][\/vc_column_inner][\/vc_row_inner][\/vc_column][\/vc_row][vc_row content_placement=&#8221;middle&#8221; css=&#8221;.vc_custom_1733671921245{padding-top: 3em !important;padding-bottom: 3em !important;}&#8221;][vc_column][vc_row_inner content_placement=&#8221;middle&#8221;][vc_column_inner width=&#8221;1\/2&#8243;][vc_single_image image=&#8221;6824&#8243;][\/vc_column_inner][vc_column_inner width=&#8221;1\/2&#8243;]<style>.ld_fancy_heading_69dc29a8ca593 p{color:rgb(0, 0, 0);}.ld_fancy_heading_69dc29a8ca593 p {font-size:18px; } .ld_fancy_heading_69dc29a8ca593 p {padding-top:2em !important; padding-bottom:2em !important;  } .ld_fancy_heading_69dc29a8ca593 p {margin-top:0px !important; margin-bottom:0px !important;  } .ld_fancy_heading_69dc29a8ca593 .lqd-highlight-inner{height:0.275em!important;bottom:0px!important;}.ld_fancy_heading_69dc29a8ca593 p {font-size:18px; } .ld_fancy_heading_69dc29a8ca593 p {padding-top:2em !important; padding-bottom:2em !important;  } .ld_fancy_heading_69dc29a8ca593 p {margin-top:0px !important; margin-bottom:0px !important;  } <\/style><div class=\"ld-fancy-heading text-center ld_fancy_heading_69dc29a8ca593\">\n\t<p class=\"ld-fh-element lqd-highlight-underline lqd-highlight-grow-left text-decoration-default\"   >  Dieses 120-mm-Duschpaneel bietet eine gro\u00dfz\u00fcgige Abdeckung f\u00fcr ein intensiveres Duscherlebnis. Wechseln Sie m\u00fchelos zwischen den Modi mit einem praktischen One-Touch-Knopf.<\/p><\/div>[\/vc_column_inner][\/vc_row_inner][\/vc_column][\/vc_row][vc_row css=&#8221;.vc_custom_1733669868527{padding-bottom: 3em !important;}&#8221;][vc_column]<style>.ld_fancy_heading_69dc29a8ca7fe h3{color:rgb(120, 181, 221);}.ld_fancy_heading_69dc29a8ca7fe h3 {font-size:32px; } .ld_fancy_heading_69dc29a8ca7fe h3 {padding-top:0px !important; padding-bottom:0px !important;  } .ld_fancy_heading_69dc29a8ca7fe h3 {margin-top:0px !important; margin-bottom:0px !important;  } .ld_fancy_heading_69dc29a8ca7fe .lqd-highlight-inner{height:0.275em!important;bottom:0px!important;}.ld_fancy_heading_69dc29a8ca7fe h3 {font-size:32px; } .ld_fancy_heading_69dc29a8ca7fe h3 {padding-top:0px !important; padding-bottom:0px !important;  } .ld_fancy_heading_69dc29a8ca7fe h3 {margin-top:0px !important; margin-bottom:0px !important;  } <\/style><div class=\"ld-fancy-heading text-center ld_fancy_heading_69dc29a8ca7fe\">\n\t<h3 class=\"ld-fh-element lqd-highlight-underline lqd-highlight-grow-left text-decoration-default\"   >  Entdecken Sie den Unterschied noch heute und verwandeln Sie Ihr Duscherlebnis mit Vshower Pro\u00ae!<\/h3><\/div>[\/vc_column][\/vc_row]<\/p>\n","protected":false},"excerpt":{"rendered":"<p><strong>ERWEITERTE FILTRATION:<\/strong> Ausgestattet mit einem Aktivkohlefilter, der Chlor und Schwermetalle entfernt, sch\u00fctzt Ihre Haut und Haare vor hartem Wasser und macht sie weicher und ges\u00fcnder.<\/p>\n<p><strong>HOHER DRUCK:<\/strong> Genie\u00dfen Sie einen kraftvollen, belebenden Wasserstrahl, der Ihre t\u00e4gliche Routine verwandelt, den Wasserdruck erh\u00f6ht und gleichzeitig Wasser spart.<\/p>\n<p><strong>5 SPR\u00dcHMODI:<\/strong> Passen Sie Ihre Dusche mit f\u00fcnf Optionen an: Regen, Jet, Mix, Fokus und Massage \u2013 perfekt abgestimmt auf Ihre Stimmung.<\/p>\n<p><strong>EINFACHE INSTALLATION:<\/strong> Befestigen Sie den Duschkopf in wenigen Minuten \u2013 ganz ohne Werkzeug oder Aufwand.<\/p>\n<p>&nbsp;<\/p>\n<p><strong>Zertifikate:<\/strong><br \/>\n<img decoding=\"async\" class=\"alignnone wp-image-5118\" src=\"https:\/\/vshowerpro.com\/wp-content\/uploads\/2024\/10\/certificates-300x115.png\" alt=\"\" width=\"200\" height=\"77\" srcset=\"https:\/\/vshowerpro.com\/wp-content\/uploads\/2024\/10\/certificates-300x115.png 300w, https:\/\/vshowerpro.com\/wp-content\/uploads\/2024\/10\/certificates-1024x393.png 1024w, https:\/\/vshowerpro.com\/wp-content\/uploads\/2024\/10\/certificates.png 1372w\" sizes=\"(max-width: 200px) 100vw, 200px\" \/><\/p>\n","protected":false},"featured_media":7070,"comment_status":"open","ping_status":"closed","template":"","meta":{"rank_math_lock_modified_date":false},"product_brand":[],"product_cat":[76],"product_tag":[],"class_list":{"0":"post-7062","1":"product","2":"type-product","3":"status-publish","4":"has-post-thumbnail","6":"product_cat-duschkoepfe-mit-filter","8":"first","9":"instock","10":"taxable","11":"shipping-taxable","12":"purchasable","13":"product-type-simple"},"_links":{"self":[{"href":"https:\/\/vshowerpro.com\/de\/wp-json\/wp\/v2\/product\/7062","targetHints":{"allow":["GET"]}}],"collection":[{"href":"https:\/\/vshowerpro.com\/de\/wp-json\/wp\/v2\/product"}],"about":[{"href":"https:\/\/vshowerpro.com\/de\/wp-json\/wp\/v2\/types\/product"}],"replies":[{"embeddable":true,"href":"https:\/\/vshowerpro.com\/de\/wp-json\/wp\/v2\/comments?post=7062"}],"wp:featuredmedia":[{"embeddable":true,"href":"https:\/\/vshowerpro.com\/de\/wp-json\/wp\/v2\/media\/7070"}],"wp:attachment":[{"href":"https:\/\/vshowerpro.com\/de\/wp-json\/wp\/v2\/media?parent=7062"}],"wp:term":[{"taxonomy":"product_brand","embeddable":true,"href":"https:\/\/vshowerpro.com\/de\/wp-json\/wp\/v2\/product_brand?post=7062"},{"taxonomy":"product_cat","embeddable":true,"href":"https:\/\/vshowerpro.com\/de\/wp-json\/wp\/v2\/product_cat?post=7062"},{"taxonomy":"product_tag","embeddable":true,"href":"https:\/\/vshowerpro.com\/de\/wp-json\/wp\/v2\/product_tag?post=7062"}],"curies":[{"name":"wp","href":"https:\/\/api.w.org\/{rel}","templated":true}]}}