{"id":7071,"date":"2024-10-03T13:44:03","date_gmt":"2024-10-03T13:44:03","guid":{"rendered":"https:\/\/vshowerpro.com\/shop\/uncategorized\/water-saving-showerhead\/"},"modified":"2025-04-16T12:22:41","modified_gmt":"2025-04-16T12:22:41","slug":"duschkopf-acf-filter","status":"publish","type":"product","link":"https:\/\/vshowerpro.com\/de\/shop\/duschkoepfe-mit-filter\/duschkopf-acf-filter\/","title":{"rendered":"Duschkopf mit 3 Modi und ACF-Filter"},"content":{"rendered":"<p>[vc_row][vc_column][vc_column_text]<strong><b>Duschkopf mit Aktivkohlefilter<br \/>\n<\/b><\/strong><\/p>\n<p>Dieser Duschkopf verf\u00fcgt \u00fcber einen fortschrittlichen Aktivkohlefilter, der Chlor, Schwermetalle und andere Verunreinigungen aus dem Wasser entfernt und Ihre Haut und Haare vor den sch\u00e4dlichen Auswirkungen von hartem Wasser sch\u00fctzt.<\/p>\n<p><strong><b>Weiche &amp; glatte Haut<br \/>\n<\/b><\/strong><br \/>\nJede Dusche wird zu einer intensiven Feuchtigkeitsbehandlung, die die Feuchtigkeitsbindung verbessert. Sie werden feststellen, wie Ihre Haut nach jeder Anwendung weicher und glatter wird.<\/p>\n<p><strong><b>3 Spr\u00fchmodi<\/b><\/strong><\/p>\n<p>Mit 3 Spr\u00fchmodi \u2013 Fokusmodus f\u00fcr eine intensive Reinigung, Regenmodus f\u00fcr ein entspannendes Gef\u00fchl und Mischmodus f\u00fcr ein ausgewogenes Erlebnis \u2013 k\u00f6nnen Sie Ihre Dusche an Ihre Stimmung anpassen.<\/p>\n<p><strong><b>Warum Vshower Pro\u00ae w\u00e4hlen?<\/b><\/strong><br \/>\nUnser Hochdruck-Duschkopf sorgt f\u00fcr saubere, gepflegte Haut und Haare mit langlebigen, umweltfreundlichen Materialien, die den Wasserverbrauch optimieren und f\u00fcr Komfort sorgen.[\/vc_column_text][\/vc_column][\/vc_row][vc_row][vc_column]<style>.ld_spacer_69dc29a961943{height:2em;}<\/style>\n<div class=\"ld-empty-space ld_spacer_69dc29a961943\"><\/div>[\/vc_column][\/vc_row][vc_row css=&#8221;.vc_custom_1733670726634{padding-top: 3em !important;padding-bottom: 3em !important;background-color: #f5f5f5 !important;}&#8221;][vc_column]<style>.ld_fancy_heading_69dc29a961cc6 h3{color:rgb(0, 0, 0);}.ld_fancy_heading_69dc29a961cc6 h3 {font-size:54px; } .ld_fancy_heading_69dc29a961cc6 h3 {padding-top:0px !important; padding-bottom:0px !important;  } .ld_fancy_heading_69dc29a961cc6 h3 {margin-top:0px !important; margin-bottom:0px !important;  } .ld_fancy_heading_69dc29a961cc6 .lqd-highlight-inner{height:0.275em!important;bottom:0px!important;}.ld_fancy_heading_69dc29a961cc6 h3 {font-size:54px; } .ld_fancy_heading_69dc29a961cc6 h3 {padding-top:0px !important; padding-bottom:0px !important;  } .ld_fancy_heading_69dc29a961cc6 h3 {margin-top:0px !important; margin-bottom:0px !important;  } <\/style><div class=\"ld-fancy-heading text-center ld_fancy_heading_69dc29a961cc6\">\n\t<h3 class=\"ld-fh-element lqd-highlight-underline lqd-highlight-grow-left text-decoration-default\"   >  WASSERSPAREN<\/p>\n<p><\/h3><\/div><style>.ld_fancy_heading_69dc29a962246 p{color:rgb(0, 0, 0);}.ld_fancy_heading_69dc29a962246 p {font-size:32px; } .ld_fancy_heading_69dc29a962246 p {line-height:1em; } .ld_fancy_heading_69dc29a962246 p {--element-line-height:1em; } .ld_fancy_heading_69dc29a962246 p {padding-top:1em !important; padding-bottom:0px !important;  } .ld_fancy_heading_69dc29a962246 p {margin-top:0px !important; margin-bottom:0px !important;  } .ld_fancy_heading_69dc29a962246 .lqd-highlight-inner{height:0.275em!important;bottom:0px!important;}.ld_fancy_heading_69dc29a962246 p {font-size:32px; } .ld_fancy_heading_69dc29a962246 p {line-height:1em; } .ld_fancy_heading_69dc29a962246 p {--element-line-height:1em; } .ld_fancy_heading_69dc29a962246 p {padding-top:1em !important; padding-bottom:0px !important;  } .ld_fancy_heading_69dc29a962246 p {margin-top:0px !important; margin-bottom:0px !important;  } <\/style><div class=\"ld-fancy-heading text-center ld_fancy_heading_69dc29a962246\">\n\t<p class=\"ld-fh-element lqd-highlight-underline lqd-highlight-grow-left text-decoration-default\"   >  Druckverst\u00e4rkendes Design<\/p>\n<p><\/p><\/div>[vc_row_inner css=&#8221;.vc_custom_1733665356843{margin-top: 2em !important;padding-right: 15% !important;padding-left: 15% !important;}&#8221;][vc_column_inner width=&#8221;1\/5&#8243;][\/vc_column_inner][vc_column_inner width=&#8221;1\/5&#8243;]<style>.ld_icon_box_69dc29a9626da .lqd-iconbox-title{margin-bottom:px;}.ld_icon_box_69dc29a9626da p, .ld_icon_box_69dc29a9626da .contents{color:rgb(0, 0, 0);}.ld_icon_box_69dc29a9626da .iconbox-icon-container{border-radius:px;}.ld_icon_box_69dc29a9626da .iconbox-icon-container img,.ld_icon_box_69dc29a9626da .iconbox-icon-container > svg{width:80px !important;}<\/style>\n<div class=\"iconbox text-align-default iconbox-sm iconbox-heading-sm ld_icon_box_69dc29a9626da\" id=\"ld_icon_box_69dc29a9626da\"   >\n\t\n\t\t\t\t\t\n\t\n\t<div class=\"iconbox-icon-wrap\"><span class=\"iconbox-icon-container\"><img decoding=\"async\" src=\"https:\/\/vshowerpro.com\/wp-content\/uploads\/2024\/11\/reduces-hlorine-002.png\" class=\"liquid-image-icon\" \/><\/span><\/div>\t\n\t\t\n\t<div class=\"contents\">\t\n\t\t\n\t\t<p><strong data-start=\"37\" data-end=\"50\">REDUZIERT<\/strong><br data-start=\"50\" data-end=\"53\" \/><strong data-start=\"53\" data-end=\"68\">CHLOR, BLEI <\/strong><strong data-start=\"71\" data-end=\"95\" data-is-last-node=\"\">UND VERUNREINIGUNGEN<\/strong><\/p>\n\t\t\n\t<\/div>\t\n\t\n<\/div>\n[\/vc_column_inner][vc_column_inner width=&#8221;1\/5&#8243;]<style>.ld_icon_box_69dc29a96376c .lqd-iconbox-title{margin-bottom:px;}.ld_icon_box_69dc29a96376c p, .ld_icon_box_69dc29a96376c .contents{color:rgb(0, 0, 0);}.ld_icon_box_69dc29a96376c .iconbox-icon-container{border-radius:px;}.ld_icon_box_69dc29a96376c .iconbox-icon-container img,.ld_icon_box_69dc29a96376c .iconbox-icon-container > svg{width:80px !important;}<\/style>\n<div class=\"iconbox text-align-default iconbox-sm iconbox-heading-sm ld_icon_box_69dc29a96376c\" id=\"ld_icon_box_69dc29a96376c\"   >\n\t\n\t\t\t\t\t\n\t\n\t<div class=\"iconbox-icon-wrap\"><span class=\"iconbox-icon-container\"><img decoding=\"async\" src=\"https:\/\/vshowerpro.com\/wp-content\/uploads\/2024\/11\/improves-water-002.png\" class=\"liquid-image-icon\" \/><\/span><\/div>\t\n\t\t\n\t<div class=\"contents\">\t\n\t\t\n\t\t<p><strong data-start=\"37\" data-end=\"51\">VERBESSERT<\/strong><br data-start=\"51\" data-end=\"54\" \/><strong data-start=\"54\" data-end=\"69\">DIE WASSER-<\/strong><br data-start=\"69\" data-end=\"72\" \/><strong data-start=\"72\" data-end=\"84\" data-is-last-node=\"\">REINHEIT<\/strong><\/p>\n\t\t\n\t<\/div>\t\n\t\n<\/div>\n[\/vc_column_inner][vc_column_inner width=&#8221;1\/5&#8243;]<style>.ld_icon_box_69dc29a9641b3 .lqd-iconbox-title{margin-bottom:px;}.ld_icon_box_69dc29a9641b3 p, .ld_icon_box_69dc29a9641b3 .contents{color:rgb(0, 0, 0);}.ld_icon_box_69dc29a9641b3 .iconbox-icon-container{border-radius:px;}.ld_icon_box_69dc29a9641b3 .iconbox-icon-container img,.ld_icon_box_69dc29a9641b3 .iconbox-icon-container > svg{width:80px !important;}<\/style>\n<div class=\"iconbox text-align-default iconbox-sm iconbox-heading-sm ld_icon_box_69dc29a9641b3\" id=\"ld_icon_box_69dc29a9641b3\"   >\n\t\n\t\t\t\t\t\n\t\n\t<div class=\"iconbox-icon-wrap\"><span class=\"iconbox-icon-container\"><img decoding=\"async\" src=\"https:\/\/vshowerpro.com\/wp-content\/uploads\/2024\/11\/heatlhy-skin-hair-002.png\" class=\"liquid-image-icon\" \/><\/span><\/div>\t\n\t\t\n\t<div class=\"contents\">\t\n\t\t\n\t\t<p><strong data-start=\"37\" data-end=\"52\">UNTERST\u00dcTZT<\/strong><br data-start=\"52\" data-end=\"55\" \/><strong data-start=\"55\" data-end=\"71\">GESUNDE HAUT<\/strong><br data-start=\"71\" data-end=\"74\" \/><strong data-start=\"74\" data-end=\"85\" data-is-last-node=\"\">&amp; HAARE<\/strong><\/p>\n\t\t\n\t<\/div>\t\n\t\n<\/div>\n[\/vc_column_inner][vc_column_inner width=&#8221;1\/5&#8243;][\/vc_column_inner][\/vc_row_inner][\/vc_column][\/vc_row][vc_row css=&#8221;.vc_custom_1733670920282{padding-top: 3em !important;padding-bottom: 3em !important;background-color: #d4eef9 !important;}&#8221;][vc_column][vc_row_inner content_placement=&#8221;middle&#8221; css=&#8221;.vc_custom_1733666255719{padding-top: 3em !important;}&#8221;][vc_column_inner width=&#8221;2\/3&#8243;][vc_column_text css=&#8221;.vc_custom_1733835193415{margin-top: 0px !important;margin-bottom: 0px !important;padding-top: 0px !important;padding-bottom: 10px !important;}&#8221;]<\/p>\n<h4>Benefits of Choosing a Shower Head with Filter<\/h4>\n<p>[\/vc_column_text]<style>.ld_icon_box_69dc29a964846 .lqd-iconbox-title{margin-bottom:px;}.ld_icon_box_69dc29a964846 .iconbox-icon-container{border-radius:px;}<\/style>\n<div class=\"iconbox iconbox-side text-align-default iconbox-heading-xs ld_icon_box_69dc29a964846\" id=\"ld_icon_box_69dc29a964846\"  data-animate-icon=\"true\"  >\n\t\n\t\t\t\t\t\n\t\n\t<div class=\"iconbox-icon-wrap\"><span class=\"iconbox-icon-container\"><i class=\"lqd-icn-ess icon-num-1\"><\/i><\/span><\/div>\t\n\t\t\n\t<div class=\"contents\">\t\n\t\t\n\t<h3 class=\"lqd-iconbox-title font-weight-semibold\">Weichere und besser hydratisierte Haut:<\/h3>\t<p>Der Filter entfernt Chlor und andere aggressive Chemikalien, wodurch die nat\u00fcrliche Feuchtigkeitsbarriere der Haut erhalten bleibt und Trockenheit und Reizungen verhindert werden.<\/p>\n\t\t\n\t<\/div>\t\n\t\n<\/div>\n<style>.ld_icon_box_69dc29a964b67 .lqd-iconbox-title{margin-bottom:px;}.ld_icon_box_69dc29a964b67 .iconbox-icon-container{border-radius:px;}<\/style>\n<div class=\"iconbox iconbox-side text-align-default iconbox-heading-xs ld_icon_box_69dc29a964b67\" id=\"ld_icon_box_69dc29a964b67\"  data-animate-icon=\"true\"  >\n\t\n\t\t\t\t\t\n\t\n\t<div class=\"iconbox-icon-wrap\"><span class=\"iconbox-icon-container\"><i class=\"lqd-icn-ess icon-num-2\"><\/i><\/span><\/div>\t\n\t\t\n\t<div class=\"contents\">\t\n\t\t\n\t<h3 class=\"lqd-iconbox-title font-weight-semibold\">Gl\u00e4nzenderes und ges\u00fcnderes Haar:<\/h3>\t<p>Durch die Entfernung von chemischen R\u00fcckst\u00e4nden und Schwermetallen wird das Haar weicher, leichter k\u00e4mmbar und gl\u00e4nzender \u2013 ganz ohne das Gewicht von Verunreinigungen.<\/p>\n\t\t\n\t<\/div>\t\n\t\n<\/div>\n<style>.ld_icon_box_69dc29a964e62 .lqd-iconbox-title{margin-bottom:px;}.ld_icon_box_69dc29a964e62 .iconbox-icon-container{border-radius:px;}<\/style>\n<div class=\"iconbox iconbox-side text-align-default iconbox-heading-xs ld_icon_box_69dc29a964e62\" id=\"ld_icon_box_69dc29a964e62\"  data-animate-icon=\"true\"  >\n\t\n\t\t\t\t\t\n\t\n\t<div class=\"iconbox-icon-wrap\"><span class=\"iconbox-icon-container\"><i class=\"lqd-icn-ess icon-num-3\"><\/i><\/span><\/div>\t\n\t\t\n\t<div class=\"contents\">\t\n\t\t\n\t<h3 class=\"lqd-iconbox-title font-weight-semibold\">Reduzierte Allergien und Irritationen:<\/h3>\t<p>Der Filter hilft, Allergene und Verunreinigungen im Wasser zu reduzieren, wodurch Hautunreinheiten und Irritationen, insbesondere bei empfindlicher Haut, minimiert werden.<\/p>\n\t\t\n\t<\/div>\t\n\t\n<\/div>\n<style>.ld_icon_box_69dc29a96515f .lqd-iconbox-title{margin-bottom:px;}.ld_icon_box_69dc29a96515f .iconbox-icon-container{border-radius:px;}<\/style>\n<div class=\"iconbox iconbox-side text-align-default iconbox-heading-xs ld_icon_box_69dc29a96515f\" id=\"ld_icon_box_69dc29a96515f\"  data-animate-icon=\"true\"  >\n\t\n\t\t\t\t\t\n\t\n\t<div class=\"iconbox-icon-wrap\"><span class=\"iconbox-icon-container\"><i class=\"lqd-icn-ess icon-num-4\"><\/i><\/span><\/div>\t\n\t\t\n\t<div class=\"contents\">\t\n\t\t\n\t<h3 class=\"lqd-iconbox-title font-weight-semibold\">Verbesserte Hautdurchblutung und Sauerstoffversorgung:<\/h3>\t<p>\nReines Wasser, frei von Verunreinigungen, verbessert die Sauerstoffversorgung und Durchblutung der Haut, wodurch sie ges\u00fcnder und revitalisiert wird.<\/p>\n<p>Wir empfehlen, die Filterkartusche alle 2-3 Monate auszutauschen, je nach Wasserqualit\u00e4t vor Ort.<\/p>\n\t\t\n\t<\/div>\t\n\t\n<\/div>\n[\/vc_column_inner][vc_column_inner width=&#8221;1\/3&#8243;][vc_single_image image=&#8221;7231&#8243; css=&#8221;.vc_custom_1735305259546{border-radius: 15px !important;}&#8221;][\/vc_column_inner][\/vc_row_inner][\/vc_column][\/vc_row][vc_row css=&#8221;.vc_custom_1733667131855{padding-top: 3em !important;padding-bottom: 3em !important;}&#8221;][vc_column]<style>.ld_fancy_heading_69dc29a96543d p{color:rgb(0, 0, 0);}.ld_fancy_heading_69dc29a96543d p {font-size:32px; } .ld_fancy_heading_69dc29a96543d p {line-height:1em; } .ld_fancy_heading_69dc29a96543d p {--element-line-height:1em; } .ld_fancy_heading_69dc29a96543d p {font-weight:600; } .ld_fancy_heading_69dc29a96543d p {padding-top:0px !important; padding-bottom:0px !important;  } .ld_fancy_heading_69dc29a96543d p {margin-top:0px !important; margin-bottom:0px !important;  } .ld_fancy_heading_69dc29a96543d .lqd-highlight-inner{height:0.275em!important;bottom:0px!important;}.ld_fancy_heading_69dc29a96543d p {font-size:32px; } .ld_fancy_heading_69dc29a96543d p {line-height:1em; } .ld_fancy_heading_69dc29a96543d p {--element-line-height:1em; } .ld_fancy_heading_69dc29a96543d p {font-weight:600; } .ld_fancy_heading_69dc29a96543d p {padding-top:0px !important; padding-bottom:0px !important;  } .ld_fancy_heading_69dc29a96543d p {margin-top:0px !important; margin-bottom:0px !important;  } <\/style><div class=\"ld-fancy-heading text-center ld_fancy_heading_69dc29a96543d\">\n\t<p class=\"ld-fh-element lqd-highlight-underline lqd-highlight-grow-left text-decoration-default\"   >  Drei Duschmodi<\/p><\/div>[vc_row_inner][vc_column_inner width=&#8221;1\/5&#8243;][\/vc_column_inner][vc_column_inner width=&#8221;1\/5&#8243;][vc_single_image image=&#8221;6840&#8243; alignment=&#8221;center&#8221; css=&#8221;.vc_custom_1733672779647{margin-top: 0px !important;margin-bottom: 0px !important;padding-top: 0px !important;padding-bottom: 0px !important;}&#8221;]<style>.ld_fancy_heading_69dc29a965a46 p{color:rgb(0, 0, 0);}.ld_fancy_heading_69dc29a965a46 p {font-size:18px; } .ld_fancy_heading_69dc29a965a46 p {padding-top:0px !important; padding-bottom:0px !important;  } .ld_fancy_heading_69dc29a965a46 p {margin-top:0px !important; margin-bottom:0px !important;  } .ld_fancy_heading_69dc29a965a46 .lqd-highlight-inner{height:0.275em!important;bottom:0px!important;}.ld_fancy_heading_69dc29a965a46 p {font-size:18px; } .ld_fancy_heading_69dc29a965a46 p {padding-top:0px !important; padding-bottom:0px !important;  } .ld_fancy_heading_69dc29a965a46 p {margin-top:0px !important; margin-bottom:0px !important;  } <\/style><div class=\"ld-fancy-heading text-center ld_fancy_heading_69dc29a965a46\">\n\t<p class=\"ld-fh-element lqd-highlight-underline lqd-highlight-grow-left text-decoration-default\"   >  REGENDUSCHE<\/p><\/div>[\/vc_column_inner][vc_column_inner width=&#8221;1\/5&#8243;][vc_single_image image=&#8221;6836&#8243; alignment=&#8221;center&#8221; css=&#8221;.vc_custom_1733672798213{margin-top: 0px !important;margin-bottom: 0px !important;padding-top: 0px !important;padding-bottom: 0px !important;}&#8221;]<style>.ld_fancy_heading_69dc29a966134 p{color:rgb(0, 0, 0);}.ld_fancy_heading_69dc29a966134 p {font-size:18px; } .ld_fancy_heading_69dc29a966134 p {padding-top:0px !important; padding-bottom:0px !important;  } .ld_fancy_heading_69dc29a966134 p {margin-top:0px !important; margin-bottom:0px !important;  } .ld_fancy_heading_69dc29a966134 .lqd-highlight-inner{height:0.275em!important;bottom:0px!important;}.ld_fancy_heading_69dc29a966134 p {font-size:18px; } .ld_fancy_heading_69dc29a966134 p {padding-top:0px !important; padding-bottom:0px !important;  } .ld_fancy_heading_69dc29a966134 p {margin-top:0px !important; margin-bottom:0px !important;  } <\/style><div class=\"ld-fancy-heading text-center ld_fancy_heading_69dc29a966134\">\n\t<p class=\"ld-fh-element lqd-highlight-underline lqd-highlight-grow-left text-decoration-default\"   >  MASSAGE<\/p><\/div>[\/vc_column_inner][vc_column_inner width=&#8221;1\/5&#8243;][vc_single_image image=&#8221;6840&#8243; alignment=&#8221;center&#8221; css=&#8221;.vc_custom_1733672779647{margin-top: 0px !important;margin-bottom: 0px !important;padding-top: 0px !important;padding-bottom: 0px !important;}&#8221;]<style>.ld_fancy_heading_69dc29a96652e p{color:rgb(0, 0, 0);}.ld_fancy_heading_69dc29a96652e p {font-size:18px; } .ld_fancy_heading_69dc29a96652e p {padding-top:0px !important; padding-bottom:0px !important;  } .ld_fancy_heading_69dc29a96652e p {margin-top:0px !important; margin-bottom:0px !important;  } .ld_fancy_heading_69dc29a96652e .lqd-highlight-inner{height:0.275em!important;bottom:0px!important;}.ld_fancy_heading_69dc29a96652e p {font-size:18px; } .ld_fancy_heading_69dc29a96652e p {padding-top:0px !important; padding-bottom:0px !important;  } .ld_fancy_heading_69dc29a96652e p {margin-top:0px !important; margin-bottom:0px !important;  } <\/style><div class=\"ld-fancy-heading text-center ld_fancy_heading_69dc29a96652e\">\n\t<p class=\"ld-fh-element lqd-highlight-underline lqd-highlight-grow-left text-decoration-default\"   >  KOMBI-STRahl<\/p><\/div>[\/vc_column_inner][vc_column_inner width=&#8221;1\/5&#8243;][\/vc_column_inner][\/vc_row_inner]<style>.ld_fancy_heading_69dc29a9667cf p{color:rgb(0, 0, 0);}.ld_fancy_heading_69dc29a9667cf p {font-size:18px; } .ld_fancy_heading_69dc29a9667cf p {padding-top:2em !important; padding-bottom:0px !important;  } .ld_fancy_heading_69dc29a9667cf p {margin-top:0px !important; margin-bottom:0px !important;  } .ld_fancy_heading_69dc29a9667cf .lqd-highlight-inner{height:0.275em!important;bottom:0px!important;}.ld_fancy_heading_69dc29a9667cf p {font-size:18px; } .ld_fancy_heading_69dc29a9667cf p {padding-top:2em !important; padding-bottom:0px !important;  } .ld_fancy_heading_69dc29a9667cf p {margin-top:0px !important; margin-bottom:0px !important;  } <\/style><div class=\"ld-fancy-heading text-center ld_fancy_heading_69dc29a9667cf\">\n\t<p class=\"ld-fh-element lqd-highlight-underline lqd-highlight-grow-left text-decoration-default\"   >  Passen Sie Ihre Dusche mit dem Regenmodus f\u00fcr Entspannung, dem Massagemodus f\u00fcr die Linderung von Verspannungen oder dem Mischmodus f\u00fcr ein komplettes, ausgewogenes Erlebnis an.<br \/>\n<\/p><\/div>[\/vc_column][\/vc_row][vc_row full_height=&#8221;yes&#8221; columns_placement=&#8221;middle&#8221; content_placement=&#8221;middle&#8221; css=&#8221;.vc_custom_1733672615916{margin-top: 0px !important;margin-bottom: 0px !important;padding-top: 0px !important;padding-bottom: 0px !important;background-image: url(https:\/\/vshowerpro.com\/wp-content\/uploads\/2024\/10\/CLEAN-AND-INVIGORATING2.jpg?id=6828) !important;background-position: center !important;background-repeat: no-repeat !important;background-size: cover !important;}&#8221;][vc_column][vc_row_inner css=&#8221;.vc_custom_1733667744933{background-position: center !important;background-repeat: no-repeat !important;background-size: contain !important;}&#8221;][vc_column_inner width=&#8221;1\/4&#8243; css=&#8221;.vc_custom_1733668006339{padding-top: 2em !important;}&#8221;][\/vc_column_inner][vc_column_inner width=&#8221;1\/2&#8243;]<style>.ld_fancy_heading_69dc29a966a56 h3{color:rgb(255, 255, 255);}.ld_fancy_heading_69dc29a966a56 h3 {font-size:60px; } .ld_fancy_heading_69dc29a966a56 h3 {font-weight:400; } .ld_fancy_heading_69dc29a966a56 h3 {padding-top:0px !important; padding-bottom:0px !important;  } .ld_fancy_heading_69dc29a966a56 h3 {margin-top:0px !important; margin-bottom:0px !important;  } .ld_fancy_heading_69dc29a966a56 .lqd-highlight-inner{height:0.275em!important;bottom:0px!important;}.ld_fancy_heading_69dc29a966a56 h3 {font-size:60px; } .ld_fancy_heading_69dc29a966a56 h3 {font-weight:400; } .ld_fancy_heading_69dc29a966a56 h3 {padding-top:0px !important; padding-bottom:0px !important;  } .ld_fancy_heading_69dc29a966a56 h3 {margin-top:0px !important; margin-bottom:0px !important;  } <\/style><div class=\"ld-fancy-heading text-center ld_fancy_heading_69dc29a966a56\">\n\t<h3 class=\"ld-fh-element lqd-highlight-underline lqd-highlight-grow-left text-decoration-default\"   >  SAUBER UND BELEBEND<br \/>\n<\/h3><\/div><style>.ld_fancy_heading_69dc29a966ce4 h3{color:rgb(255, 255, 255);}.ld_fancy_heading_69dc29a966ce4 h3 {font-size:36px; } .ld_fancy_heading_69dc29a966ce4 h3 {font-weight:400; } .ld_fancy_heading_69dc29a966ce4 h3 {padding-top:0px !important; padding-bottom:0px !important;  } .ld_fancy_heading_69dc29a966ce4 h3 {margin-top:0px !important; margin-bottom:0px !important;  } .ld_fancy_heading_69dc29a966ce4 .lqd-highlight-inner{height:0.275em!important;bottom:0px!important;}.ld_fancy_heading_69dc29a966ce4 h3 {font-size:36px; } .ld_fancy_heading_69dc29a966ce4 h3 {font-weight:400; } .ld_fancy_heading_69dc29a966ce4 h3 {padding-top:0px !important; padding-bottom:0px !important;  } .ld_fancy_heading_69dc29a966ce4 h3 {margin-top:0px !important; margin-bottom:0px !important;  } <\/style><div class=\"ld-fancy-heading text-center ld_fancy_heading_69dc29a966ce4\">\n\t<h3 class=\"ld-fh-element lqd-highlight-underline lqd-highlight-grow-left text-decoration-default\"   >  DUSCHERLEBNIS<\/p>\n<p><\/h3><\/div>[\/vc_column_inner][vc_column_inner width=&#8221;1\/4&#8243;][\/vc_column_inner][\/vc_row_inner][\/vc_column][\/vc_row][vc_row content_placement=&#8221;middle&#8221; css=&#8221;.vc_custom_1733671921245{padding-top: 3em !important;padding-bottom: 3em !important;}&#8221;][vc_column][vc_row_inner content_placement=&#8221;middle&#8221;][vc_column_inner width=&#8221;1\/2&#8243;][vc_single_image image=&#8221;6847&#8243;][\/vc_column_inner][vc_column_inner width=&#8221;1\/2&#8243;]<style>.ld_fancy_heading_69dc29a966f5b p{color:rgb(0, 0, 0);}.ld_fancy_heading_69dc29a966f5b p {font-size:18px; } .ld_fancy_heading_69dc29a966f5b p {padding-top:2em !important; padding-bottom:2em !important;  } .ld_fancy_heading_69dc29a966f5b p {margin-top:0px !important; margin-bottom:0px !important;  } .ld_fancy_heading_69dc29a966f5b .lqd-highlight-inner{height:0.275em!important;bottom:0px!important;}.ld_fancy_heading_69dc29a966f5b p {font-size:18px; } .ld_fancy_heading_69dc29a966f5b p {padding-top:2em !important; padding-bottom:2em !important;  } .ld_fancy_heading_69dc29a966f5b p {margin-top:0px !important; margin-bottom:0px !important;  } <\/style><div class=\"ld-fancy-heading text-center ld_fancy_heading_69dc29a966f5b\">\n\t<p class=\"ld-fh-element lqd-highlight-underline lqd-highlight-grow-left text-decoration-default\"   >  Dieses 120-mm-Duschpaneel bietet eine gro\u00dfz\u00fcgige Abdeckung f\u00fcr ein intensiveres Duscherlebnis. Die Silikond\u00fcsen erm\u00f6glichen eine einfache Reinigung und verhindern Verstopfungen, w\u00e4hrend der integrierte Kalenderring Sie daran erinnert, den Filter rechtzeitig zu wechseln. Wechseln Sie m\u00fchelos zwischen den Modi mit einem praktischen One-Touch-Knopf.<br \/>\n<\/p><\/div>[\/vc_column_inner][\/vc_row_inner][\/vc_column][\/vc_row][vc_row css=&#8221;.vc_custom_1733669868527{padding-bottom: 3em !important;}&#8221;][vc_column]<style>.ld_fancy_heading_69dc29a9671e6 h3{color:rgb(120, 181, 221);}.ld_fancy_heading_69dc29a9671e6 h3 {font-size:32px; } .ld_fancy_heading_69dc29a9671e6 h3 {padding-top:0px !important; padding-bottom:0px !important;  } .ld_fancy_heading_69dc29a9671e6 h3 {margin-top:0px !important; margin-bottom:0px !important;  } .ld_fancy_heading_69dc29a9671e6 .lqd-highlight-inner{height:0.275em!important;bottom:0px!important;}.ld_fancy_heading_69dc29a9671e6 h3 {font-size:32px; } .ld_fancy_heading_69dc29a9671e6 h3 {padding-top:0px !important; padding-bottom:0px !important;  } .ld_fancy_heading_69dc29a9671e6 h3 {margin-top:0px !important; margin-bottom:0px !important;  } <\/style><div class=\"ld-fancy-heading text-center ld_fancy_heading_69dc29a9671e6\">\n\t<h3 class=\"ld-fh-element lqd-highlight-underline lqd-highlight-grow-left text-decoration-default\"   >  Entdecken Sie den Unterschied noch heute und verwandeln Sie Ihr Duscherlebnis mit Vshower Pro\u00ae!<\/p>\n<p><\/h3><\/div>[\/vc_column][\/vc_row]<\/p>\n","protected":false},"excerpt":{"rendered":"<p><strong>ACF-FILTRATIONSTECHNOLOGIE:<\/strong> Filtert bis zu 99 % der Verunreinigungen wie Chlor, Schwermetalle und Chemikalien heraus und sorgt f\u00fcr sauberes Wasser f\u00fcr ges\u00fcnderes Haar und glattere Haut.<\/p>\n<p><strong>DREI SPR\u00dcHMODI:<\/strong> Passen Sie Ihre Dusche an: Regenmodus f\u00fcr Entspannung, Massagemodus zur Linderung von Verspannungen oder Mischmodus f\u00fcr ein ausgewogenes, vollst\u00e4ndiges Duscherlebnis.<\/p>\n<p><strong>PREMIUMQUALIT\u00c4T &amp; SILIKOND\u00dcSEN:<\/strong> Hergestellt aus langlebigen Materialien mit verstopfungsresistenten Silikond\u00fcsen, die einen gleichm\u00e4\u00dfigen Wasserfluss und eine lange Lebensdauer gew\u00e4hrleisten.<\/p>\n<p><strong>EINFACHE INSTALLATION:<\/strong> In wenigen Minuten ohne Werkzeug installiert \u2013 f\u00fcr ein schnelles und m\u00fcheloses Upgrade Ihrer Dusche.<\/p>\n<p><strong>Zertifikate:<\/strong><\/p>\n<p><img decoding=\"async\" class=\"alignnone wp-image-5118\" src=\"https:\/\/vshowerpro.com\/wp-content\/uploads\/2024\/10\/certificates-300x115.png\" alt=\"\" width=\"200\" height=\"77\" srcset=\"https:\/\/vshowerpro.com\/wp-content\/uploads\/2024\/10\/certificates-300x115.png 300w, https:\/\/vshowerpro.com\/wp-content\/uploads\/2024\/10\/certificates-1024x393.png 1024w, https:\/\/vshowerpro.com\/wp-content\/uploads\/2024\/10\/certificates.png 1372w\" sizes=\"(max-width: 200px) 100vw, 200px\" \/><\/p>\n","protected":false},"featured_media":7079,"comment_status":"open","ping_status":"closed","template":"","meta":{"rank_math_lock_modified_date":false},"product_brand":[],"product_cat":[76],"product_tag":[],"class_list":{"0":"post-7071","1":"product","2":"type-product","3":"status-publish","4":"has-post-thumbnail","6":"product_cat-duschkoepfe-mit-filter","8":"first","9":"instock","10":"taxable","11":"shipping-taxable","12":"purchasable","13":"product-type-simple"},"_links":{"self":[{"href":"https:\/\/vshowerpro.com\/de\/wp-json\/wp\/v2\/product\/7071","targetHints":{"allow":["GET"]}}],"collection":[{"href":"https:\/\/vshowerpro.com\/de\/wp-json\/wp\/v2\/product"}],"about":[{"href":"https:\/\/vshowerpro.com\/de\/wp-json\/wp\/v2\/types\/product"}],"replies":[{"embeddable":true,"href":"https:\/\/vshowerpro.com\/de\/wp-json\/wp\/v2\/comments?post=7071"}],"wp:featuredmedia":[{"embeddable":true,"href":"https:\/\/vshowerpro.com\/de\/wp-json\/wp\/v2\/media\/7079"}],"wp:attachment":[{"href":"https:\/\/vshowerpro.com\/de\/wp-json\/wp\/v2\/media?parent=7071"}],"wp:term":[{"taxonomy":"product_brand","embeddable":true,"href":"https:\/\/vshowerpro.com\/de\/wp-json\/wp\/v2\/product_brand?post=7071"},{"taxonomy":"product_cat","embeddable":true,"href":"https:\/\/vshowerpro.com\/de\/wp-json\/wp\/v2\/product_cat?post=7071"},{"taxonomy":"product_tag","embeddable":true,"href":"https:\/\/vshowerpro.com\/de\/wp-json\/wp\/v2\/product_tag?post=7071"}],"curies":[{"name":"wp","href":"https:\/\/api.w.org\/{rel}","templated":true}]}}