{"id":7170,"date":"2024-10-11T11:04:36","date_gmt":"2024-10-11T11:04:36","guid":{"rendered":"https:\/\/vshowerpro.com\/shop\/uncategorized\/shower-head-filter-model-sl001\/"},"modified":"2025-03-04T10:48:06","modified_gmt":"2025-03-04T10:48:06","slug":"filter-fuer-duschkopf","status":"publish","type":"product","link":"https:\/\/vshowerpro.com\/de\/shop\/filter-fuer-duschen\/filter-fuer-duschkopf\/","title":{"rendered":"Duschkopf-Filter f\u00fcr Duschkopf Modell SL001"},"content":{"rendered":"","protected":false},"excerpt":{"rendered":"<p><strong>SANFT ZU HAAR UND HAUT: <\/strong>Entfernt Chlor und Schwermetalle, sch\u00fctzt vor Trockenheit und Reizungen.<\/p>\n<p><strong>CHEMIEFREIE FILTRATION:<\/strong>\u00a0Der Aktivkohlefaser-Filter reinigt das Wasser ohne sch\u00e4dliche Zusatzstoffe.<\/p>\n<p><strong>LANGANHALTENDER SCHUTZ:<\/strong>\u00a0Sorgt f\u00fcr eine kontinuierliche Filtration f\u00fcr ges\u00fcnderes, weicheres Haar und glattere Haut.<\/p>\n","protected":false},"featured_media":7171,"comment_status":"open","ping_status":"closed","template":"","meta":{"rank_math_lock_modified_date":false},"product_brand":[],"product_cat":[86],"product_tag":[],"class_list":{"0":"post-7170","1":"product","2":"type-product","3":"status-publish","4":"has-post-thumbnail","6":"product_cat-filter-fuer-duschen","8":"first","9":"instock","10":"taxable","11":"shipping-taxable","12":"purchasable","13":"product-type-simple"},"_links":{"self":[{"href":"https:\/\/vshowerpro.com\/de\/wp-json\/wp\/v2\/product\/7170","targetHints":{"allow":["GET"]}}],"collection":[{"href":"https:\/\/vshowerpro.com\/de\/wp-json\/wp\/v2\/product"}],"about":[{"href":"https:\/\/vshowerpro.com\/de\/wp-json\/wp\/v2\/types\/product"}],"replies":[{"embeddable":true,"href":"https:\/\/vshowerpro.com\/de\/wp-json\/wp\/v2\/comments?post=7170"}],"wp:featuredmedia":[{"embeddable":true,"href":"https:\/\/vshowerpro.com\/de\/wp-json\/wp\/v2\/media\/7171"}],"wp:attachment":[{"href":"https:\/\/vshowerpro.com\/de\/wp-json\/wp\/v2\/media?parent=7170"}],"wp:term":[{"taxonomy":"product_brand","embeddable":true,"href":"https:\/\/vshowerpro.com\/de\/wp-json\/wp\/v2\/product_brand?post=7170"},{"taxonomy":"product_cat","embeddable":true,"href":"https:\/\/vshowerpro.com\/de\/wp-json\/wp\/v2\/product_cat?post=7170"},{"taxonomy":"product_tag","embeddable":true,"href":"https:\/\/vshowerpro.com\/de\/wp-json\/wp\/v2\/product_tag?post=7170"}],"curies":[{"name":"wp","href":"https:\/\/api.w.org\/{rel}","templated":true}]}}