{"id":5979,"date":"2024-10-03T13:38:40","date_gmt":"2024-10-03T13:38:40","guid":{"rendered":"https:\/\/vshowerpro.com\/shop\/sin%20categor\u00eda\/5-mode-booster-showerhead\/"},"modified":"2024-12-12T14:55:26","modified_gmt":"2024-12-12T14:55:26","slug":"cabezal-ducha","status":"publish","type":"product","link":"https:\/\/vshowerpro.com\/es\/shop\/alcachofa-de-ducha-con-filtro\/cabezal-ducha\/","title":{"rendered":"Alcachofa de ducha 5- Modos  Booster Ducha"},"content":{"rendered":"<p>[vc_row][vc_column][vc_column_text]<b>Vshower Pro\u00ae: Lo \u00faltimo en alcachofas de ducha con filtro para una piel y un cabello m\u00e1s sanos<\/b><\/p>\n<p><strong>La alcachofa de ducha definitivo para una piel y un cabello m\u00e1s saludables<\/strong><\/p>\n<p>Esta avanzada alcachofa de ducha incluye un filtro de carb\u00f3n activado que elimina eficazmente cloro, metales pesados y otras impurezas del agua.<\/p>\n<p><strong>Piel Suave y Sedosa<\/strong><br \/>\nCada ducha se convierte en un tratamiento intensivo de hidrataci\u00f3n, mejorando la retenci\u00f3n de humedad. Notar\u00e1s c\u00f3mo tu piel se vuelve m\u00e1s suave y tersa tras cada uso.<\/p>\n<p><strong>5 Modos de Rociado<\/strong><br \/>\nCon 5 modos de rociado \u2014lluvia, chorro, mixto, enfoque y masaje\u2014 puedes personalizar tu ducha seg\u00fan tu estado de \u00e1nimo. Ya sea que prefieras una relajante lluvia o un chorro energizante, este cabezal de ducha se adapta a tus preferencias, asegurando la ducha perfecta en todo momento.<\/p>\n<p>\u00a1Haz el cambio hoy y transforma tu experiencia de ducha con Vshower Pro![\/vc_column_text][\/vc_column][\/vc_row][vc_row][vc_column][vc_column_text][\/vc_column_text][\/vc_column][\/vc_row][vc_row css=&#8221;.vc_custom_1733670726634{padding-top: 3em !important;padding-bottom: 3em !important;background-color: #f5f5f5 !important;}&#8221;][vc_column]<style>.ld_fancy_heading_69dc29e2e27d0 h3{color:rgb(0, 0, 0);}.ld_fancy_heading_69dc29e2e27d0 h3 {font-size:54px; } .ld_fancy_heading_69dc29e2e27d0 h3 {line-height:1em; } .ld_fancy_heading_69dc29e2e27d0 h3 {--element-line-height:1em; } .ld_fancy_heading_69dc29e2e27d0 h3 {padding-top:0px !important; padding-bottom:0px !important;  } .ld_fancy_heading_69dc29e2e27d0 h3 {margin-top:0px !important; margin-bottom:0px !important;  } .ld_fancy_heading_69dc29e2e27d0 .lqd-highlight-inner{height:0.275em!important;bottom:0px!important;}.ld_fancy_heading_69dc29e2e27d0 h3 {font-size:54px; } .ld_fancy_heading_69dc29e2e27d0 h3 {line-height:1em; } .ld_fancy_heading_69dc29e2e27d0 h3 {--element-line-height:1em; } .ld_fancy_heading_69dc29e2e27d0 h3 {padding-top:0px !important; padding-bottom:0px !important;  } .ld_fancy_heading_69dc29e2e27d0 h3 {margin-top:0px !important; margin-bottom:0px !important;  } <\/style><div class=\"ld-fancy-heading text-center ld_fancy_heading_69dc29e2e27d0\">\n\t<h3 class=\"ld-fh-element lqd-highlight-underline lqd-highlight-grow-left text-decoration-default\"   >  ELEVA TU EXPERIENCIA EN LA DUCHA<\/h3><\/div><style>.ld_fancy_heading_69dc29e2e2c2a p{color:rgb(0, 0, 0);}.ld_fancy_heading_69dc29e2e2c2a p {font-size:32px; } .ld_fancy_heading_69dc29e2e2c2a p {line-height:1em; } .ld_fancy_heading_69dc29e2e2c2a p {--element-line-height:1em; } .ld_fancy_heading_69dc29e2e2c2a p {padding-top:1em !important; padding-bottom:0px !important;  } .ld_fancy_heading_69dc29e2e2c2a p {margin-top:0px !important; margin-bottom:0px !important;  } .ld_fancy_heading_69dc29e2e2c2a .lqd-highlight-inner{height:0.275em!important;bottom:0px!important;}.ld_fancy_heading_69dc29e2e2c2a p {font-size:32px; } .ld_fancy_heading_69dc29e2e2c2a p {line-height:1em; } .ld_fancy_heading_69dc29e2e2c2a p {--element-line-height:1em; } .ld_fancy_heading_69dc29e2e2c2a p {padding-top:1em !important; padding-bottom:0px !important;  } .ld_fancy_heading_69dc29e2e2c2a p {margin-top:0px !important; margin-bottom:0px !important;  } <\/style><div class=\"ld-fancy-heading text-center ld_fancy_heading_69dc29e2e2c2a\">\n\t<p class=\"ld-fh-element lqd-highlight-underline lqd-highlight-grow-left text-decoration-default\"   >  ALCACHOFA DE DUCHA DE ALTA PRESI\u00d3N<\/p><\/div>[vc_row_inner css=&#8221;.vc_custom_1733665356843{margin-top: 2em !important;padding-right: 15% !important;padding-left: 15% !important;}&#8221;][vc_column_inner width=&#8221;1\/5&#8243;][\/vc_column_inner][vc_column_inner width=&#8221;1\/5&#8243;]<style>.ld_icon_box_69dc29e2e2f19 .lqd-iconbox-title{margin-bottom:px;}.ld_icon_box_69dc29e2e2f19 p, .ld_icon_box_69dc29e2e2f19 .contents{color:rgb(0, 0, 0);}.ld_icon_box_69dc29e2e2f19 .iconbox-icon-container{border-radius:px;}.ld_icon_box_69dc29e2e2f19 .iconbox-icon-container img,.ld_icon_box_69dc29e2e2f19 .iconbox-icon-container > svg{width:80px !important;}<\/style>\n<div class=\"iconbox text-align-default iconbox-sm iconbox-heading-sm ld_icon_box_69dc29e2e2f19\" id=\"ld_icon_box_69dc29e2e2f19\"   >\n\t\n\t\t\t\t\t\n\t\n\t<div class=\"iconbox-icon-wrap\"><span class=\"iconbox-icon-container\"><img decoding=\"async\" src=\"https:\/\/vshowerpro.com\/wp-content\/uploads\/2024\/11\/reduces-hlorine-002.png\" class=\"liquid-image-icon\" \/><\/span><\/div>\t\n\t\t\n\t<div class=\"contents\">\t\n\t\t\n\t\t<p>REDUCE<br \/>\nEL CLORO, PLOMO Y<br \/>\nDEM\u00c1S CONTAMINANTES<\/p>\n\t\t\n\t<\/div>\t\n\t\n<\/div>\n[\/vc_column_inner][vc_column_inner width=&#8221;1\/5&#8243;]<style>.ld_icon_box_69dc29e2e3afb .lqd-iconbox-title{margin-bottom:px;}.ld_icon_box_69dc29e2e3afb p, .ld_icon_box_69dc29e2e3afb .contents{color:rgb(0, 0, 0);}.ld_icon_box_69dc29e2e3afb .iconbox-icon-container{border-radius:px;}.ld_icon_box_69dc29e2e3afb .iconbox-icon-container img,.ld_icon_box_69dc29e2e3afb .iconbox-icon-container > svg{width:80px !important;}<\/style>\n<div class=\"iconbox text-align-default iconbox-sm iconbox-heading-sm ld_icon_box_69dc29e2e3afb\" id=\"ld_icon_box_69dc29e2e3afb\"   >\n\t\n\t\t\t\t\t\n\t\n\t<div class=\"iconbox-icon-wrap\"><span class=\"iconbox-icon-container\"><img decoding=\"async\" src=\"https:\/\/vshowerpro.com\/wp-content\/uploads\/2024\/11\/improves-water-002.png\" class=\"liquid-image-icon\" \/><\/span><\/div>\t\n\t\t\n\t<div class=\"contents\">\t\n\t\t\n\t\t<p>MEJORA LA<br \/>\nCALIDAD<\/p>\n<p>DEL AGUA<\/p>\n\t\t\n\t<\/div>\t\n\t\n<\/div>\n[\/vc_column_inner][vc_column_inner width=&#8221;1\/5&#8243;]<style>.ld_icon_box_69dc29e2e4608 .lqd-iconbox-title{margin-bottom:px;}.ld_icon_box_69dc29e2e4608 p, .ld_icon_box_69dc29e2e4608 .contents{color:rgb(0, 0, 0);}.ld_icon_box_69dc29e2e4608 .iconbox-icon-container{border-radius:px;}.ld_icon_box_69dc29e2e4608 .iconbox-icon-container img,.ld_icon_box_69dc29e2e4608 .iconbox-icon-container > svg{width:80px !important;}<\/style>\n<div class=\"iconbox text-align-default iconbox-sm iconbox-heading-sm ld_icon_box_69dc29e2e4608\" id=\"ld_icon_box_69dc29e2e4608\"   >\n\t\n\t\t\t\t\t\n\t\n\t<div class=\"iconbox-icon-wrap\"><span class=\"iconbox-icon-container\"><img decoding=\"async\" src=\"https:\/\/vshowerpro.com\/wp-content\/uploads\/2024\/11\/heatlhy-skin-hair-002.png\" class=\"liquid-image-icon\" \/><\/span><\/div>\t\n\t\t\n\t<div class=\"contents\">\t\n\t\t\n\t\t<p>AYUDA A<br \/>\nMANTENER LA PIEL<br \/>\n&amp; EL CABELLO SANO<\/p>\n\t\t\n\t<\/div>\t\n\t\n<\/div>\n[\/vc_column_inner][vc_column_inner width=&#8221;1\/5&#8243;][\/vc_column_inner][\/vc_row_inner][\/vc_column][\/vc_row][vc_row css=&#8221;.vc_custom_1733670920282{padding-top: 3em !important;padding-bottom: 3em !important;background-color: #d4eef9 !important;}&#8221;][vc_column][vc_row_inner content_placement=&#8221;middle&#8221; css=&#8221;.vc_custom_1733666255719{padding-top: 3em !important;}&#8221;][vc_column_inner width=&#8221;2\/3&#8243;][vc_column_text css=&#8221;.vc_custom_1733993910051{margin-top: 0px !important;margin-bottom: 0px !important;padding-top: 0px !important;padding-bottom: 10px !important;}&#8221;]<\/p>\n<h4>Ventajas de elegir una alcachofa de ducha con filtro de carb\u00f3n AFC<\/h4>\n<p>[\/vc_column_text]<style>.ld_icon_box_69dc29e2e4fdc .lqd-iconbox-title{margin-bottom:px;}.ld_icon_box_69dc29e2e4fdc .iconbox-icon-container{border-radius:px;}<\/style>\n<div class=\"iconbox iconbox-side text-align-default iconbox-heading-xs ld_icon_box_69dc29e2e4fdc\" id=\"ld_icon_box_69dc29e2e4fdc\"  data-animate-icon=\"true\"  >\n\t\n\t\t\t\t\t\n\t\n\t<div class=\"iconbox-icon-wrap\"><span class=\"iconbox-icon-container\"><i class=\"lqd-icn-ess icon-num-1\"><\/i><\/span><\/div>\t\n\t\t\n\t<div class=\"contents\">\t\n\t\t\n\t<h3 class=\"lqd-iconbox-title font-weight-semibold\">Piel m\u00e1s suave e hidratada:<\/h3>\t<p>El filtro ACF elimina el cloro y otros productos qu\u00edmicos agresivos, ayudando a mantener la barrera de hidrataci\u00f3n natural de la piel, evitando la sequedad y la irritaci\u00f3n del pelo y de la piel.<\/p>\n\t\t\n\t<\/div>\t\n\t\n<\/div>\n<style>.ld_icon_box_69dc29e2e531c .lqd-iconbox-title{margin-bottom:px;}.ld_icon_box_69dc29e2e531c .iconbox-icon-container{border-radius:px;}<\/style>\n<div class=\"iconbox iconbox-side text-align-default iconbox-heading-xs ld_icon_box_69dc29e2e531c\" id=\"ld_icon_box_69dc29e2e531c\"  data-animate-icon=\"true\"  >\n\t\n\t\t\t\t\t\n\t\n\t<div class=\"iconbox-icon-wrap\"><span class=\"iconbox-icon-container\"><i class=\"lqd-icn-ess icon-num-2\"><\/i><\/span><\/div>\t\n\t\t\n\t<div class=\"contents\">\t\n\t\t\n\t<h3 class=\"lqd-iconbox-title font-weight-semibold\">Cabello m\u00e1s sano y brillante:<\/h3>\t<p>Al eliminar los residuos qu\u00edmicos y los metales pesados, el cabello se vuelve m\u00e1s suave, manejable y brillante sin el peso de las impurezas.<\/p>\n\t\t\n\t<\/div>\t\n\t\n<\/div>\n<style>.ld_icon_box_69dc29e2e5608 .lqd-iconbox-title{margin-bottom:px;}.ld_icon_box_69dc29e2e5608 .iconbox-icon-container{border-radius:px;}<\/style>\n<div class=\"iconbox iconbox-side text-align-default iconbox-heading-xs ld_icon_box_69dc29e2e5608\" id=\"ld_icon_box_69dc29e2e5608\"  data-animate-icon=\"true\"  >\n\t\n\t\t\t\t\t\n\t\n\t<div class=\"iconbox-icon-wrap\"><span class=\"iconbox-icon-container\"><i class=\"lqd-icn-ess icon-num-3\"><\/i><\/span><\/div>\t\n\t\t\n\t<div class=\"contents\">\t\n\t\t\n\t<h3 class=\"lqd-iconbox-title font-weight-semibold\">Reduce alergias e irritaciones:<\/h3>\t<p>El filtro ayuda a reducir los al\u00e9rgenos y las impurezas del agua, minimizando la aparici\u00f3n de brotes o irritaciones cut\u00e1neas, especialmente en pieles sensibles.<\/p>\n\t\t\n\t<\/div>\t\n\t\n<\/div>\n<style>.ld_icon_box_69dc29e2e58fb .lqd-iconbox-title{margin-bottom:px;}.ld_icon_box_69dc29e2e58fb .iconbox-icon-container{border-radius:px;}<\/style>\n<div class=\"iconbox iconbox-side text-align-default iconbox-heading-xs ld_icon_box_69dc29e2e58fb\" id=\"ld_icon_box_69dc29e2e58fb\"  data-animate-icon=\"true\"  >\n\t\n\t\t\t\t\t\n\t\n\t<div class=\"iconbox-icon-wrap\"><span class=\"iconbox-icon-container\"><i class=\"lqd-icn-ess icon-num-4\"><\/i><\/span><\/div>\t\n\t\t\n\t<div class=\"contents\">\t\n\t\t\n\t<h3 class=\"lqd-iconbox-title font-weight-semibold\">Mejora la circulaci\u00f3n y la oxigenaci\u00f3n de la piel:<\/h3>\t<p>El agua purificada, libre de impurezas, mejora la oxigenaci\u00f3n y la circulaci\u00f3n de la piel, dej\u00e1ndola m\u00e1s sana y revitalizada.<\/p>\n\t\t\n\t<\/div>\t\n\t\n<\/div>\n[\/vc_column_inner][vc_column_inner width=&#8221;1\/3&#8243;][vc_single_image image=&#8221;6864&#8243; css=&#8221;.vc_custom_1734015313361{border-radius: 15px !important;}&#8221;][\/vc_column_inner][\/vc_row_inner][\/vc_column][\/vc_row][vc_row css=&#8221;.vc_custom_1733667131855{padding-top: 3em !important;padding-bottom: 3em !important;}&#8221;][vc_column]<style>.ld_fancy_heading_69dc29e2e5bc3 p{color:rgb(0, 0, 0);}.ld_fancy_heading_69dc29e2e5bc3 p {font-size:32px; } .ld_fancy_heading_69dc29e2e5bc3 p {line-height:1em; } .ld_fancy_heading_69dc29e2e5bc3 p {--element-line-height:1em; } .ld_fancy_heading_69dc29e2e5bc3 p {font-weight:600; } .ld_fancy_heading_69dc29e2e5bc3 p {padding-top:0px !important; padding-bottom:0px !important;  } .ld_fancy_heading_69dc29e2e5bc3 p {margin-top:0px !important; margin-bottom:0px !important;  } .ld_fancy_heading_69dc29e2e5bc3 .lqd-highlight-inner{height:0.275em!important;bottom:0px!important;}.ld_fancy_heading_69dc29e2e5bc3 p {font-size:32px; } .ld_fancy_heading_69dc29e2e5bc3 p {line-height:1em; } .ld_fancy_heading_69dc29e2e5bc3 p {--element-line-height:1em; } .ld_fancy_heading_69dc29e2e5bc3 p {font-weight:600; } .ld_fancy_heading_69dc29e2e5bc3 p {padding-top:0px !important; padding-bottom:0px !important;  } .ld_fancy_heading_69dc29e2e5bc3 p {margin-top:0px !important; margin-bottom:0px !important;  } <\/style><div class=\"ld-fancy-heading text-center ld_fancy_heading_69dc29e2e5bc3\">\n\t<p class=\"ld-fh-element lqd-highlight-underline lqd-highlight-grow-left text-decoration-default\"   >  5\u00a0 MODOS DE PULVERIZACI\u00d3N<\/p><\/div>[vc_row_inner][vc_column_inner][vc_single_image image=&#8221;6816&#8243; alignment=&#8221;center&#8221; css=&#8221;.vc_custom_1733672252667{margin-top: 0px !important;margin-bottom: 0px !important;padding-top: 0px !important;padding-bottom: 0px !important;}&#8221;][\/vc_column_inner][\/vc_row_inner]<style>.ld_fancy_heading_69dc29e2e61c9 p{color:rgb(0, 0, 0);}.ld_fancy_heading_69dc29e2e61c9 p {font-size:18px; } .ld_fancy_heading_69dc29e2e61c9 p {padding-top:0px !important; padding-bottom:0px !important;  } .ld_fancy_heading_69dc29e2e61c9 p {margin-top:0px !important; margin-bottom:0px !important;  } .ld_fancy_heading_69dc29e2e61c9 .lqd-highlight-inner{height:0.275em!important;bottom:0px!important;}.ld_fancy_heading_69dc29e2e61c9 p {font-size:18px; } .ld_fancy_heading_69dc29e2e61c9 p {padding-top:0px !important; padding-bottom:0px !important;  } .ld_fancy_heading_69dc29e2e61c9 p {margin-top:0px !important; margin-bottom:0px !important;  } <\/style><div class=\"ld-fancy-heading text-center ld_fancy_heading_69dc29e2e61c9\">\n\t<p class=\"ld-fh-element lqd-highlight-underline lqd-highlight-grow-left text-decoration-default\"   >  Personaliza tu ducha con cinco opciones de pulverizaci\u00f3n: lluvia, chorro, combinado, enfoque y masaje, que se adaptan a tu estado de \u00e1nimo.<\/p><\/div>[\/vc_column][\/vc_row][vc_row full_height=&#8221;yes&#8221; columns_placement=&#8221;middle&#8221; content_placement=&#8221;middle&#8221; css=&#8221;.vc_custom_1733671553109{margin-top: 0px !important;margin-bottom: 0px !important;padding-top: 0px !important;padding-bottom: 0px !important;background-image: url(https:\/\/vshowerpro.com\/wp-content\/uploads\/2024\/10\/CLEAN-AND-INVIGORATING.jpg?id=6820) !important;background-position: center !important;background-repeat: no-repeat !important;background-size: cover !important;}&#8221;][vc_column][vc_row_inner css=&#8221;.vc_custom_1733667744933{background-position: center !important;background-repeat: no-repeat !important;background-size: contain !important;}&#8221;][vc_column_inner width=&#8221;1\/4&#8243; css=&#8221;.vc_custom_1733668006339{padding-top: 2em !important;}&#8221;][\/vc_column_inner][vc_column_inner width=&#8221;1\/2&#8243;]<style>.ld_fancy_heading_69dc29e2e694c h3{color:rgb(255, 255, 255);}.ld_fancy_heading_69dc29e2e694c h3 {font-size:60px; } .ld_fancy_heading_69dc29e2e694c h3 {font-weight:400; } .ld_fancy_heading_69dc29e2e694c h3 {padding-top:0px !important; padding-bottom:0px !important;  } .ld_fancy_heading_69dc29e2e694c h3 {margin-top:0px !important; margin-bottom:0px !important;  } .ld_fancy_heading_69dc29e2e694c .lqd-highlight-inner{height:0.275em!important;bottom:0px!important;}.ld_fancy_heading_69dc29e2e694c h3 {font-size:60px; } .ld_fancy_heading_69dc29e2e694c h3 {font-weight:400; } .ld_fancy_heading_69dc29e2e694c h3 {padding-top:0px !important; padding-bottom:0px !important;  } .ld_fancy_heading_69dc29e2e694c h3 {margin-top:0px !important; margin-bottom:0px !important;  } <\/style><div class=\"ld-fancy-heading text-center ld_fancy_heading_69dc29e2e694c\">\n\t<h3 class=\"ld-fh-element lqd-highlight-underline lqd-highlight-grow-left text-decoration-default\"   >  LIMPIA Y TONIFICA<\/h3><\/div><style>.ld_fancy_heading_69dc29e2e6d32 h3{color:rgb(255, 255, 255);}.ld_fancy_heading_69dc29e2e6d32 h3 {font-size:36px; } .ld_fancy_heading_69dc29e2e6d32 h3 {font-weight:400; } .ld_fancy_heading_69dc29e2e6d32 h3 {padding-top:0px !important; padding-bottom:0px !important;  } .ld_fancy_heading_69dc29e2e6d32 h3 {margin-top:0px !important; margin-bottom:0px !important;  } .ld_fancy_heading_69dc29e2e6d32 .lqd-highlight-inner{height:0.275em!important;bottom:0px!important;}.ld_fancy_heading_69dc29e2e6d32 h3 {font-size:36px; } .ld_fancy_heading_69dc29e2e6d32 h3 {font-weight:400; } .ld_fancy_heading_69dc29e2e6d32 h3 {padding-top:0px !important; padding-bottom:0px !important;  } .ld_fancy_heading_69dc29e2e6d32 h3 {margin-top:0px !important; margin-bottom:0px !important;  } <\/style><div class=\"ld-fancy-heading text-center ld_fancy_heading_69dc29e2e6d32\">\n\t<h3 class=\"ld-fh-element lqd-highlight-underline lqd-highlight-grow-left text-decoration-default\"   >  EXPERIENCIA DE DUCHA<\/h3><\/div>[\/vc_column_inner][vc_column_inner width=&#8221;1\/4&#8243;][\/vc_column_inner][\/vc_row_inner][\/vc_column][\/vc_row][vc_row content_placement=&#8221;middle&#8221; css=&#8221;.vc_custom_1733671921245{padding-top: 3em !important;padding-bottom: 3em !important;}&#8221;][vc_column][vc_row_inner content_placement=&#8221;middle&#8221;][vc_column_inner width=&#8221;1\/2&#8243;][vc_single_image image=&#8221;6824&#8243;][\/vc_column_inner][vc_column_inner width=&#8221;1\/2&#8243;]<style>.ld_fancy_heading_69dc29e2e6fd3 p{color:rgb(0, 0, 0);}.ld_fancy_heading_69dc29e2e6fd3 p {font-size:18px; } .ld_fancy_heading_69dc29e2e6fd3 p {padding-top:2em !important; padding-bottom:2em !important;  } .ld_fancy_heading_69dc29e2e6fd3 p {margin-top:0px !important; margin-bottom:0px !important;  } .ld_fancy_heading_69dc29e2e6fd3 .lqd-highlight-inner{height:0.275em!important;bottom:0px!important;}.ld_fancy_heading_69dc29e2e6fd3 p {font-size:18px; } .ld_fancy_heading_69dc29e2e6fd3 p {padding-top:2em !important; padding-bottom:2em !important;  } .ld_fancy_heading_69dc29e2e6fd3 p {margin-top:0px !important; margin-bottom:0px !important;  } <\/style><div class=\"ld-fancy-heading text-center ld_fancy_heading_69dc29e2e6fd3\">\n\t<p class=\"ld-fh-element lqd-highlight-underline lqd-highlight-grow-left text-decoration-default\"   >  Este panel de ducha de 120 mm ofrece una amplia zona de cobertura para una experiencia de ducha m\u00e1s envolvente. Cambia f\u00e1cilmente de un modo a otro con un c\u00f3modo bot\u00f3n de un solo toque.<\/p><\/div>[\/vc_column_inner][\/vc_row_inner][\/vc_column][\/vc_row][vc_row css=&#8221;.vc_custom_1733669868527{padding-bottom: 3em !important;}&#8221;][vc_column]<style>.ld_fancy_heading_69dc29e2e7260 h3{color:rgb(120, 181, 221);}.ld_fancy_heading_69dc29e2e7260 h3 {font-size:32px; } .ld_fancy_heading_69dc29e2e7260 h3 {padding-top:0px !important; padding-bottom:0px !important;  } .ld_fancy_heading_69dc29e2e7260 h3 {margin-top:0px !important; margin-bottom:0px !important;  } .ld_fancy_heading_69dc29e2e7260 .lqd-highlight-inner{height:0.275em!important;bottom:0px!important;}.ld_fancy_heading_69dc29e2e7260 h3 {font-size:32px; } .ld_fancy_heading_69dc29e2e7260 h3 {padding-top:0px !important; padding-bottom:0px !important;  } .ld_fancy_heading_69dc29e2e7260 h3 {margin-top:0px !important; margin-bottom:0px !important;  } <\/style><div class=\"ld-fancy-heading text-center ld_fancy_heading_69dc29e2e7260\">\n\t<h3 class=\"ld-fh-element lqd-highlight-underline lqd-highlight-grow-left text-decoration-default\"   >  Descubre hoy mismo la diferencia y transforma tu experiencia de ducha con Vshower Pro\u00ae.<\/h3><\/div>[\/vc_column][\/vc_row]<\/p>\n","protected":false},"excerpt":{"rendered":"<p><strong>FILTRACI\u00d3N AVANZADA:<\/strong> Equipado con un filtro de carb\u00f3n activado que elimina cloro y metales pesados, protege tu piel y cabello del agua dura, dej\u00e1ndolos m\u00e1s suaves y saludables.<\/p>\n<p><strong>ALTA PRESI\u00d3N:<\/strong> Disfruta de un flujo potente y revitalizante que transforma tu rutina diaria, aumentando la presi\u00f3n del agua mientras ahorras en su consumo.<\/p>\n<p><strong>5 MODOS DE ROCIADO:<\/strong> Personaliza tu ducha con cinco opciones: lluvia, chorro, mixto, enfoque y masaje, dise\u00f1adas para adaptarse a tu estado de \u00e1nimo.<\/p>\n<p><strong>F\u00c1CIL INSTALACI\u00d3N:<\/strong> Coloca el cabezal de ducha en minutos, sin necesidad de herramientas ni complicaciones.<\/p>\n<p><b>Certificados:<\/b><br \/>\n<img decoding=\"async\" class=\"alignnone wp-image-5118\" src=\"https:\/\/vshowerpro.com\/wp-content\/uploads\/2024\/10\/certificates-300x115.png\" alt=\"\" width=\"200\" height=\"77\" srcset=\"https:\/\/vshowerpro.com\/wp-content\/uploads\/2024\/10\/certificates-300x115.png 300w, https:\/\/vshowerpro.com\/wp-content\/uploads\/2024\/10\/certificates-1024x393.png 1024w, https:\/\/vshowerpro.com\/wp-content\/uploads\/2024\/10\/certificates.png 1372w\" sizes=\"(max-width: 200px) 100vw, 200px\" \/><\/p>\n","protected":false},"featured_media":6019,"comment_status":"open","ping_status":"closed","template":"","meta":{"rank_math_lock_modified_date":false},"product_brand":[],"product_cat":[53],"product_tag":[],"class_list":{"0":"post-5979","1":"product","2":"type-product","3":"status-publish","4":"has-post-thumbnail","6":"product_cat-alcachofa-de-ducha-con-filtro","8":"first","9":"instock","10":"taxable","11":"shipping-taxable","12":"purchasable","13":"product-type-simple"},"_links":{"self":[{"href":"https:\/\/vshowerpro.com\/es\/wp-json\/wp\/v2\/product\/5979","targetHints":{"allow":["GET"]}}],"collection":[{"href":"https:\/\/vshowerpro.com\/es\/wp-json\/wp\/v2\/product"}],"about":[{"href":"https:\/\/vshowerpro.com\/es\/wp-json\/wp\/v2\/types\/product"}],"replies":[{"embeddable":true,"href":"https:\/\/vshowerpro.com\/es\/wp-json\/wp\/v2\/comments?post=5979"}],"wp:featuredmedia":[{"embeddable":true,"href":"https:\/\/vshowerpro.com\/es\/wp-json\/wp\/v2\/media\/6019"}],"wp:attachment":[{"href":"https:\/\/vshowerpro.com\/es\/wp-json\/wp\/v2\/media?parent=5979"}],"wp:term":[{"taxonomy":"product_brand","embeddable":true,"href":"https:\/\/vshowerpro.com\/es\/wp-json\/wp\/v2\/product_brand?post=5979"},{"taxonomy":"product_cat","embeddable":true,"href":"https:\/\/vshowerpro.com\/es\/wp-json\/wp\/v2\/product_cat?post=5979"},{"taxonomy":"product_tag","embeddable":true,"href":"https:\/\/vshowerpro.com\/es\/wp-json\/wp\/v2\/product_tag?post=5979"}],"curies":[{"name":"wp","href":"https:\/\/api.w.org\/{rel}","templated":true}]}}