{"id":5983,"date":"2024-10-03T13:44:03","date_gmt":"2024-10-03T13:44:03","guid":{"rendered":"https:\/\/vshowerpro.com\/shop\/sin%20categor\u00eda\/3-mode-water-saving-shower-head\/"},"modified":"2024-12-13T09:46:30","modified_gmt":"2024-12-13T09:46:30","slug":"ducha","status":"publish","type":"product","link":"https:\/\/vshowerpro.com\/es\/shop\/alcachofa-de-ducha-con-filtro\/ducha\/","title":{"rendered":"Alcachofa de ducha 3- Modos Ducha de bajo consumo"},"content":{"rendered":"<p>[vc_row][vc_column][vc_column_text]<b>Vshower Pro\u00ae: La Revoluci\u00f3n en Alcachofas de Ducha con Filtro para una Piel y Cabello m\u00e1s Sanos<\/b><\/p>\n<p><strong>Alcachofa de Ducha con Filtro de Carb\u00f3n Activo<\/strong><\/p>\n<p>Alcachofa de ducha cuenta con un avanzado filtro de carb\u00f3n activado que elimina cloro, metales pesados y otras impurezas del agua, protegiendo tu piel y cabello de los efectos da\u00f1inos del agua dura.<\/p>\n<p><strong>Piel Suave y Sedosa<\/strong><br \/>\nCada ducha se convierte en un tratamiento intensivo de hidrataci\u00f3n, mejorando la retenci\u00f3n de humedad. Notar\u00e1s c\u00f3mo tu piel se vuelve m\u00e1s suave y tersa tras cada uso.<\/p>\n<p><strong>3 Modos de Rociado<\/strong><br \/>\nCon 3 modos de rociado \u2014modo enfoque para una limpieza intensa, modo lluvia para una sensaci\u00f3n relajante y modo mixto para una experiencia equilibrada\u2014 puedes ajustar tu ducha seg\u00fan tu estado de \u00e1nimo.<\/p>\n<p><strong>\u00bfPor qu\u00e9 elegir Vshower Pro\u00ae?<\/strong><br \/>\nNuestra alcachofa de ducha de alta presi\u00f3n asegura una piel y cabello limpios y cuidados, con materiales duraderos y ecol\u00f3gicos que optimizan el uso del agua y la comodidad.[\/vc_column_text][\/vc_column][\/vc_row][vc_row css=&#8221;.vc_custom_1733670726634{padding-top: 3em !important;padding-bottom: 3em !important;background-color: #f5f5f5 !important;}&#8221;][vc_column]<style>.ld_fancy_heading_69dc29e1d8aa1 h3{color:rgb(0, 0, 0);}.ld_fancy_heading_69dc29e1d8aa1 h3 {font-size:54px; } .ld_fancy_heading_69dc29e1d8aa1 h3 {padding-top:0px !important; padding-bottom:0px !important;  } .ld_fancy_heading_69dc29e1d8aa1 h3 {margin-top:0px !important; margin-bottom:0px !important;  } .ld_fancy_heading_69dc29e1d8aa1 .lqd-highlight-inner{height:0.275em!important;bottom:0px!important;}.ld_fancy_heading_69dc29e1d8aa1 h3 {font-size:54px; } .ld_fancy_heading_69dc29e1d8aa1 h3 {padding-top:0px !important; padding-bottom:0px !important;  } .ld_fancy_heading_69dc29e1d8aa1 h3 {margin-top:0px !important; margin-bottom:0px !important;  } <\/style><div class=\"ld-fancy-heading text-center ld_fancy_heading_69dc29e1d8aa1\">\n\t<h3 class=\"ld-fh-element lqd-highlight-underline lqd-highlight-grow-left text-decoration-default\"   >  AHORRO DE AGUA<\/h3><\/div><style>.ld_fancy_heading_69dc29e1d8ed2 p{color:rgb(0, 0, 0);}.ld_fancy_heading_69dc29e1d8ed2 p {font-size:32px; } .ld_fancy_heading_69dc29e1d8ed2 p {line-height:1em; } .ld_fancy_heading_69dc29e1d8ed2 p {--element-line-height:1em; } .ld_fancy_heading_69dc29e1d8ed2 p {padding-top:1em !important; padding-bottom:0px !important;  } .ld_fancy_heading_69dc29e1d8ed2 p {margin-top:0px !important; margin-bottom:0px !important;  } .ld_fancy_heading_69dc29e1d8ed2 .lqd-highlight-inner{height:0.275em!important;bottom:0px!important;}.ld_fancy_heading_69dc29e1d8ed2 p {font-size:32px; } .ld_fancy_heading_69dc29e1d8ed2 p {line-height:1em; } .ld_fancy_heading_69dc29e1d8ed2 p {--element-line-height:1em; } .ld_fancy_heading_69dc29e1d8ed2 p {padding-top:1em !important; padding-bottom:0px !important;  } .ld_fancy_heading_69dc29e1d8ed2 p {margin-top:0px !important; margin-bottom:0px !important;  } <\/style><div class=\"ld-fancy-heading text-center ld_fancy_heading_69dc29e1d8ed2\">\n\t<p class=\"ld-fh-element lqd-highlight-underline lqd-highlight-grow-left text-decoration-default\"   >  DISE\u00d1O PARA AUMENTAR LA PRESI\u00d3N<\/p><\/div>[vc_row_inner css=&#8221;.vc_custom_1733665356843{margin-top: 2em !important;padding-right: 15% !important;padding-left: 15% !important;}&#8221;][vc_column_inner width=&#8221;1\/5&#8243;][\/vc_column_inner][vc_column_inner width=&#8221;1\/5&#8243;]<style>.ld_icon_box_69dc29e1d91e6 .lqd-iconbox-title{margin-bottom:px;}.ld_icon_box_69dc29e1d91e6 p, .ld_icon_box_69dc29e1d91e6 .contents{color:rgb(0, 0, 0);}.ld_icon_box_69dc29e1d91e6 .iconbox-icon-container{border-radius:px;}.ld_icon_box_69dc29e1d91e6 .iconbox-icon-container img,.ld_icon_box_69dc29e1d91e6 .iconbox-icon-container > svg{width:80px !important;}<\/style>\n<div class=\"iconbox text-align-default iconbox-sm iconbox-heading-sm ld_icon_box_69dc29e1d91e6\" id=\"ld_icon_box_69dc29e1d91e6\"   >\n\t\n\t\t\t\t\t\n\t\n\t<div class=\"iconbox-icon-wrap\"><span class=\"iconbox-icon-container\"><img decoding=\"async\" src=\"https:\/\/vshowerpro.com\/wp-content\/uploads\/2024\/11\/reduces-hlorine-002.png\" class=\"liquid-image-icon\" \/><\/span><\/div>\t\n\t\t\n\t<div class=\"contents\">\t\n\t\t\n\t\t<p>REDUCE<br \/>\nEL CLORO, PLOMO Y<br \/>\nDEM\u00c1S CONTAMINANTES<\/p>\n\t\t\n\t<\/div>\t\n\t\n<\/div>\n[\/vc_column_inner][vc_column_inner width=&#8221;1\/5&#8243;]<style>.ld_icon_box_69dc29e1d9dac .lqd-iconbox-title{margin-bottom:px;}.ld_icon_box_69dc29e1d9dac p, .ld_icon_box_69dc29e1d9dac .contents{color:rgb(0, 0, 0);}.ld_icon_box_69dc29e1d9dac .iconbox-icon-container{border-radius:px;}.ld_icon_box_69dc29e1d9dac .iconbox-icon-container img,.ld_icon_box_69dc29e1d9dac .iconbox-icon-container > svg{width:80px !important;}<\/style>\n<div class=\"iconbox text-align-default iconbox-sm iconbox-heading-sm ld_icon_box_69dc29e1d9dac\" id=\"ld_icon_box_69dc29e1d9dac\"   >\n\t\n\t\t\t\t\t\n\t\n\t<div class=\"iconbox-icon-wrap\"><span class=\"iconbox-icon-container\"><img decoding=\"async\" src=\"https:\/\/vshowerpro.com\/wp-content\/uploads\/2024\/11\/improves-water-002.png\" class=\"liquid-image-icon\" \/><\/span><\/div>\t\n\t\t\n\t<div class=\"contents\">\t\n\t\t\n\t\t<p>MEJORA LA<br \/>\nCALIDAD<\/p>\n<p>DEL AGUA<\/p>\n\t\t\n\t<\/div>\t\n\t\n<\/div>\n[\/vc_column_inner][vc_column_inner width=&#8221;1\/5&#8243;]<style>.ld_icon_box_69dc29e1da7f7 .lqd-iconbox-title{margin-bottom:px;}.ld_icon_box_69dc29e1da7f7 p, .ld_icon_box_69dc29e1da7f7 .contents{color:rgb(0, 0, 0);}.ld_icon_box_69dc29e1da7f7 .iconbox-icon-container{border-radius:px;}.ld_icon_box_69dc29e1da7f7 .iconbox-icon-container img,.ld_icon_box_69dc29e1da7f7 .iconbox-icon-container > svg{width:80px !important;}<\/style>\n<div class=\"iconbox text-align-default iconbox-sm iconbox-heading-sm ld_icon_box_69dc29e1da7f7\" id=\"ld_icon_box_69dc29e1da7f7\"   >\n\t\n\t\t\t\t\t\n\t\n\t<div class=\"iconbox-icon-wrap\"><span class=\"iconbox-icon-container\"><img decoding=\"async\" src=\"https:\/\/vshowerpro.com\/wp-content\/uploads\/2024\/11\/heatlhy-skin-hair-002.png\" class=\"liquid-image-icon\" \/><\/span><\/div>\t\n\t\t\n\t<div class=\"contents\">\t\n\t\t\n\t\t<p>AYUDA A<br \/>\nMANTENER LA PIEL<br \/>\n&amp; EL CABELLO SANO<\/p>\n\t\t\n\t<\/div>\t\n\t\n<\/div>\n[\/vc_column_inner][vc_column_inner width=&#8221;1\/5&#8243;][\/vc_column_inner][\/vc_row_inner][\/vc_column][\/vc_row][vc_row css=&#8221;.vc_custom_1733670920282{padding-top: 3em !important;padding-bottom: 3em !important;background-color: #d4eef9 !important;}&#8221;][vc_column][vc_row_inner content_placement=&#8221;middle&#8221; css=&#8221;.vc_custom_1733666255719{padding-top: 3em !important;}&#8221;][vc_column_inner width=&#8221;2\/3&#8243;][vc_column_text css=&#8221;.vc_custom_1733994792180{margin-top: 0px !important;margin-bottom: 0px !important;padding-top: 0px !important;padding-bottom: 10px !important;}&#8221;]<\/p>\n<h4>Ventajas de elegir una alcachofa de ducha con filtro de carb\u00f3n AFC<\/h4>\n<p>[\/vc_column_text]<style>.ld_icon_box_69dc29e1dae47 .lqd-iconbox-title{margin-bottom:px;}.ld_icon_box_69dc29e1dae47 .iconbox-icon-container{border-radius:px;}<\/style>\n<div class=\"iconbox iconbox-side text-align-default iconbox-heading-xs ld_icon_box_69dc29e1dae47\" id=\"ld_icon_box_69dc29e1dae47\"  data-animate-icon=\"true\"  >\n\t\n\t\t\t\t\t\n\t\n\t<div class=\"iconbox-icon-wrap\"><span class=\"iconbox-icon-container\"><i class=\"lqd-icn-ess icon-num-1\"><\/i><\/span><\/div>\t\n\t\t\n\t<div class=\"contents\">\t\n\t\t\n\t<h3 class=\"lqd-iconbox-title font-weight-semibold\">Piel m\u00e1s suave e hidratada:<\/h3>\t<p>El filtro ACF elimina el cloro y otros productos qu\u00edmicos agresivos, ayudando a mantener la barrera de hidrataci\u00f3n natural de la piel, evitando la sequedad y la irritaci\u00f3n del pelo y de la piel.<\/p>\n\t\t\n\t<\/div>\t\n\t\n<\/div>\n<style>.ld_icon_box_69dc29e1db1b7 .lqd-iconbox-title{margin-bottom:px;}.ld_icon_box_69dc29e1db1b7 .iconbox-icon-container{border-radius:px;}<\/style>\n<div class=\"iconbox iconbox-side text-align-default iconbox-heading-xs ld_icon_box_69dc29e1db1b7\" id=\"ld_icon_box_69dc29e1db1b7\"  data-animate-icon=\"true\"  >\n\t\n\t\t\t\t\t\n\t\n\t<div class=\"iconbox-icon-wrap\"><span class=\"iconbox-icon-container\"><i class=\"lqd-icn-ess icon-num-2\"><\/i><\/span><\/div>\t\n\t\t\n\t<div class=\"contents\">\t\n\t\t\n\t<h3 class=\"lqd-iconbox-title font-weight-semibold\">Cabello m\u00e1s sano y brillante:<\/h3>\t<p>Al eliminar los residuos qu\u00edmicos y los metales pesados, el cabello se vuelve m\u00e1s suave, manejable y brillante sin el peso de las impurezas.<\/p>\n\t\t\n\t<\/div>\t\n\t\n<\/div>\n<style>.ld_icon_box_69dc29e1db4d9 .lqd-iconbox-title{margin-bottom:px;}.ld_icon_box_69dc29e1db4d9 .iconbox-icon-container{border-radius:px;}<\/style>\n<div class=\"iconbox iconbox-side text-align-default iconbox-heading-xs ld_icon_box_69dc29e1db4d9\" id=\"ld_icon_box_69dc29e1db4d9\"  data-animate-icon=\"true\"  >\n\t\n\t\t\t\t\t\n\t\n\t<div class=\"iconbox-icon-wrap\"><span class=\"iconbox-icon-container\"><i class=\"lqd-icn-ess icon-num-3\"><\/i><\/span><\/div>\t\n\t\t\n\t<div class=\"contents\">\t\n\t\t\n\t<h3 class=\"lqd-iconbox-title font-weight-semibold\">Reduce alergias e irritaciones:<\/h3>\t<p>El filtro ayuda a reducir los al\u00e9rgenos y las impurezas del agua, minimizando la aparici\u00f3n de brotes o irritaciones cut\u00e1neas, especialmente en pieles sensibles.<\/p>\n\t\t\n\t<\/div>\t\n\t\n<\/div>\n<style>.ld_icon_box_69dc29e1db7fd .lqd-iconbox-title{margin-bottom:px;}.ld_icon_box_69dc29e1db7fd .iconbox-icon-container{border-radius:px;}<\/style>\n<div class=\"iconbox iconbox-side text-align-default iconbox-heading-xs ld_icon_box_69dc29e1db7fd\" id=\"ld_icon_box_69dc29e1db7fd\"  data-animate-icon=\"true\"  >\n\t\n\t\t\t\t\t\n\t\n\t<div class=\"iconbox-icon-wrap\"><span class=\"iconbox-icon-container\"><i class=\"lqd-icn-ess icon-num-4\"><\/i><\/span><\/div>\t\n\t\t\n\t<div class=\"contents\">\t\n\t\t\n\t<h3 class=\"lqd-iconbox-title font-weight-semibold\">Mejora la circulaci\u00f3n y la oxigenaci\u00f3n de la piel:<\/h3>\t<p>El agua purificada, libre de impurezas, mejora la oxigenaci\u00f3n y la circulaci\u00f3n de la piel, dej\u00e1ndola m\u00e1s sana y revitalizada.<\/p>\n<p>**Recomendamos sustituir el cartucho del filtro cada 2-3 meses, dependiendo de la calidad del agua de su localidad.<\/p>\n\t\t\n\t<\/div>\t\n\t\n<\/div>\n[\/vc_column_inner][vc_column_inner width=&#8221;1\/3&#8243;][vc_single_image image=&#8221;6864&#8243; css=&#8221;.vc_custom_1734083186552{border-radius: 15px !important;}&#8221;][\/vc_column_inner][\/vc_row_inner][\/vc_column][\/vc_row][vc_row css=&#8221;.vc_custom_1733667131855{padding-top: 3em !important;padding-bottom: 3em !important;}&#8221;][vc_column]<style>.ld_fancy_heading_69dc29e1dbb04 p{color:rgb(0, 0, 0);}.ld_fancy_heading_69dc29e1dbb04 p {font-size:32px; } .ld_fancy_heading_69dc29e1dbb04 p {line-height:1em; } .ld_fancy_heading_69dc29e1dbb04 p {--element-line-height:1em; } .ld_fancy_heading_69dc29e1dbb04 p {font-weight:600; } .ld_fancy_heading_69dc29e1dbb04 p {padding-top:0px !important; padding-bottom:0px !important;  } .ld_fancy_heading_69dc29e1dbb04 p {margin-top:0px !important; margin-bottom:0px !important;  } .ld_fancy_heading_69dc29e1dbb04 .lqd-highlight-inner{height:0.275em!important;bottom:0px!important;}.ld_fancy_heading_69dc29e1dbb04 p {font-size:32px; } .ld_fancy_heading_69dc29e1dbb04 p {line-height:1em; } .ld_fancy_heading_69dc29e1dbb04 p {--element-line-height:1em; } .ld_fancy_heading_69dc29e1dbb04 p {font-weight:600; } .ld_fancy_heading_69dc29e1dbb04 p {padding-top:0px !important; padding-bottom:0px !important;  } .ld_fancy_heading_69dc29e1dbb04 p {margin-top:0px !important; margin-bottom:0px !important;  } <\/style><div class=\"ld-fancy-heading text-center ld_fancy_heading_69dc29e1dbb04\">\n\t<p class=\"ld-fh-element lqd-highlight-underline lqd-highlight-grow-left text-decoration-default\"   >  TRES\u00a0 MODOS DE PULVERIZACI\u00d3N<\/p><\/div>[vc_row_inner][vc_column_inner width=&#8221;1\/5&#8243;][\/vc_column_inner][vc_column_inner width=&#8221;1\/5&#8243;][vc_single_image image=&#8221;6840&#8243; alignment=&#8221;center&#8221; css=&#8221;.vc_custom_1733672779647{margin-top: 0px !important;margin-bottom: 0px !important;padding-top: 0px !important;padding-bottom: 0px !important;}&#8221;]<style>.ld_fancy_heading_69dc29e1dc144 p{color:rgb(0, 0, 0);}.ld_fancy_heading_69dc29e1dc144 p {font-size:18px; } .ld_fancy_heading_69dc29e1dc144 p {padding-top:0px !important; padding-bottom:0px !important;  } .ld_fancy_heading_69dc29e1dc144 p {margin-top:0px !important; margin-bottom:0px !important;  } .ld_fancy_heading_69dc29e1dc144 .lqd-highlight-inner{height:0.275em!important;bottom:0px!important;}.ld_fancy_heading_69dc29e1dc144 p {font-size:18px; } .ld_fancy_heading_69dc29e1dc144 p {padding-top:0px !important; padding-bottom:0px !important;  } .ld_fancy_heading_69dc29e1dc144 p {margin-top:0px !important; margin-bottom:0px !important;  } <\/style><div class=\"ld-fancy-heading text-center ld_fancy_heading_69dc29e1dc144\">\n\t<p class=\"ld-fh-element lqd-highlight-underline lqd-highlight-grow-left text-decoration-default\"   >  LLUVIA<\/p><\/div>[\/vc_column_inner][vc_column_inner width=&#8221;1\/5&#8243;][vc_single_image image=&#8221;6836&#8243; alignment=&#8221;center&#8221; css=&#8221;.vc_custom_1733672798213{margin-top: 0px !important;margin-bottom: 0px !important;padding-top: 0px !important;padding-bottom: 0px !important;}&#8221;]<style>.ld_fancy_heading_69dc29e1dc862 p{color:rgb(0, 0, 0);}.ld_fancy_heading_69dc29e1dc862 p {font-size:18px; } .ld_fancy_heading_69dc29e1dc862 p {padding-top:0px !important; padding-bottom:0px !important;  } .ld_fancy_heading_69dc29e1dc862 p {margin-top:0px !important; margin-bottom:0px !important;  } .ld_fancy_heading_69dc29e1dc862 .lqd-highlight-inner{height:0.275em!important;bottom:0px!important;}.ld_fancy_heading_69dc29e1dc862 p {font-size:18px; } .ld_fancy_heading_69dc29e1dc862 p {padding-top:0px !important; padding-bottom:0px !important;  } .ld_fancy_heading_69dc29e1dc862 p {margin-top:0px !important; margin-bottom:0px !important;  } <\/style><div class=\"ld-fancy-heading text-center ld_fancy_heading_69dc29e1dc862\">\n\t<p class=\"ld-fh-element lqd-highlight-underline lqd-highlight-grow-left text-decoration-default\"   >  MASAJE<\/p><\/div>[\/vc_column_inner][vc_column_inner width=&#8221;1\/5&#8243;][vc_single_image image=&#8221;6840&#8243; alignment=&#8221;center&#8221; css=&#8221;.vc_custom_1733672779647{margin-top: 0px !important;margin-bottom: 0px !important;padding-top: 0px !important;padding-bottom: 0px !important;}&#8221;]<style>.ld_fancy_heading_69dc29e1dcc7b p{color:rgb(0, 0, 0);}.ld_fancy_heading_69dc29e1dcc7b p {font-size:18px; } .ld_fancy_heading_69dc29e1dcc7b p {padding-top:0px !important; padding-bottom:0px !important;  } .ld_fancy_heading_69dc29e1dcc7b p {margin-top:0px !important; margin-bottom:0px !important;  } .ld_fancy_heading_69dc29e1dcc7b .lqd-highlight-inner{height:0.275em!important;bottom:0px!important;}.ld_fancy_heading_69dc29e1dcc7b p {font-size:18px; } .ld_fancy_heading_69dc29e1dcc7b p {padding-top:0px !important; padding-bottom:0px !important;  } .ld_fancy_heading_69dc29e1dcc7b p {margin-top:0px !important; margin-bottom:0px !important;  } <\/style><div class=\"ld-fancy-heading text-center ld_fancy_heading_69dc29e1dcc7b\">\n\t<p class=\"ld-fh-element lqd-highlight-underline lqd-highlight-grow-left text-decoration-default\"   >  COMBINADO<\/p><\/div>[\/vc_column_inner][vc_column_inner width=&#8221;1\/5&#8243;][\/vc_column_inner][\/vc_row_inner]<style>.ld_fancy_heading_69dc29e1dcf32 p{color:rgb(0, 0, 0);}.ld_fancy_heading_69dc29e1dcf32 p {font-size:18px; } .ld_fancy_heading_69dc29e1dcf32 p {padding-top:2em !important; padding-bottom:0px !important;  } .ld_fancy_heading_69dc29e1dcf32 p {margin-top:0px !important; margin-bottom:0px !important;  } .ld_fancy_heading_69dc29e1dcf32 .lqd-highlight-inner{height:0.275em!important;bottom:0px!important;}.ld_fancy_heading_69dc29e1dcf32 p {font-size:18px; } .ld_fancy_heading_69dc29e1dcf32 p {padding-top:2em !important; padding-bottom:0px !important;  } .ld_fancy_heading_69dc29e1dcf32 p {margin-top:0px !important; margin-bottom:0px !important;  } <\/style><div class=\"ld-fancy-heading text-center ld_fancy_heading_69dc29e1dcf32\">\n\t<p class=\"ld-fh-element lqd-highlight-underline lqd-highlight-grow-left text-decoration-default\"   >  Adapte su ducha con el modo lluvia para relajarse, el modo masaje para aliviar la tensi\u00f3n o el modo mixto para disfrutar de una experiencia completa y equilibrada.<\/p><\/div>[\/vc_column][\/vc_row][vc_row full_height=&#8221;yes&#8221; columns_placement=&#8221;middle&#8221; content_placement=&#8221;middle&#8221; css=&#8221;.vc_custom_1733672615916{margin-top: 0px !important;margin-bottom: 0px !important;padding-top: 0px !important;padding-bottom: 0px !important;background-image: url(https:\/\/vshowerpro.com\/wp-content\/uploads\/2024\/10\/CLEAN-AND-INVIGORATING2.jpg?id=6828) !important;background-position: center !important;background-repeat: no-repeat !important;background-size: cover !important;}&#8221;][vc_column][vc_row_inner css=&#8221;.vc_custom_1733667744933{background-position: center !important;background-repeat: no-repeat !important;background-size: contain !important;}&#8221;][vc_column_inner width=&#8221;1\/4&#8243; css=&#8221;.vc_custom_1733668006339{padding-top: 2em !important;}&#8221;][\/vc_column_inner][vc_column_inner width=&#8221;1\/2&#8243;]<style>.ld_fancy_heading_69dc29e1dd1c5 h3{color:rgb(255, 255, 255);}.ld_fancy_heading_69dc29e1dd1c5 h3 {font-size:60px; } .ld_fancy_heading_69dc29e1dd1c5 h3 {font-weight:400; } .ld_fancy_heading_69dc29e1dd1c5 h3 {padding-top:0px !important; padding-bottom:0px !important;  } .ld_fancy_heading_69dc29e1dd1c5 h3 {margin-top:0px !important; margin-bottom:0px !important;  } .ld_fancy_heading_69dc29e1dd1c5 .lqd-highlight-inner{height:0.275em!important;bottom:0px!important;}.ld_fancy_heading_69dc29e1dd1c5 h3 {font-size:60px; } .ld_fancy_heading_69dc29e1dd1c5 h3 {font-weight:400; } .ld_fancy_heading_69dc29e1dd1c5 h3 {padding-top:0px !important; padding-bottom:0px !important;  } .ld_fancy_heading_69dc29e1dd1c5 h3 {margin-top:0px !important; margin-bottom:0px !important;  } <\/style><div class=\"ld-fancy-heading text-center ld_fancy_heading_69dc29e1dd1c5\">\n\t<h3 class=\"ld-fh-element lqd-highlight-underline lqd-highlight-grow-left text-decoration-default\"   >  LIMPIA Y NUTRITIVA<\/h3><\/div><style>.ld_fancy_heading_69dc29e1dd468 h3{color:rgb(255, 255, 255);}.ld_fancy_heading_69dc29e1dd468 h3 {font-size:36px; } .ld_fancy_heading_69dc29e1dd468 h3 {font-weight:400; } .ld_fancy_heading_69dc29e1dd468 h3 {padding-top:0px !important; padding-bottom:0px !important;  } .ld_fancy_heading_69dc29e1dd468 h3 {margin-top:0px !important; margin-bottom:0px !important;  } .ld_fancy_heading_69dc29e1dd468 .lqd-highlight-inner{height:0.275em!important;bottom:0px!important;}.ld_fancy_heading_69dc29e1dd468 h3 {font-size:36px; } .ld_fancy_heading_69dc29e1dd468 h3 {font-weight:400; } .ld_fancy_heading_69dc29e1dd468 h3 {padding-top:0px !important; padding-bottom:0px !important;  } .ld_fancy_heading_69dc29e1dd468 h3 {margin-top:0px !important; margin-bottom:0px !important;  } <\/style><div class=\"ld-fancy-heading text-center ld_fancy_heading_69dc29e1dd468\">\n\t<h3 class=\"ld-fh-element lqd-highlight-underline lqd-highlight-grow-left text-decoration-default\"   >  EXPERIENCIA DE DUCHA<\/h3><\/div>[\/vc_column_inner][vc_column_inner width=&#8221;1\/4&#8243;][\/vc_column_inner][\/vc_row_inner][\/vc_column][\/vc_row][vc_row content_placement=&#8221;middle&#8221; css=&#8221;.vc_custom_1733671921245{padding-top: 3em !important;padding-bottom: 3em !important;}&#8221;][vc_column][vc_row_inner content_placement=&#8221;middle&#8221;][vc_column_inner width=&#8221;1\/2&#8243;][vc_single_image image=&#8221;6847&#8243;][\/vc_column_inner][vc_column_inner width=&#8221;1\/2&#8243;]<style>.ld_fancy_heading_69dc29e1dd708 p{color:rgb(0, 0, 0);}.ld_fancy_heading_69dc29e1dd708 p {font-size:18px; } .ld_fancy_heading_69dc29e1dd708 p {padding-top:2em !important; padding-bottom:2em !important;  } .ld_fancy_heading_69dc29e1dd708 p {margin-top:0px !important; margin-bottom:0px !important;  } .ld_fancy_heading_69dc29e1dd708 .lqd-highlight-inner{height:0.275em!important;bottom:0px!important;}.ld_fancy_heading_69dc29e1dd708 p {font-size:18px; } .ld_fancy_heading_69dc29e1dd708 p {padding-top:2em !important; padding-bottom:2em !important;  } .ld_fancy_heading_69dc29e1dd708 p {margin-top:0px !important; margin-bottom:0px !important;  } <\/style><div class=\"ld-fancy-heading text-center ld_fancy_heading_69dc29e1dd708\">\n\t<p class=\"ld-fh-element lqd-highlight-underline lqd-highlight-grow-left text-decoration-default\"   >  Este panel de ducha de 120 mm ofrece una amplia zona de cobertura para una experiencia de ducha m\u00e1s placentera. Las boquillas de silicona facilitan la limpieza y evitan los atascos, mientras que el calendario incorporado le recuerda cu\u00e1ndo debe sustituir el filtro. Cambie f\u00e1cilmente de un modo a otro con un c\u00f3modo bot\u00f3n de un solo toque.<\/p><\/div>[\/vc_column_inner][\/vc_row_inner][\/vc_column][\/vc_row][vc_row css=&#8221;.vc_custom_1733669868527{padding-bottom: 3em !important;}&#8221;][vc_column]<style>.ld_fancy_heading_69dc29e1dd975 h3{color:rgb(120, 181, 221);}.ld_fancy_heading_69dc29e1dd975 h3 {font-size:32px; } .ld_fancy_heading_69dc29e1dd975 h3 {padding-top:0px !important; padding-bottom:0px !important;  } .ld_fancy_heading_69dc29e1dd975 h3 {margin-top:0px !important; margin-bottom:0px !important;  } .ld_fancy_heading_69dc29e1dd975 .lqd-highlight-inner{height:0.275em!important;bottom:0px!important;}.ld_fancy_heading_69dc29e1dd975 h3 {font-size:32px; } .ld_fancy_heading_69dc29e1dd975 h3 {padding-top:0px !important; padding-bottom:0px !important;  } .ld_fancy_heading_69dc29e1dd975 h3 {margin-top:0px !important; margin-bottom:0px !important;  } <\/style><div class=\"ld-fancy-heading text-center ld_fancy_heading_69dc29e1dd975\">\n\t<h3 class=\"ld-fh-element lqd-highlight-underline lqd-highlight-grow-left text-decoration-default\"   >  Descubre hoy mismo la diferencia y transforma tu experiencia de ducha con Vshower Pro\u00ae.<\/h3><\/div>[\/vc_column][\/vc_row]<\/p>\n","protected":false},"excerpt":{"rendered":"<p><strong>ALCACHOFA DE DUCHA CON <\/strong><strong>TECNO<\/strong><strong>L<\/strong><strong>OG\u00cdA DE FI<\/strong><strong>LTRO<\/strong><strong> ACF:<\/strong> Filtra hasta el 99% de las impurezas, como son el cloro, metales pesados y qu\u00edmicos, proporcionando agua m\u00e1s limpia para un cabello m\u00e1s sano y una piel m\u00e1s suave.<\/p>\n<p><strong>TRES MODOS DE ROCIADO:<\/strong> Personaliza tu ducha con dos modos de pulverizaci\u00f3n: modo lluvia para relajarte, modo masaje para aliviar tensiones o el modo mixto para una experiencia completa y equilibrada.<\/p>\n<p><strong>CALIDAD PREMIUM Y BOQUILLAS DE SILICONA:<\/strong> Fabricado con materiales duraderos y boquillas de silicona resistentes a obstrucciones, garantizando un flujo de agua constante y un rendimiento prolongado.<\/p>\n<p><strong>F\u00c1CIL<\/strong><strong> DE<\/strong><strong> INSTALA<\/strong><strong>R<\/strong><strong>:<\/strong> Se instala en cuesti\u00f3n de minutos sin necesidad de herramientas, ofreciendo una mejora r\u00e1pida y sin esfuerzo para tu ducha.<\/p>\n<p><b>Certificados:<\/b><br \/>\n<img decoding=\"async\" class=\"alignnone wp-image-5118\" src=\"https:\/\/vshowerpro.com\/wp-content\/uploads\/2024\/10\/certificates-300x115.png\" alt=\"\" width=\"200\" height=\"77\" srcset=\"https:\/\/vshowerpro.com\/wp-content\/uploads\/2024\/10\/certificates-300x115.png 300w, https:\/\/vshowerpro.com\/wp-content\/uploads\/2024\/10\/certificates-1024x393.png 1024w, https:\/\/vshowerpro.com\/wp-content\/uploads\/2024\/10\/certificates.png 1372w\" sizes=\"(max-width: 200px) 100vw, 200px\" \/><\/p>\n","protected":false},"featured_media":6036,"comment_status":"open","ping_status":"closed","template":"","meta":{"rank_math_lock_modified_date":false},"product_brand":[],"product_cat":[53],"product_tag":[],"class_list":{"0":"post-5983","1":"product","2":"type-product","3":"status-publish","4":"has-post-thumbnail","6":"product_cat-alcachofa-de-ducha-con-filtro","8":"first","9":"instock","10":"taxable","11":"shipping-taxable","12":"purchasable","13":"product-type-simple"},"_links":{"self":[{"href":"https:\/\/vshowerpro.com\/es\/wp-json\/wp\/v2\/product\/5983","targetHints":{"allow":["GET"]}}],"collection":[{"href":"https:\/\/vshowerpro.com\/es\/wp-json\/wp\/v2\/product"}],"about":[{"href":"https:\/\/vshowerpro.com\/es\/wp-json\/wp\/v2\/types\/product"}],"replies":[{"embeddable":true,"href":"https:\/\/vshowerpro.com\/es\/wp-json\/wp\/v2\/comments?post=5983"}],"wp:featuredmedia":[{"embeddable":true,"href":"https:\/\/vshowerpro.com\/es\/wp-json\/wp\/v2\/media\/6036"}],"wp:attachment":[{"href":"https:\/\/vshowerpro.com\/es\/wp-json\/wp\/v2\/media?parent=5983"}],"wp:term":[{"taxonomy":"product_brand","embeddable":true,"href":"https:\/\/vshowerpro.com\/es\/wp-json\/wp\/v2\/product_brand?post=5983"},{"taxonomy":"product_cat","embeddable":true,"href":"https:\/\/vshowerpro.com\/es\/wp-json\/wp\/v2\/product_cat?post=5983"},{"taxonomy":"product_tag","embeddable":true,"href":"https:\/\/vshowerpro.com\/es\/wp-json\/wp\/v2\/product_tag?post=5983"}],"curies":[{"name":"wp","href":"https:\/\/api.w.org\/{rel}","templated":true}]}}