{"id":5986,"date":"2024-10-15T09:36:23","date_gmt":"2024-10-15T09:36:23","guid":{"rendered":"https:\/\/vshowerpro.com\/shop\/sin%20categor\u00eda\/2-mode-luxury-high-pressure-shower-head\/"},"modified":"2024-12-13T09:48:11","modified_gmt":"2024-12-13T09:48:11","slug":"alcachofa-ducha","status":"publish","type":"product","link":"https:\/\/vshowerpro.com\/es\/shop\/alcachofa-de-ducha-con-filtro\/alcachofa-ducha\/","title":{"rendered":"Alcachofa de ducha 2- Modos Lujo de alta presi\u00f3n"},"content":{"rendered":"<p>[vc_row][vc_column][vc_column_text]<b>Alcachofa de Ducha con Alta Presi\u00f3n Vshower Pro\u00ae: La Experiencia de Ducha Definitiva para una Piel y Cabello Radiantes<\/b><\/p>\n<p><strong>Alcachofa de Ducha de Alta Presi\u00f3n<\/strong><br \/>\nTransforma tu rutina diaria con la alcachofa de ducha Vshower Pro\u00ae, dise\u00f1ado para proporcionar una limpieza profunda y una experiencia revitalizante.<\/p>\n<p><strong>Piel Suave y Sedosa<\/strong><br \/>\nCada ducha se convierte en un tratamiento intensivo de hidrataci\u00f3n, mejorando la retenci\u00f3n de humedad. Notar\u00e1s c\u00f3mo tu piel se vuelve m\u00e1s suave y tersa tras cada uso.<\/p>\n<p><strong>Filtraci\u00f3n Avanzada ACF<\/strong><br \/>\nLa alcachofa de ducha est\u00e1 equipada con un filtro de carb\u00f3n activado de alta calidad que elimina el cloro, metales pesados y otras impurezas que contiene el agua.<\/p>\n<p><strong>2 Modos de Rociado<\/strong><br \/>\nModo lluvia para una ducha suave y relajante que cae como una ligera brisa, y modo masaje para un pulso vigoroso y focalizado que ayuda a relajar y aliviar tensiones.<\/p>\n<p><strong>\u00bfPor qu\u00e9 elegir Vshower Pro\u00ae?<\/strong><br \/>\nNuestra alcachofa de ducha de alta presi\u00f3n asegura una piel y un cabello limpios y cuidados, con materiales duraderos y ecol\u00f3gicos que optimizan el uso del agua y la comodidad.[\/vc_column_text][\/vc_column][\/vc_row][vc_row css=&#8221;.vc_custom_1733663472949{padding-top: 3em !important;padding-bottom: 3em !important;background-color: #eeeee8 !important;}&#8221;][vc_column]<style>.ld_fancy_heading_69dc29ab23497 h3{color:rgb(132, 117, 77);}.ld_fancy_heading_69dc29ab23497 h3 {font-size:76px; } .ld_fancy_heading_69dc29ab23497 h3 {padding-top:0px !important; padding-bottom:0px !important;  } .ld_fancy_heading_69dc29ab23497 h3 {margin-top:0px !important; margin-bottom:0px !important;  } .ld_fancy_heading_69dc29ab23497 .lqd-highlight-inner{height:0.275em!important;bottom:0px!important;}.ld_fancy_heading_69dc29ab23497 h3 {font-size:76px; } .ld_fancy_heading_69dc29ab23497 h3 {padding-top:0px !important; padding-bottom:0px !important;  } .ld_fancy_heading_69dc29ab23497 h3 {margin-top:0px !important; margin-bottom:0px !important;  } <\/style><div class=\"ld-fancy-heading text-center ld_fancy_heading_69dc29ab23497\">\n\t<h3 class=\"ld-fh-element lqd-highlight-underline lqd-highlight-grow-left text-decoration-default\"   >  LUJOSA<\/h3><\/div><style>.ld_fancy_heading_69dc29ab239cc p{color:rgb(0, 0, 0);}.ld_fancy_heading_69dc29ab239cc p {font-size:32px; } .ld_fancy_heading_69dc29ab239cc p {line-height:1em; } .ld_fancy_heading_69dc29ab239cc p {--element-line-height:1em; } .ld_fancy_heading_69dc29ab239cc p {padding-top:0px !important; padding-bottom:0px !important;  } .ld_fancy_heading_69dc29ab239cc p {margin-top:0px !important; margin-bottom:0px !important;  } .ld_fancy_heading_69dc29ab239cc .lqd-highlight-inner{height:0.275em!important;bottom:0px!important;}.ld_fancy_heading_69dc29ab239cc p {font-size:32px; } .ld_fancy_heading_69dc29ab239cc p {line-height:1em; } .ld_fancy_heading_69dc29ab239cc p {--element-line-height:1em; } .ld_fancy_heading_69dc29ab239cc p {padding-top:0px !important; padding-bottom:0px !important;  } .ld_fancy_heading_69dc29ab239cc p {margin-top:0px !important; margin-bottom:0px !important;  } <\/style><div class=\"ld-fancy-heading text-center ld_fancy_heading_69dc29ab239cc\">\n\t<p class=\"ld-fh-element lqd-highlight-underline lqd-highlight-grow-left text-decoration-default\"   >  ALCACHOFA DE DUCHA DE ALTA PRESI\u00d3N<\/p><\/div>[vc_row_inner css=&#8221;.vc_custom_1733665356843{margin-top: 2em !important;padding-right: 15% !important;padding-left: 15% !important;}&#8221;][vc_column_inner width=&#8221;1\/5&#8243;][\/vc_column_inner][vc_column_inner width=&#8221;1\/5&#8243;]<style>.ld_icon_box_69dc29ab23e39 .lqd-iconbox-title{margin-bottom:px;}.ld_icon_box_69dc29ab23e39 p, .ld_icon_box_69dc29ab23e39 .contents{color:rgb(0, 0, 0);}.ld_icon_box_69dc29ab23e39 .iconbox-icon-container{border-radius:px;}.ld_icon_box_69dc29ab23e39 .iconbox-icon-container img,.ld_icon_box_69dc29ab23e39 .iconbox-icon-container > svg{width:80px !important;}<\/style>\n<div class=\"iconbox text-align-default iconbox-sm iconbox-heading-sm ld_icon_box_69dc29ab23e39\" id=\"ld_icon_box_69dc29ab23e39\"   >\n\t\n\t\t\t\t\t\n\t\n\t<div class=\"iconbox-icon-wrap\"><span class=\"iconbox-icon-container\"><img decoding=\"async\" src=\"https:\/\/vshowerpro.com\/wp-content\/uploads\/2024\/10\/sl-004-icons5.png\" class=\"liquid-image-icon\" \/><\/span><\/div>\t\n\t\t\n\t<div class=\"contents\">\t\n\t\t\n\t\t<p>REDUCE<br \/>\nEL CLORO, PLOMO Y<br \/>\nDEM\u00c1S CONTAMINANTES<\/p>\n\t\t\n\t<\/div>\t\n\t\n<\/div>\n[\/vc_column_inner][vc_column_inner width=&#8221;1\/5&#8243;]<style>.ld_icon_box_69dc29ab24de1 .lqd-iconbox-title{margin-bottom:px;}.ld_icon_box_69dc29ab24de1 p, .ld_icon_box_69dc29ab24de1 .contents{color:rgb(0, 0, 0);}.ld_icon_box_69dc29ab24de1 .iconbox-icon-container{border-radius:px;}.ld_icon_box_69dc29ab24de1 .iconbox-icon-container img,.ld_icon_box_69dc29ab24de1 .iconbox-icon-container > svg{width:80px !important;}<\/style>\n<div class=\"iconbox text-align-default iconbox-sm iconbox-heading-sm ld_icon_box_69dc29ab24de1\" id=\"ld_icon_box_69dc29ab24de1\"   >\n\t\n\t\t\t\t\t\n\t\n\t<div class=\"iconbox-icon-wrap\"><span class=\"iconbox-icon-container\"><img decoding=\"async\" src=\"https:\/\/vshowerpro.com\/wp-content\/uploads\/2024\/10\/sl-004-icons6.png\" class=\"liquid-image-icon\" \/><\/span><\/div>\t\n\t\t\n\t<div class=\"contents\">\t\n\t\t\n\t\t<p>MEJORA LA<br \/>\nCALIDAD<\/p>\n<p>DEL AGUA<\/p>\n\t\t\n\t<\/div>\t\n\t\n<\/div>\n[\/vc_column_inner][vc_column_inner width=&#8221;1\/5&#8243;]<style>.ld_icon_box_69dc29ab25c04 .lqd-iconbox-title{margin-bottom:px;}.ld_icon_box_69dc29ab25c04 p, .ld_icon_box_69dc29ab25c04 .contents{color:rgb(0, 0, 0);}.ld_icon_box_69dc29ab25c04 .iconbox-icon-container{border-radius:px;}.ld_icon_box_69dc29ab25c04 .iconbox-icon-container img,.ld_icon_box_69dc29ab25c04 .iconbox-icon-container > svg{width:80px !important;}<\/style>\n<div class=\"iconbox text-align-default iconbox-sm iconbox-heading-sm ld_icon_box_69dc29ab25c04\" id=\"ld_icon_box_69dc29ab25c04\"   >\n\t\n\t\t\t\t\t\n\t\n\t<div class=\"iconbox-icon-wrap\"><span class=\"iconbox-icon-container\"><img decoding=\"async\" src=\"https:\/\/vshowerpro.com\/wp-content\/uploads\/2024\/10\/sl-004-icons7.png\" class=\"liquid-image-icon\" \/><\/span><\/div>\t\n\t\t\n\t<div class=\"contents\">\t\n\t\t\n\t\t<p>AYUDA A<br \/>\nMANTENER LA PIEL<br \/>\n&amp; EL CABELLO SANO<\/p>\n\t\t\n\t<\/div>\t\n\t\n<\/div>\n[\/vc_column_inner][vc_column_inner width=&#8221;1\/5&#8243;][\/vc_column_inner][\/vc_row_inner][vc_row_inner content_placement=&#8221;middle&#8221; css=&#8221;.vc_custom_1733666255719{padding-top: 3em !important;}&#8221;][vc_column_inner width=&#8221;2\/3&#8243;][vc_column_text css=&#8221;.vc_custom_1733997323782{margin-top: 0px !important;margin-bottom: 0px !important;padding-top: 0px !important;padding-bottom: 10px !important;}&#8221;]<\/p>\n<div class=\"wpb_text_column wpb_content_element vc_custom_1733993910051\">\n<div class=\"wpb_wrapper\">\n<h4>Ventajas de elegir una alcachofa de ducha con filtro de carb\u00f3n AFC<\/h4>\n<\/div>\n<\/div>\n<div id=\"ld_icon_box_675aa79dbe5ae\" class=\"iconbox iconbox-side text-align-default iconbox-heading-xs ld_icon_box_675aa79dbe5ae\" data-animate-icon=\"true\">\n<div class=\"iconbox-icon-wrap\"><\/div>\n<\/div>\n<p>[\/vc_column_text]<style>.ld_icon_box_69dc29ab262bd .lqd-iconbox-title{margin-bottom:px;}.ld_icon_box_69dc29ab262bd .iconbox-icon-container{border-radius:px;}<\/style>\n<div class=\"iconbox iconbox-side text-align-default iconbox-heading-xs ld_icon_box_69dc29ab262bd\" id=\"ld_icon_box_69dc29ab262bd\"  data-animate-icon=\"true\"  >\n\t\n\t\t\t\t\t\n\t\n\t<div class=\"iconbox-icon-wrap\"><span class=\"iconbox-icon-container\"><i class=\"lqd-icn-ess icon-num-1\"><\/i><\/span><\/div>\t\n\t\t\n\t<div class=\"contents\">\t\n\t\t\n\t<h3 class=\"lqd-iconbox-title font-weight-semibold\">Piel m\u00e1s suave e hidratada:<\/h3>\t<p>El filtro ACF elimina el cloro y otros productos qu\u00edmicos agresivos, ayudando a mantener la barrera de hidrataci\u00f3n natural de la piel, evitando la sequedad y la irritaci\u00f3n del pelo y de la piel.<\/p>\n\t\t\n\t<\/div>\t\n\t\n<\/div>\n<style>.ld_icon_box_69dc29ab265e9 .lqd-iconbox-title{margin-bottom:px;}.ld_icon_box_69dc29ab265e9 .iconbox-icon-container{border-radius:px;}<\/style>\n<div class=\"iconbox iconbox-side text-align-default iconbox-heading-xs ld_icon_box_69dc29ab265e9\" id=\"ld_icon_box_69dc29ab265e9\"  data-animate-icon=\"true\"  >\n\t\n\t\t\t\t\t\n\t\n\t<div class=\"iconbox-icon-wrap\"><span class=\"iconbox-icon-container\"><i class=\"lqd-icn-ess icon-num-2\"><\/i><\/span><\/div>\t\n\t\t\n\t<div class=\"contents\">\t\n\t\t\n\t<h3 class=\"lqd-iconbox-title font-weight-semibold\">Cabello m\u00e1s sano y brillante:<\/h3>\t<p>Al eliminar los residuos qu\u00edmicos y los metales pesados, el cabello se vuelve m\u00e1s suave, manejable y brillante sin el peso de las impurezas.<\/p>\n\t\t\n\t<\/div>\t\n\t\n<\/div>\n<style>.ld_icon_box_69dc29ab268f2 .lqd-iconbox-title{margin-bottom:px;}.ld_icon_box_69dc29ab268f2 .iconbox-icon-container{border-radius:px;}<\/style>\n<div class=\"iconbox iconbox-side text-align-default iconbox-heading-xs ld_icon_box_69dc29ab268f2\" id=\"ld_icon_box_69dc29ab268f2\"  data-animate-icon=\"true\"  >\n\t\n\t\t\t\t\t\n\t\n\t<div class=\"iconbox-icon-wrap\"><span class=\"iconbox-icon-container\"><i class=\"lqd-icn-ess icon-num-3\"><\/i><\/span><\/div>\t\n\t\t\n\t<div class=\"contents\">\t\n\t\t\n\t<h3 class=\"lqd-iconbox-title font-weight-semibold\">Reduce alergias e irritaciones:<\/h3>\t<p>El filtro ayuda a reducir los al\u00e9rgenos y las impurezas del agua, minimizando la aparici\u00f3n de brotes o irritaciones cut\u00e1neas, especialmente en pieles sensibles.<\/p>\n\t\t\n\t<\/div>\t\n\t\n<\/div>\n<style>.ld_icon_box_69dc29ab26bd1 .lqd-iconbox-title{margin-bottom:px;}.ld_icon_box_69dc29ab26bd1 .iconbox-icon-container{border-radius:px;}<\/style>\n<div class=\"iconbox iconbox-side text-align-default iconbox-heading-xs ld_icon_box_69dc29ab26bd1\" id=\"ld_icon_box_69dc29ab26bd1\"  data-animate-icon=\"true\"  >\n\t\n\t\t\t\t\t\n\t\n\t<div class=\"iconbox-icon-wrap\"><span class=\"iconbox-icon-container\"><i class=\"lqd-icn-ess icon-num-4\"><\/i><\/span><\/div>\t\n\t\t\n\t<div class=\"contents\">\t\n\t\t\n\t<h3 class=\"lqd-iconbox-title font-weight-semibold\">Mejora la circulaci\u00f3n y la oxigenaci\u00f3n de la piel:<\/h3>\t<p>El agua purificada, libre de impurezas, mejora la oxigenaci\u00f3n y la circulaci\u00f3n de la piel, dej\u00e1ndola m\u00e1s sana y revitalizada.<\/p>\n\t\t\n\t<\/div>\t\n\t\n<\/div>\n[\/vc_column_inner][vc_column_inner width=&#8221;1\/3&#8243;][vc_single_image image=&#8221;6864&#8243; css=&#8221;.vc_custom_1734083277094{border-radius: 15px !important;}&#8221;][\/vc_column_inner][\/vc_row_inner][\/vc_column][\/vc_row][vc_row css=&#8221;.vc_custom_1733667131855{padding-top: 3em !important;padding-bottom: 3em !important;}&#8221;][vc_column]<style>.ld_fancy_heading_69dc29ab26f12 p{color:rgb(0, 0, 0);}.ld_fancy_heading_69dc29ab26f12 p {font-size:32px; } .ld_fancy_heading_69dc29ab26f12 p {line-height:1em; } .ld_fancy_heading_69dc29ab26f12 p {--element-line-height:1em; } .ld_fancy_heading_69dc29ab26f12 p {font-weight:600; } .ld_fancy_heading_69dc29ab26f12 p {padding-top:0px !important; padding-bottom:0px !important;  } .ld_fancy_heading_69dc29ab26f12 p {margin-top:0px !important; margin-bottom:0px !important;  } .ld_fancy_heading_69dc29ab26f12 .lqd-highlight-inner{height:0.275em!important;bottom:0px!important;}.ld_fancy_heading_69dc29ab26f12 p {font-size:32px; } .ld_fancy_heading_69dc29ab26f12 p {line-height:1em; } .ld_fancy_heading_69dc29ab26f12 p {--element-line-height:1em; } .ld_fancy_heading_69dc29ab26f12 p {font-weight:600; } .ld_fancy_heading_69dc29ab26f12 p {padding-top:0px !important; padding-bottom:0px !important;  } .ld_fancy_heading_69dc29ab26f12 p {margin-top:0px !important; margin-bottom:0px !important;  } <\/style><div class=\"ld-fancy-heading text-center ld_fancy_heading_69dc29ab26f12\">\n\t<p class=\"ld-fh-element lqd-highlight-underline lqd-highlight-grow-left text-decoration-default\"   >  DOS MODOS DE PULVERIZACI\u00d3N<\/p><\/div>[vc_row_inner][vc_column_inner width=&#8221;1\/4&#8243;][\/vc_column_inner][vc_column_inner width=&#8221;1\/4&#8243;][vc_single_image image=&#8221;6791&#8243;][\/vc_column_inner][vc_column_inner width=&#8221;1\/4&#8243;][vc_single_image image=&#8221;6787&#8243;][\/vc_column_inner][vc_column_inner width=&#8221;1\/4&#8243;][\/vc_column_inner][\/vc_row_inner]<style>.ld_fancy_heading_69dc29ab2759c p{color:rgb(0, 0, 0);}.ld_fancy_heading_69dc29ab2759c p {font-size:18px; } .ld_fancy_heading_69dc29ab2759c p {padding-top:0px !important; padding-bottom:0px !important;  } .ld_fancy_heading_69dc29ab2759c p {margin-top:0px !important; margin-bottom:0px !important;  } .ld_fancy_heading_69dc29ab2759c .lqd-highlight-inner{height:0.275em!important;bottom:0px!important;}.ld_fancy_heading_69dc29ab2759c p {font-size:18px; } .ld_fancy_heading_69dc29ab2759c p {padding-top:0px !important; padding-bottom:0px !important;  } .ld_fancy_heading_69dc29ab2759c p {margin-top:0px !important; margin-bottom:0px !important;  } <\/style><div class=\"ld-fancy-heading text-center ld_fancy_heading_69dc29ab2759c\">\n\t<p class=\"ld-fh-element lqd-highlight-underline lqd-highlight-grow-left text-decoration-default\"   >  Disfruta de dos modos de pulverizaci\u00f3n vers\u00e1tiles: el <strong>modo lluvia<\/strong> para una ducha suave y relajante que cae en cascada sobre ti como una ligera niebla y el <strong>modo masaje<\/strong> para un vigoroso pulso dirigido que ayuda a relajar y aliviar la tensi\u00f3n. Cambia de modo para crear una experiencia de ducha adaptada a tus preferencias y necesidades.<\/p><\/div>[\/vc_column][\/vc_row][vc_row full_height=&#8221;yes&#8221; columns_placement=&#8221;top&#8221; content_placement=&#8221;top&#8221; css=&#8221;.vc_custom_1733667919455{margin-top: 0px !important;margin-bottom: 0px !important;padding-top: 0px !important;padding-bottom: 0px !important;background-image: url(https:\/\/vshowerpro.com\/wp-content\/uploads\/2024\/10\/sl-004-lifestyle-image.jpg?id=6795) !important;background-position: center !important;background-repeat: no-repeat !important;background-size: cover !important;}&#8221;][vc_column][vc_row_inner css=&#8221;.vc_custom_1733667744933{background-position: center !important;background-repeat: no-repeat !important;background-size: contain !important;}&#8221;][vc_column_inner width=&#8221;1\/4&#8243; css=&#8221;.vc_custom_1733668006339{padding-top: 2em !important;}&#8221;]<style>.ld_fancy_heading_69dc29ab27cd3 h3{color:rgb(132, 117, 77);}.ld_fancy_heading_69dc29ab27cd3 h3 {font-size:76px; } @media (min-width: 768px) { .ld_fancy_heading_69dc29ab27cd3 h3 {font-size:60px; }  } @media (min-width: 992px) { .ld_fancy_heading_69dc29ab27cd3 h3 {font-size:60px; }  } .ld_fancy_heading_69dc29ab27cd3 h3 {font-weight:400; } .ld_fancy_heading_69dc29ab27cd3 h3 {padding-top:0px !important; padding-bottom:0px !important;  } .ld_fancy_heading_69dc29ab27cd3 h3 {margin-top:0px !important; margin-bottom:0px !important;  } .ld_fancy_heading_69dc29ab27cd3 .lqd-highlight-inner{height:0.275em!important;bottom:0px!important;}.ld_fancy_heading_69dc29ab27cd3 h3 {font-size:76px; } @media (min-width: 768px) { .ld_fancy_heading_69dc29ab27cd3 h3 {font-size:60px; }  } @media (min-width: 992px) { .ld_fancy_heading_69dc29ab27cd3 h3 {font-size:60px; }  } .ld_fancy_heading_69dc29ab27cd3 h3 {font-weight:400; } .ld_fancy_heading_69dc29ab27cd3 h3 {padding-top:0px !important; padding-bottom:0px !important;  } .ld_fancy_heading_69dc29ab27cd3 h3 {margin-top:0px !important; margin-bottom:0px !important;  } <\/style><div class=\"ld-fancy-heading text-center ld_fancy_heading_69dc29ab27cd3\">\n\t<h3 class=\"ld-fh-element lqd-highlight-underline lqd-highlight-grow-left text-decoration-default\"   >  PIEL M\u00c1S<br \/>\nBELLA Y<br \/>\nSUAVE<\/h3><\/div>[\/vc_column_inner][vc_column_inner width=&#8221;3\/4&#8243;][\/vc_column_inner][\/vc_row_inner][\/vc_column][\/vc_row][vc_row css=&#8221;.vc_custom_1733669868527{padding-bottom: 3em !important;}&#8221;][vc_column][vc_row_inner][vc_column_inner width=&#8221;1\/4&#8243;][vc_single_image image=&#8221;6811&#8243; css=&#8221;.vc_custom_1733669716077{margin-bottom: 0px !important;padding-bottom: 0px !important;}&#8221;][\/vc_column_inner][vc_column_inner width=&#8221;1\/4&#8243;][vc_single_image image=&#8221;6807&#8243; css=&#8221;.vc_custom_1733911727741{margin-bottom: 0px !important;padding-bottom: 0px !important;}&#8221;][\/vc_column_inner][vc_column_inner width=&#8221;1\/4&#8243;][vc_single_image image=&#8221;6803&#8243; css=&#8221;.vc_custom_1733911738869{margin-bottom: 0px !important;padding-bottom: 0px !important;}&#8221;][\/vc_column_inner][vc_column_inner width=&#8221;1\/4&#8243;][vc_single_image image=&#8221;6799&#8243; css=&#8221;.vc_custom_1733911749757{margin-bottom: 0px !important;padding-bottom: 0px !important;}&#8221;][\/vc_column_inner][\/vc_row_inner]<style>.ld_fancy_heading_69dc29ab2813d h3{color:rgb(132, 117, 77);}.ld_fancy_heading_69dc29ab2813d h3 {font-size:32px; } .ld_fancy_heading_69dc29ab2813d h3 {padding-top:0px !important; padding-bottom:0px !important;  } .ld_fancy_heading_69dc29ab2813d h3 {margin-top:0px !important; margin-bottom:0px !important;  } .ld_fancy_heading_69dc29ab2813d .lqd-highlight-inner{height:0.275em!important;bottom:0px!important;}.ld_fancy_heading_69dc29ab2813d h3 {font-size:32px; } .ld_fancy_heading_69dc29ab2813d h3 {padding-top:0px !important; padding-bottom:0px !important;  } .ld_fancy_heading_69dc29ab2813d h3 {margin-top:0px !important; margin-bottom:0px !important;  } <\/style><div class=\"ld-fancy-heading text-center ld_fancy_heading_69dc29ab2813d\">\n\t<h3 class=\"ld-fh-element lqd-highlight-underline lqd-highlight-grow-left text-decoration-default\"   >  Descubre hoy mismo la diferencia y<br \/>\n\u00a1transforma tu experiencia de ducha con Vshower Pro\u00ae!<\/h3><\/div>[\/vc_column][\/vc_row]<\/p>\n","protected":false},"excerpt":{"rendered":"<p><strong>TECNOLOG\u00cdA DE FILTRACI\u00d3N ACF:<\/strong> Filtra hasta el 99% de las impurezas, incluyendo cloro, metales pesados y qu\u00edmicos, mejorando la calidad del agua para una piel m\u00e1s suave y un cabello m\u00e1s saludable.<\/p>\n<p><strong>DOS MODOS DE ROCIADO:<\/strong> Cambia entre el modo lluvia para un flujo suave y relajante o el modo masaje para un pulso potente y revitalizante, adapt\u00e1ndose a tus necesidades.<\/p>\n<p><strong>CALIDAD PREMIUM Y BOQUILLAS DE SILICONA:<\/strong> Fabricado con materiales duraderos y de alta calidad, cuenta con boquillas de silicona f\u00e1ciles de limpiar que evitan obstrucciones, garantizando un flujo de agua constante y un rendimiento duradero.<\/p>\n<p><strong>F\u00c1CIL INSTALACI\u00d3N:<\/strong> Se instala en minutos sin necesidad de herramientas, brind\u00e1ndote una experiencia de ducha de lujo con un esfuerzo m\u00ednimo.<\/p>\n<p><b>Certificados:<\/b><br \/>\n<img decoding=\"async\" class=\"alignnone wp-image-5118\" src=\"https:\/\/vshowerpro.com\/wp-content\/uploads\/2024\/10\/certificates-300x115.png\" alt=\"\" width=\"200\" height=\"77\" srcset=\"https:\/\/vshowerpro.com\/wp-content\/uploads\/2024\/10\/certificates-300x115.png 300w, https:\/\/vshowerpro.com\/wp-content\/uploads\/2024\/10\/certificates-1024x393.png 1024w, https:\/\/vshowerpro.com\/wp-content\/uploads\/2024\/10\/certificates.png 1372w\" sizes=\"(max-width: 200px) 100vw, 200px\" \/><\/p>\n","protected":false},"featured_media":6027,"comment_status":"open","ping_status":"closed","template":"","meta":{"rank_math_lock_modified_date":false},"product_brand":[],"product_cat":[53],"product_tag":[],"class_list":{"0":"post-5986","1":"product","2":"type-product","3":"status-publish","4":"has-post-thumbnail","6":"product_cat-alcachofa-de-ducha-con-filtro","8":"first","9":"instock","10":"taxable","11":"shipping-taxable","12":"purchasable","13":"product-type-simple"},"_links":{"self":[{"href":"https:\/\/vshowerpro.com\/es\/wp-json\/wp\/v2\/product\/5986","targetHints":{"allow":["GET"]}}],"collection":[{"href":"https:\/\/vshowerpro.com\/es\/wp-json\/wp\/v2\/product"}],"about":[{"href":"https:\/\/vshowerpro.com\/es\/wp-json\/wp\/v2\/types\/product"}],"replies":[{"embeddable":true,"href":"https:\/\/vshowerpro.com\/es\/wp-json\/wp\/v2\/comments?post=5986"}],"wp:featuredmedia":[{"embeddable":true,"href":"https:\/\/vshowerpro.com\/es\/wp-json\/wp\/v2\/media\/6027"}],"wp:attachment":[{"href":"https:\/\/vshowerpro.com\/es\/wp-json\/wp\/v2\/media?parent=5986"}],"wp:term":[{"taxonomy":"product_brand","embeddable":true,"href":"https:\/\/vshowerpro.com\/es\/wp-json\/wp\/v2\/product_brand?post=5986"},{"taxonomy":"product_cat","embeddable":true,"href":"https:\/\/vshowerpro.com\/es\/wp-json\/wp\/v2\/product_cat?post=5986"},{"taxonomy":"product_tag","embeddable":true,"href":"https:\/\/vshowerpro.com\/es\/wp-json\/wp\/v2\/product_tag?post=5986"}],"curies":[{"name":"wp","href":"https:\/\/api.w.org\/{rel}","templated":true}]}}