{"id":6090,"date":"2024-10-11T11:35:08","date_gmt":"2024-10-11T11:35:08","guid":{"rendered":"https:\/\/vshowerpro.com\/shop\/sin%20categor\u00eda\/shower-head-filer-for-shower-head-model-sl002\/"},"modified":"2024-11-05T08:48:11","modified_gmt":"2024-11-05T08:48:11","slug":"filtro-de-ducha-purificador","status":"publish","type":"product","link":"https:\/\/vshowerpro.com\/es\/shop\/filtro-de-ducha\/filtro-de-ducha-purificador\/","title":{"rendered":"Filtro de Ducha Purificador  SL002"},"content":{"rendered":"","protected":false},"excerpt":{"rendered":"<p><strong>SUAVE CON EL CABELLO Y LA PIEL:<\/strong> Elimina el cloro y los metales pesados, protegiendo el cabello y la piel de la sequedad y la irritaci\u00f3n.<\/p>\n<p><strong>FILTRACI\u00d3N SIN QU\u00cdMICOS:<\/strong> El filtro compuesto de fibra de carb\u00f3n activado purifica el agua sin aditivos nocivos.<\/p>\n<p><strong>PROTECCI\u00d3N DURADERA:<\/strong> Proporciona una filtraci\u00f3n continua para un cabello m\u00e1s sano y suave y una piel m\u00e1s tersa.<\/p>\n","protected":false},"featured_media":6387,"comment_status":"open","ping_status":"closed","template":"","meta":{"rank_math_lock_modified_date":false},"product_brand":[],"product_cat":[57],"product_tag":[],"class_list":{"0":"post-6090","1":"product","2":"type-product","3":"status-publish","4":"has-post-thumbnail","6":"product_cat-filtro-de-ducha","8":"first","9":"instock","10":"taxable","11":"shipping-taxable","12":"purchasable","13":"product-type-simple"},"_links":{"self":[{"href":"https:\/\/vshowerpro.com\/es\/wp-json\/wp\/v2\/product\/6090","targetHints":{"allow":["GET"]}}],"collection":[{"href":"https:\/\/vshowerpro.com\/es\/wp-json\/wp\/v2\/product"}],"about":[{"href":"https:\/\/vshowerpro.com\/es\/wp-json\/wp\/v2\/types\/product"}],"replies":[{"embeddable":true,"href":"https:\/\/vshowerpro.com\/es\/wp-json\/wp\/v2\/comments?post=6090"}],"wp:featuredmedia":[{"embeddable":true,"href":"https:\/\/vshowerpro.com\/es\/wp-json\/wp\/v2\/media\/6387"}],"wp:attachment":[{"href":"https:\/\/vshowerpro.com\/es\/wp-json\/wp\/v2\/media?parent=6090"}],"wp:term":[{"taxonomy":"product_brand","embeddable":true,"href":"https:\/\/vshowerpro.com\/es\/wp-json\/wp\/v2\/product_brand?post=6090"},{"taxonomy":"product_cat","embeddable":true,"href":"https:\/\/vshowerpro.com\/es\/wp-json\/wp\/v2\/product_cat?post=6090"},{"taxonomy":"product_tag","embeddable":true,"href":"https:\/\/vshowerpro.com\/es\/wp-json\/wp\/v2\/product_tag?post=6090"}],"curies":[{"name":"wp","href":"https:\/\/api.w.org\/{rel}","templated":true}]}}