{"id":6099,"date":"2024-10-11T11:04:36","date_gmt":"2024-10-11T11:04:36","guid":{"rendered":"https:\/\/vshowerpro.com\/shop\/sin%20categor\u00eda\/shower-head-filer-for-shower-head-model-sl001\/"},"modified":"2024-11-22T10:22:53","modified_gmt":"2024-11-22T10:22:53","slug":"filtro-de-ducha-2","status":"publish","type":"product","link":"https:\/\/vshowerpro.com\/es\/shop\/filtro-de-ducha\/filtro-de-ducha-2\/","title":{"rendered":"Filtro de ducha con carb\u00f3n activo SL001"},"content":{"rendered":"","protected":false},"excerpt":{"rendered":"<p><strong>SUAVE CON EL CABELLO Y LA PIEL:<\/strong> Elimina el cloro y los metales pesados, protegiendo el cabello y la piel de la sequedad y la irritaci\u00f3n.<\/p>\n<p><strong>FILTRACI\u00d3N SIN QU\u00cdMICOS:<\/strong> El filtro compuesto de fibra de carb\u00f3n activado purifica el agua sin aditivos nocivos.<\/p>\n<p><strong>PROTECCI\u00d3N DURADERA:<\/strong> Proporciona una filtraci\u00f3n continua para conseguir un cabello m\u00e1s sano y sedoso as\u00ed como una piel m\u00e1s suave.<\/p>\n","protected":false},"featured_media":6382,"comment_status":"open","ping_status":"closed","template":"","meta":{"rank_math_lock_modified_date":false},"product_brand":[],"product_cat":[57],"product_tag":[],"class_list":{"0":"post-6099","1":"product","2":"type-product","3":"status-publish","4":"has-post-thumbnail","6":"product_cat-filtro-de-ducha","8":"first","9":"instock","10":"taxable","11":"shipping-taxable","12":"purchasable","13":"product-type-simple"},"_links":{"self":[{"href":"https:\/\/vshowerpro.com\/es\/wp-json\/wp\/v2\/product\/6099","targetHints":{"allow":["GET"]}}],"collection":[{"href":"https:\/\/vshowerpro.com\/es\/wp-json\/wp\/v2\/product"}],"about":[{"href":"https:\/\/vshowerpro.com\/es\/wp-json\/wp\/v2\/types\/product"}],"replies":[{"embeddable":true,"href":"https:\/\/vshowerpro.com\/es\/wp-json\/wp\/v2\/comments?post=6099"}],"wp:featuredmedia":[{"embeddable":true,"href":"https:\/\/vshowerpro.com\/es\/wp-json\/wp\/v2\/media\/6382"}],"wp:attachment":[{"href":"https:\/\/vshowerpro.com\/es\/wp-json\/wp\/v2\/media?parent=6099"}],"wp:term":[{"taxonomy":"product_brand","embeddable":true,"href":"https:\/\/vshowerpro.com\/es\/wp-json\/wp\/v2\/product_brand?post=6099"},{"taxonomy":"product_cat","embeddable":true,"href":"https:\/\/vshowerpro.com\/es\/wp-json\/wp\/v2\/product_cat?post=6099"},{"taxonomy":"product_tag","embeddable":true,"href":"https:\/\/vshowerpro.com\/es\/wp-json\/wp\/v2\/product_tag?post=6099"}],"curies":[{"name":"wp","href":"https:\/\/api.w.org\/{rel}","templated":true}]}}