{"id":6091,"date":"2024-10-11T11:36:17","date_gmt":"2024-10-11T11:36:17","guid":{"rendered":"https:\/\/vshowerpro.com\/shop\/Bez%20kategorije\/shower-head-filer-for-shower-head-model-sl003\/"},"modified":"2024-11-08T09:15:52","modified_gmt":"2024-11-08T09:15:52","slug":"filter-za-tus-model-sl003","status":"publish","type":"product","link":"https:\/\/vshowerpro.com\/hr\/shop\/filteri-za-tus\/filter-za-tus-model-sl003\/","title":{"rendered":"Filter za tu\u0161 glavu- model SL003"},"content":{"rendered":"","protected":false},"excerpt":{"rendered":"<p><strong>\u010cISTA VODA ZA KO\u017dU I KOSU:<\/strong> Uklanja klor i te\u0161ke metale iz vode, pru\u017eaju\u0107i dodatnu za\u0161titu va\u0161oj kosi i ko\u017ei od isu\u0161ivanja, iritacija i gubitka prirodne vla\u017enosti. Savr\u0161en je za svakodnevnu upotrebu, posebno za osobe s osjetljivom ko\u017eom.<\/p>\n<p><strong>BEZ \u0160TETNIH DODATAKA:<\/strong> Kompozitni filter s aktivnim ugljenom koristi prirodnu filtraciju bez kemijskih dodataka, osiguravaju\u0107i da voda bude sigurna i \u010dista za va\u0161u njegu.<\/p>\n<p><strong>DUGOTRAJNO RJE\u0160ENJE ZA BOLJU NJEGU:<\/strong> Dizajniran za dugotrajnu upotrebu, filter pru\u017ea kontinuiranu filtraciju. Rezultat je svilenkasta kosa i mekana ko\u017ea nakon svakog tu\u0161iranja.<\/p>\n","protected":false},"featured_media":6389,"comment_status":"open","ping_status":"closed","template":"","meta":{"rank_math_lock_modified_date":false},"product_brand":[],"product_cat":[54],"product_tag":[],"class_list":{"0":"post-6091","1":"product","2":"type-product","3":"status-publish","4":"has-post-thumbnail","6":"product_cat-filteri-za-tus","8":"first","9":"instock","10":"taxable","11":"shipping-taxable","12":"purchasable","13":"product-type-simple"},"_links":{"self":[{"href":"https:\/\/vshowerpro.com\/hr\/wp-json\/wp\/v2\/product\/6091","targetHints":{"allow":["GET"]}}],"collection":[{"href":"https:\/\/vshowerpro.com\/hr\/wp-json\/wp\/v2\/product"}],"about":[{"href":"https:\/\/vshowerpro.com\/hr\/wp-json\/wp\/v2\/types\/product"}],"replies":[{"embeddable":true,"href":"https:\/\/vshowerpro.com\/hr\/wp-json\/wp\/v2\/comments?post=6091"}],"wp:featuredmedia":[{"embeddable":true,"href":"https:\/\/vshowerpro.com\/hr\/wp-json\/wp\/v2\/media\/6389"}],"wp:attachment":[{"href":"https:\/\/vshowerpro.com\/hr\/wp-json\/wp\/v2\/media?parent=6091"}],"wp:term":[{"taxonomy":"product_brand","embeddable":true,"href":"https:\/\/vshowerpro.com\/hr\/wp-json\/wp\/v2\/product_brand?post=6091"},{"taxonomy":"product_cat","embeddable":true,"href":"https:\/\/vshowerpro.com\/hr\/wp-json\/wp\/v2\/product_cat?post=6091"},{"taxonomy":"product_tag","embeddable":true,"href":"https:\/\/vshowerpro.com\/hr\/wp-json\/wp\/v2\/product_tag?post=6091"}],"curies":[{"name":"wp","href":"https:\/\/api.w.org\/{rel}","templated":true}]}}