{"id":5978,"date":"2024-10-03T13:38:40","date_gmt":"2024-10-03T13:38:40","guid":{"rendered":"https:\/\/vshowerpro.com\/shop\/nekategorizovano\/5-mode-booster-showerhead\/"},"modified":"2025-10-21T13:15:38","modified_gmt":"2025-10-21T13:15:38","slug":"tus-rucica-visoki-pritisak","status":"publish","type":"product","link":"https:\/\/vshowerpro.com\/sr\/shop\/tus-glava-sa-filterom\/tus-rucica-visoki-pritisak\/","title":{"rendered":"Tu\u0161 ru\u010dica sa filterom i 5 re\u017eima prskanja"},"content":{"rendered":"<p>[vc_row][vc_column][vc_column_text]<strong>Tu\u0161 ru\u010dica sa filterom za zdraviju ko\u017eu i kosu<\/strong><\/p>\n<p>Iskoristite prednosti napredne filtracije sa aktivnim ugljenim filterom koji uklanja hlor, te\u0161ke metale i druge \u0161tetne materije, \u010dine\u0107i va\u0161u vodu \u010distijom i zdravijom za ko\u017eu i kosu.<\/p>\n<p><strong>Mek\u0161a i lep\u0161a ko\u017ea<\/strong><\/p>\n<p>Svako tu\u0161iranje postaje pravi tretman za va\u0161u ko\u017eu. Pobolj\u0161ajte njenu hidrataciju i primetite kako postaje mek\u0161a, gla\u0111a i zdravija ve\u0107 nakon prvog kori\u0161\u0107enja.<\/p>\n<p><strong>Savr\u0161en mlaz za svako raspolo\u017eenje<\/strong><br \/>\nIzaberite izme\u0111u 5 re\u017eima\u00a0 \u2013 ki\u0161a, mlaz, me\u0161oviti, fokusirani i masa\u017eni \u2013 i prilagodite tu\u0161iranje prema svojim \u017eeljama.<\/p>\n<p><strong>Brza instalacija i u\u0161teda<\/strong><br \/>\nInstalacija je jednostavna i brza, a visok pritisak omogu\u0107ava efikasno tu\u0161iranje uz u\u0161tedu vode, bez kompromisa u kvalitetu.[\/vc_column_text][\/vc_column][\/vc_row][vc_row css=&#8221;.vc_custom_1733670726634{padding-top: 3em !important;padding-bottom: 3em !important;background-color: #f5f5f5 !important;}&#8221;][vc_column]<style>.ld_fancy_heading_69dc27c36d0e0 h3{color:rgb(0, 0, 0);}.ld_fancy_heading_69dc27c36d0e0 h3 {font-size:54px; } .ld_fancy_heading_69dc27c36d0e0 h3 {line-height:1em; } .ld_fancy_heading_69dc27c36d0e0 h3 {--element-line-height:1em; } .ld_fancy_heading_69dc27c36d0e0 h3 {padding-top:0px !important; padding-bottom:0px !important;  } .ld_fancy_heading_69dc27c36d0e0 h3 {margin-top:0px !important; margin-bottom:0px !important;  } .ld_fancy_heading_69dc27c36d0e0 .lqd-highlight-inner{height:0.275em!important;bottom:0px!important;}.ld_fancy_heading_69dc27c36d0e0 h3 {font-size:54px; } .ld_fancy_heading_69dc27c36d0e0 h3 {line-height:1em; } .ld_fancy_heading_69dc27c36d0e0 h3 {--element-line-height:1em; } .ld_fancy_heading_69dc27c36d0e0 h3 {padding-top:0px !important; padding-bottom:0px !important;  } .ld_fancy_heading_69dc27c36d0e0 h3 {margin-top:0px !important; margin-bottom:0px !important;  } <\/style><div class=\"ld-fancy-heading text-center ld_fancy_heading_69dc27c36d0e0\">\n\t<h3 class=\"ld-fh-element lqd-highlight-underline lqd-highlight-grow-left text-decoration-default\"   >  UNESI LUKSUZ U SVOJE TU\u0160IRANJE !<\/h3><\/div><style>.ld_fancy_heading_69dc27c36d4b9 p{color:rgb(0, 0, 0);}.ld_fancy_heading_69dc27c36d4b9 p {font-size:32px; } .ld_fancy_heading_69dc27c36d4b9 p {line-height:1em; } .ld_fancy_heading_69dc27c36d4b9 p {--element-line-height:1em; } .ld_fancy_heading_69dc27c36d4b9 p {padding-top:1em !important; padding-bottom:0px !important;  } .ld_fancy_heading_69dc27c36d4b9 p {margin-top:0px !important; margin-bottom:0px !important;  } .ld_fancy_heading_69dc27c36d4b9 .lqd-highlight-inner{height:0.275em!important;bottom:0px!important;}.ld_fancy_heading_69dc27c36d4b9 p {font-size:32px; } .ld_fancy_heading_69dc27c36d4b9 p {line-height:1em; } .ld_fancy_heading_69dc27c36d4b9 p {--element-line-height:1em; } .ld_fancy_heading_69dc27c36d4b9 p {padding-top:1em !important; padding-bottom:0px !important;  } .ld_fancy_heading_69dc27c36d4b9 p {margin-top:0px !important; margin-bottom:0px !important;  } <\/style><div class=\"ld-fancy-heading text-center ld_fancy_heading_69dc27c36d4b9\">\n\t<p class=\"ld-fh-element lqd-highlight-underline lqd-highlight-grow-left text-decoration-default\"   >  TU\u0160 RU\u010cICA SA FILTEROM<\/p><\/div>[vc_row_inner css=&#8221;.vc_custom_1733665356843{margin-top: 2em !important;padding-right: 15% !important;padding-left: 15% !important;}&#8221;][vc_column_inner width=&#8221;1\/5&#8243;][\/vc_column_inner][vc_column_inner width=&#8221;1\/5&#8243;]<style>.ld_icon_box_69dc27c36d7af .lqd-iconbox-title{margin-bottom:px;}.ld_icon_box_69dc27c36d7af p, .ld_icon_box_69dc27c36d7af .contents{color:rgb(0, 0, 0);}.ld_icon_box_69dc27c36d7af .iconbox-icon-container{border-radius:px;}.ld_icon_box_69dc27c36d7af .iconbox-icon-container img,.ld_icon_box_69dc27c36d7af .iconbox-icon-container > svg{width:80px !important;}<\/style>\n<div class=\"iconbox text-align-default iconbox-sm iconbox-heading-sm ld_icon_box_69dc27c36d7af\" id=\"ld_icon_box_69dc27c36d7af\"   >\n\t\n\t\t\t\t\t\n\t\n\t<div class=\"iconbox-icon-wrap\"><span class=\"iconbox-icon-container\"><img decoding=\"async\" src=\"https:\/\/vshowerpro.com\/wp-content\/uploads\/2024\/11\/reduces-hlorine-002.png\" class=\"liquid-image-icon\" \/><\/span><\/div>\t\n\t\t\n\t<div class=\"contents\">\t\n\t\t\n\t\t<p>SMANJUJE<br \/>\nHLOR, OLOVO I<br \/>\nNE\u010cISTO\u0106E<\/p>\n\t\t\n\t<\/div>\t\n\t\n<\/div>\n[\/vc_column_inner][vc_column_inner width=&#8221;1\/5&#8243;]<style>.ld_icon_box_69dc27c36e343 .lqd-iconbox-title{margin-bottom:px;}.ld_icon_box_69dc27c36e343 p, .ld_icon_box_69dc27c36e343 .contents{color:rgb(0, 0, 0);}.ld_icon_box_69dc27c36e343 .iconbox-icon-container{border-radius:px;}.ld_icon_box_69dc27c36e343 .iconbox-icon-container img,.ld_icon_box_69dc27c36e343 .iconbox-icon-container > svg{width:80px !important;}<\/style>\n<div class=\"iconbox text-align-default iconbox-sm iconbox-heading-sm ld_icon_box_69dc27c36e343\" id=\"ld_icon_box_69dc27c36e343\"   >\n\t\n\t\t\t\t\t\n\t\n\t<div class=\"iconbox-icon-wrap\"><span class=\"iconbox-icon-container\"><img decoding=\"async\" src=\"https:\/\/vshowerpro.com\/wp-content\/uploads\/2024\/11\/improves-water-002.png\" class=\"liquid-image-icon\" \/><\/span><\/div>\t\n\t\t\n\t<div class=\"contents\">\t\n\t\t\n\t\t<p>POBOLJ\u0160AVA<br \/>\n\u010cISTO\u0106U<br \/>\nVODE<\/p>\n\t\t\n\t<\/div>\t\n\t\n<\/div>\n[\/vc_column_inner][vc_column_inner width=&#8221;1\/5&#8243;]<style>.ld_icon_box_69dc27c36ec8e .lqd-iconbox-title{margin-bottom:px;}.ld_icon_box_69dc27c36ec8e p, .ld_icon_box_69dc27c36ec8e .contents{color:rgb(0, 0, 0);}.ld_icon_box_69dc27c36ec8e .iconbox-icon-container{border-radius:px;}.ld_icon_box_69dc27c36ec8e .iconbox-icon-container img,.ld_icon_box_69dc27c36ec8e .iconbox-icon-container > svg{width:80px !important;}<\/style>\n<div class=\"iconbox text-align-default iconbox-sm iconbox-heading-sm ld_icon_box_69dc27c36ec8e\" id=\"ld_icon_box_69dc27c36ec8e\"   >\n\t\n\t\t\t\t\t\n\t\n\t<div class=\"iconbox-icon-wrap\"><span class=\"iconbox-icon-container\"><img decoding=\"async\" src=\"https:\/\/vshowerpro.com\/wp-content\/uploads\/2024\/11\/heatlhy-skin-hair-002.png\" class=\"liquid-image-icon\" \/><\/span><\/div>\t\n\t\t\n\t<div class=\"contents\">\t\n\t\t\n\t\t<p>NEGUJE<br \/>\nZDRAVU KO\u017dU<br \/>\nI KOSU<\/p>\n\t\t\n\t<\/div>\t\n\t\n<\/div>\n[\/vc_column_inner][vc_column_inner width=&#8221;1\/5&#8243;][\/vc_column_inner][\/vc_row_inner][\/vc_column][\/vc_row][vc_row css=&#8221;.vc_custom_1733670920282{padding-top: 3em !important;padding-bottom: 3em !important;background-color: #d4eef9 !important;}&#8221;][vc_column][vc_row_inner content_placement=&#8221;middle&#8221; css=&#8221;.vc_custom_1733666255719{padding-top: 3em !important;}&#8221;][vc_column_inner width=&#8221;2\/3&#8243;][vc_column_text css=&#8221;.vc_custom_1734513082434{margin-top: 0px !important;margin-bottom: 0px !important;padding-top: 0px !important;padding-bottom: 10px !important;}&#8221;]<\/p>\n<h4>Prednosti odabira tu\u0161 glave sa aktivnim ugljenim filterom<\/h4>\n<p>[\/vc_column_text]<style>.ld_icon_box_69dc27c36f2a8 .lqd-iconbox-title{margin-bottom:px;}.ld_icon_box_69dc27c36f2a8 .iconbox-icon-container{border-radius:px;}<\/style>\n<div class=\"iconbox iconbox-side text-align-default iconbox-heading-xs ld_icon_box_69dc27c36f2a8\" id=\"ld_icon_box_69dc27c36f2a8\"  data-animate-icon=\"true\"  >\n\t\n\t\t\t\t\t\n\t\n\t<div class=\"iconbox-icon-wrap\"><span class=\"iconbox-icon-container\"><i class=\"lqd-icn-ess icon-num-1\"><\/i><\/span><\/div>\t\n\t\t\n\t<div class=\"contents\">\t\n\t\t\n\t<h3 class=\"lqd-iconbox-title font-weight-semibold\">Mek\u0161a i hidrirana ko\u017ea:<\/h3>\t<p>Filter uklanja hlor i druge agresivne hemikalije, poma\u017eu\u0107i u o\u010duvanju prirodne barijere hidratacije ko\u017ee, \u010dime spre\u010dava isu\u0161ivanje i iritaciju.<\/p>\n\t\t\n\t<\/div>\t\n\t\n<\/div>\n<style>.ld_icon_box_69dc27c36f5b5 .lqd-iconbox-title{margin-bottom:px;}.ld_icon_box_69dc27c36f5b5 .iconbox-icon-container{border-radius:px;}<\/style>\n<div class=\"iconbox iconbox-side text-align-default iconbox-heading-xs ld_icon_box_69dc27c36f5b5\" id=\"ld_icon_box_69dc27c36f5b5\"  data-animate-icon=\"true\"  >\n\t\n\t\t\t\t\t\n\t\n\t<div class=\"iconbox-icon-wrap\"><span class=\"iconbox-icon-container\"><i class=\"lqd-icn-ess icon-num-2\"><\/i><\/span><\/div>\t\n\t\t\n\t<div class=\"contents\">\t\n\t\t\n\t<h3 class=\"lqd-iconbox-title font-weight-semibold\">Zdrava i sjajna kosa:<\/h3>\t<p>Uklanjanjem hemijskih ostataka i te\u0161kih metala, kosa postaje mek\u0161a, lak\u0161a za oblikovanje i sjajnija, bez optere\u0107enja ne\u010disto\u0107ama.<\/p>\n\t\t\n\t<\/div>\t\n\t\n<\/div>\n<style>.ld_icon_box_69dc27c36f8a7 .lqd-iconbox-title{margin-bottom:px;}.ld_icon_box_69dc27c36f8a7 .iconbox-icon-container{border-radius:px;}<\/style>\n<div class=\"iconbox iconbox-side text-align-default iconbox-heading-xs ld_icon_box_69dc27c36f8a7\" id=\"ld_icon_box_69dc27c36f8a7\"  data-animate-icon=\"true\"  >\n\t\n\t\t\t\t\t\n\t\n\t<div class=\"iconbox-icon-wrap\"><span class=\"iconbox-icon-container\"><i class=\"lqd-icn-ess icon-num-3\"><\/i><\/span><\/div>\t\n\t\t\n\t<div class=\"contents\">\t\n\t\t\n\t<h3 class=\"lqd-iconbox-title font-weight-semibold\">Smanjenje alergija i iritacija:<\/h3>\t<p>Filter poma\u017ee u smanjenju alergena i ne\u010disto\u0107a u vodi, \u010dime se smanjuje pojava osipa ili iritacija ko\u017ee, posebno kod osetljive ko\u017ee.<\/p>\n\t\t\n\t<\/div>\t\n\t\n<\/div>\n<style>.ld_icon_box_69dc27c36fb76 .lqd-iconbox-title{margin-bottom:px;}.ld_icon_box_69dc27c36fb76 .iconbox-icon-container{border-radius:px;}<\/style>\n<div class=\"iconbox iconbox-side text-align-default iconbox-heading-xs ld_icon_box_69dc27c36fb76\" id=\"ld_icon_box_69dc27c36fb76\"  data-animate-icon=\"true\"  >\n\t\n\t\t\t\t\t\n\t\n\t<div class=\"iconbox-icon-wrap\"><span class=\"iconbox-icon-container\"><i class=\"lqd-icn-ess icon-num-4\"><\/i><\/span><\/div>\t\n\t\t\n\t<div class=\"contents\">\t\n\t\t\n\t<h3 class=\"lqd-iconbox-title font-weight-semibold\">Pobolj\u0161ana cirkulacija i snabdevanje ko\u017ee kiseonikom:<\/h3>\t<p>Pro\u010di\u0161\u0107ena voda, bez ne\u010disto\u0107a, pobolj\u0161ava cirkulaciju i snabdevanje ko\u017ee kiseonikom, \u010dine\u0107i je zdravijom.<\/p>\n<p>**Preporu\u010dujemo zamenu filter patrone svakih 2-3 meseca, u zavisnosti od kvaliteta vode.<\/p>\n\t\t\n\t<\/div>\t\n\t\n<\/div>\n[\/vc_column_inner][vc_column_inner width=&#8221;1\/3&#8243;][vc_single_image image=&#8221;7008&#8243; css=&#8221;.vc_custom_1734527498484{border-radius: 15px !important;}&#8221;][\/vc_column_inner][\/vc_row_inner][\/vc_column][\/vc_row][vc_row css=&#8221;.vc_custom_1733667131855{padding-top: 3em !important;padding-bottom: 3em !important;}&#8221;][vc_column]<style>.ld_fancy_heading_69dc27c36fe3f p{color:rgb(0, 0, 0);}.ld_fancy_heading_69dc27c36fe3f p {font-size:32px; } .ld_fancy_heading_69dc27c36fe3f p {line-height:1em; } .ld_fancy_heading_69dc27c36fe3f p {--element-line-height:1em; } .ld_fancy_heading_69dc27c36fe3f p {font-weight:600; } .ld_fancy_heading_69dc27c36fe3f p {padding-top:0px !important; padding-bottom:0px !important;  } .ld_fancy_heading_69dc27c36fe3f p {margin-top:0px !important; margin-bottom:0px !important;  } .ld_fancy_heading_69dc27c36fe3f .lqd-highlight-inner{height:0.275em!important;bottom:0px!important;}.ld_fancy_heading_69dc27c36fe3f p {font-size:32px; } .ld_fancy_heading_69dc27c36fe3f p {line-height:1em; } .ld_fancy_heading_69dc27c36fe3f p {--element-line-height:1em; } .ld_fancy_heading_69dc27c36fe3f p {font-weight:600; } .ld_fancy_heading_69dc27c36fe3f p {padding-top:0px !important; padding-bottom:0px !important;  } .ld_fancy_heading_69dc27c36fe3f p {margin-top:0px !important; margin-bottom:0px !important;  } <\/style><div class=\"ld-fancy-heading text-center ld_fancy_heading_69dc27c36fe3f\">\n\t<p class=\"ld-fh-element lqd-highlight-underline lqd-highlight-grow-left text-decoration-default\"   >  5 FUNKCIJA<\/p><\/div>[vc_row_inner][vc_column_inner][vc_single_image image=&#8221;6816&#8243; alignment=&#8221;center&#8221; css=&#8221;.vc_custom_1733672252667{margin-top: 0px !important;margin-bottom: 0px !important;padding-top: 0px !important;padding-bottom: 0px !important;}&#8221;][\/vc_column_inner][\/vc_row_inner]<style>.ld_fancy_heading_69dc27c3704c1 p{color:rgb(0, 0, 0);}.ld_fancy_heading_69dc27c3704c1 p {font-size:18px; } .ld_fancy_heading_69dc27c3704c1 p {padding-top:0px !important; padding-bottom:0px !important;  } .ld_fancy_heading_69dc27c3704c1 p {margin-top:0px !important; margin-bottom:0px !important;  } .ld_fancy_heading_69dc27c3704c1 .lqd-highlight-inner{height:0.275em!important;bottom:0px!important;}.ld_fancy_heading_69dc27c3704c1 p {font-size:18px; } .ld_fancy_heading_69dc27c3704c1 p {padding-top:0px !important; padding-bottom:0px !important;  } .ld_fancy_heading_69dc27c3704c1 p {margin-top:0px !important; margin-bottom:0px !important;  } <\/style><div class=\"ld-fancy-heading text-center ld_fancy_heading_69dc27c3704c1\">\n\t<p class=\"ld-fh-element lqd-highlight-underline lqd-highlight-grow-left text-decoration-default\"   >  Personalizujte svoje tu\u0161iranje uz pet opcija: ki\u0161a, mlaz, miks, fokus i masa\u017ea, prilago\u0111ene va\u0161em raspolo\u017eenju.<\/p><\/div>[\/vc_column][\/vc_row][vc_row full_height=&#8221;yes&#8221; columns_placement=&#8221;middle&#8221; content_placement=&#8221;middle&#8221; css=&#8221;.vc_custom_1733671553109{margin-top: 0px !important;margin-bottom: 0px !important;padding-top: 0px !important;padding-bottom: 0px !important;background-image: url(https:\/\/vshowerpro.com\/wp-content\/uploads\/2024\/10\/CLEAN-AND-INVIGORATING.jpg?id=6820) !important;background-position: center !important;background-repeat: no-repeat !important;background-size: cover !important;}&#8221;][vc_column][vc_row_inner css=&#8221;.vc_custom_1733667744933{background-position: center !important;background-repeat: no-repeat !important;background-size: contain !important;}&#8221;][vc_column_inner width=&#8221;1\/4&#8243; css=&#8221;.vc_custom_1733668006339{padding-top: 2em !important;}&#8221;][\/vc_column_inner][vc_column_inner width=&#8221;1\/2&#8243;]<style>.ld_fancy_heading_69dc27c370c04 h3{color:rgb(255, 255, 255);}.ld_fancy_heading_69dc27c370c04 h3 {font-size:60px; } .ld_fancy_heading_69dc27c370c04 h3 {font-weight:400; } .ld_fancy_heading_69dc27c370c04 h3 {padding-top:0px !important; padding-bottom:0px !important;  } .ld_fancy_heading_69dc27c370c04 h3 {margin-top:0px !important; margin-bottom:0px !important;  } .ld_fancy_heading_69dc27c370c04 .lqd-highlight-inner{height:0.275em!important;bottom:0px!important;}.ld_fancy_heading_69dc27c370c04 h3 {font-size:60px; } .ld_fancy_heading_69dc27c370c04 h3 {font-weight:400; } .ld_fancy_heading_69dc27c370c04 h3 {padding-top:0px !important; padding-bottom:0px !important;  } .ld_fancy_heading_69dc27c370c04 h3 {margin-top:0px !important; margin-bottom:0px !important;  } <\/style><div class=\"ld-fancy-heading text-center ld_fancy_heading_69dc27c370c04\">\n\t<h3 class=\"ld-fh-element lqd-highlight-underline lqd-highlight-grow-left text-decoration-default\"   >  KRISTALNO \u010cISTO I OSVE\u017dAVAJU\u0106E<\/h3><\/div><style>.ld_fancy_heading_69dc27c370fd5 h3{color:rgb(255, 255, 255);}.ld_fancy_heading_69dc27c370fd5 h3 {font-size:36px; } .ld_fancy_heading_69dc27c370fd5 h3 {font-weight:400; } .ld_fancy_heading_69dc27c370fd5 h3 {padding-top:0px !important; padding-bottom:0px !important;  } .ld_fancy_heading_69dc27c370fd5 h3 {margin-top:0px !important; margin-bottom:0px !important;  } .ld_fancy_heading_69dc27c370fd5 .lqd-highlight-inner{height:0.275em!important;bottom:0px!important;}.ld_fancy_heading_69dc27c370fd5 h3 {font-size:36px; } .ld_fancy_heading_69dc27c370fd5 h3 {font-weight:400; } .ld_fancy_heading_69dc27c370fd5 h3 {padding-top:0px !important; padding-bottom:0px !important;  } .ld_fancy_heading_69dc27c370fd5 h3 {margin-top:0px !important; margin-bottom:0px !important;  } <\/style><div class=\"ld-fancy-heading text-center ld_fancy_heading_69dc27c370fd5\">\n\t<h3 class=\"ld-fh-element lqd-highlight-underline lqd-highlight-grow-left text-decoration-default\"   >  TU\u0160IRANJE KOJE BUDI VA\u0160A \u010cULA<\/h3><\/div>[\/vc_column_inner][vc_column_inner width=&#8221;1\/4&#8243;][\/vc_column_inner][\/vc_row_inner][\/vc_column][\/vc_row][vc_row content_placement=&#8221;middle&#8221; css=&#8221;.vc_custom_1733671921245{padding-top: 3em !important;padding-bottom: 3em !important;}&#8221;][vc_column][vc_row_inner content_placement=&#8221;middle&#8221;][vc_column_inner width=&#8221;1\/2&#8243;][vc_single_image image=&#8221;6824&#8243;][\/vc_column_inner][vc_column_inner width=&#8221;1\/2&#8243;]<style>.ld_fancy_heading_69dc27c37124b p{color:rgb(0, 0, 0);}.ld_fancy_heading_69dc27c37124b p {font-size:18px; } .ld_fancy_heading_69dc27c37124b p {padding-top:2em !important; padding-bottom:2em !important;  } .ld_fancy_heading_69dc27c37124b p {margin-top:0px !important; margin-bottom:0px !important;  } .ld_fancy_heading_69dc27c37124b .lqd-highlight-inner{height:0.275em!important;bottom:0px!important;}.ld_fancy_heading_69dc27c37124b p {font-size:18px; } .ld_fancy_heading_69dc27c37124b p {padding-top:2em !important; padding-bottom:2em !important;  } .ld_fancy_heading_69dc27c37124b p {margin-top:0px !important; margin-bottom:0px !important;  } <\/style><div class=\"ld-fancy-heading text-center ld_fancy_heading_69dc27c37124b\">\n\t<p class=\"ld-fh-element lqd-highlight-underline lqd-highlight-grow-left text-decoration-default\"   >  Sa tu\u0161 panelom \u0161irine 120mm u\u017eivajte u ve\u0107oj pokrivenosti i potpunom osve\u017eenju. \u0160iri mlaz vode pru\u017ea intenzivniji do\u017eivljaj, dok jednostavno dugme \u00a0omogu\u0107ava lako prebacivanje izme\u0111u razli\u010ditih re\u017eima.<\/p>\n<p><\/p><\/div>[\/vc_column_inner][\/vc_row_inner][\/vc_column][\/vc_row][vc_row css=&#8221;.vc_custom_1733669868527{padding-bottom: 3em !important;}&#8221;][vc_column]<style>.ld_fancy_heading_69dc27c3714e7 h3{color:rgb(120, 181, 221);}.ld_fancy_heading_69dc27c3714e7 h3 {font-size:32px; } .ld_fancy_heading_69dc27c3714e7 h3 {padding-top:0px !important; padding-bottom:0px !important;  } .ld_fancy_heading_69dc27c3714e7 h3 {margin-top:0px !important; margin-bottom:0px !important;  } .ld_fancy_heading_69dc27c3714e7 .lqd-highlight-inner{height:0.275em!important;bottom:0px!important;}.ld_fancy_heading_69dc27c3714e7 h3 {font-size:32px; } .ld_fancy_heading_69dc27c3714e7 h3 {padding-top:0px !important; padding-bottom:0px !important;  } .ld_fancy_heading_69dc27c3714e7 h3 {margin-top:0px !important; margin-bottom:0px !important;  } <\/style><div class=\"ld-fancy-heading text-center ld_fancy_heading_69dc27c3714e7\">\n\t<h3 class=\"ld-fh-element lqd-highlight-underline lqd-highlight-grow-left text-decoration-default\"   >  Upoznajte razliku i unapredite svoje tu\u0161iranje sa Vshower Pro\u00ae!<\/h3><\/div>[\/vc_column][\/vc_row]<\/p>\n","protected":false},"excerpt":{"rendered":"<p><strong>NAPREDNA FILTRACIJA:<\/strong> Tu\u0161 ru\u010dica opremljena naprednim aktivnim ugljenim filterom koji efikasno uklanja hlor i te\u0161ke metale, pru\u017eaju\u0107i va\u0161oj ko\u017ei i kosi za\u0161titu od \u0161tetnih efekata tvrde i ne \u010diste vode.<\/p>\n<p><strong>VISOK PRITISAK: <\/strong>Sna\u017ean mlaz koji vas budi, osve\u017eava i pobolj\u0161ava cirkulaciju svaki dan.<\/p>\n<p><strong>5 FUNKCIJA: <\/strong>Prilagodite tu\u0161iranje prema svom raspolo\u017eenju sa pet razli\u010ditih re\u017eima: ki\u0161a, mlaz, kombinovani, fokus i masa\u017ea<\/p>\n<p><strong>JEDNOSTAVNA INSTALACIJA:<\/strong> Brzo i lako postavite tu\u0161 glavu bez alata i komplikacija.<\/p>\n<p><b>Sertifikati:<\/b><br \/>\n<img decoding=\"async\" class=\"alignnone wp-image-5118\" src=\"https:\/\/vshowerpro.com\/wp-content\/uploads\/2024\/10\/certificates-300x115.png\" alt=\"\" width=\"200\" height=\"77\" srcset=\"https:\/\/vshowerpro.com\/wp-content\/uploads\/2024\/10\/certificates-300x115.png 300w, https:\/\/vshowerpro.com\/wp-content\/uploads\/2024\/10\/certificates-1024x393.png 1024w, https:\/\/vshowerpro.com\/wp-content\/uploads\/2024\/10\/certificates.png 1372w\" sizes=\"(max-width: 200px) 100vw, 200px\" \/><\/p>\n","protected":false},"featured_media":6018,"comment_status":"open","ping_status":"closed","template":"","meta":{"rank_math_lock_modified_date":false},"product_brand":[],"product_cat":[52],"product_tag":[],"class_list":{"0":"post-5978","1":"product","2":"type-product","3":"status-publish","4":"has-post-thumbnail","6":"product_cat-tus-glava-sa-filterom","8":"first","9":"instock","10":"taxable","11":"shipping-taxable","12":"purchasable","13":"product-type-simple"},"_links":{"self":[{"href":"https:\/\/vshowerpro.com\/sr\/wp-json\/wp\/v2\/product\/5978","targetHints":{"allow":["GET"]}}],"collection":[{"href":"https:\/\/vshowerpro.com\/sr\/wp-json\/wp\/v2\/product"}],"about":[{"href":"https:\/\/vshowerpro.com\/sr\/wp-json\/wp\/v2\/types\/product"}],"replies":[{"embeddable":true,"href":"https:\/\/vshowerpro.com\/sr\/wp-json\/wp\/v2\/comments?post=5978"}],"wp:featuredmedia":[{"embeddable":true,"href":"https:\/\/vshowerpro.com\/sr\/wp-json\/wp\/v2\/media\/6018"}],"wp:attachment":[{"href":"https:\/\/vshowerpro.com\/sr\/wp-json\/wp\/v2\/media?parent=5978"}],"wp:term":[{"taxonomy":"product_brand","embeddable":true,"href":"https:\/\/vshowerpro.com\/sr\/wp-json\/wp\/v2\/product_brand?post=5978"},{"taxonomy":"product_cat","embeddable":true,"href":"https:\/\/vshowerpro.com\/sr\/wp-json\/wp\/v2\/product_cat?post=5978"},{"taxonomy":"product_tag","embeddable":true,"href":"https:\/\/vshowerpro.com\/sr\/wp-json\/wp\/v2\/product_tag?post=5978"}],"curies":[{"name":"wp","href":"https:\/\/api.w.org\/{rel}","templated":true}]}}