{"id":5982,"date":"2024-10-03T13:44:03","date_gmt":"2024-10-03T13:44:03","guid":{"rendered":"https:\/\/vshowerpro.com\/shop\/nekategorizovano\/3-mode-water-saving-shower-head\/"},"modified":"2025-10-24T08:13:05","modified_gmt":"2025-10-24T08:13:05","slug":"za-ustedu-vode","status":"publish","type":"product","link":"https:\/\/vshowerpro.com\/sr\/shop\/tus-glava-sa-filterom\/za-ustedu-vode\/","title":{"rendered":"Tu\u0161 ru\u010dica sa filterom 3 re\u017eima prskanja"},"content":{"rendered":"<p>[vc_row][vc_column][vc_column_text]<strong>Tu\u0161 ru\u010dica sa naprednim ugljenim filterom<\/strong><\/p>\n<p>Tu\u0161 ru\u010dica poseduje napredni filter sa aktivnim ugljem koji efikasno uklanja hlor, te\u0161ke metale i druge ne\u010disto\u0107e iz vode, \u0161tite\u0107i va\u0161u ko\u017eu i kosu od \u0161tetnih efekata.<\/p>\n<p><strong>Meka i glatka ko\u017ea<\/strong><br \/>\nSvako tu\u0161iranje postaje tretman za hidrataciju, pove\u0107avaju\u0107i zadr\u017eavanje vlage. Va\u0161a ko\u017ea \u0107e biti meka i glatka nakon svakog kori\u0161\u0107enja.<\/p>\n<p><strong>3 na\u010dina prskanja<\/strong><br \/>\nBirajte izme\u0111u 3 re\u017eima prskanja: fokusirani za dubinsko \u010di\u0161\u0107enje, ki\u0161ni za opu\u0161taju\u0107i ose\u0107aj i kombinovani za savr\u0161enu ravnote\u017eu. Prilagodite tu\u0161iranje svom raspolo\u017eenju.<\/p>\n<p><strong>Za\u0161to izabrati Vshower Pro\u00ae?<\/strong><br \/>\nTu\u0161 ru\u010dica sa visokim pritiskom obezbe\u0111uje \u010distu i negovanu ko\u017eu i kosu, izra\u0111ena od izdr\u017eljivih i ekolo\u0161kih materijala koji \u0161tede vodu.[\/vc_column_text][\/vc_column][\/vc_row][vc_row css=&#8221;.vc_custom_1733670726634{padding-top: 3em !important;padding-bottom: 3em !important;background-color: #f5f5f5 !important;}&#8221;][vc_column]<style>.ld_fancy_heading_69dc268a1e592 h3{color:rgb(0, 0, 0);}.ld_fancy_heading_69dc268a1e592 h3 {font-size:54px; } .ld_fancy_heading_69dc268a1e592 h3 {padding-top:0px !important; padding-bottom:0px !important;  } .ld_fancy_heading_69dc268a1e592 h3 {margin-top:0px !important; margin-bottom:0px !important;  } .ld_fancy_heading_69dc268a1e592 .lqd-highlight-inner{height:0.275em!important;bottom:0px!important;}.ld_fancy_heading_69dc268a1e592 h3 {font-size:54px; } .ld_fancy_heading_69dc268a1e592 h3 {padding-top:0px !important; padding-bottom:0px !important;  } .ld_fancy_heading_69dc268a1e592 h3 {margin-top:0px !important; margin-bottom:0px !important;  } <\/style><div class=\"ld-fancy-heading text-center ld_fancy_heading_69dc268a1e592\">\n\t<h3 class=\"ld-fh-element lqd-highlight-underline lqd-highlight-grow-left text-decoration-default\"   >  U\u0160TEDA VODE<\/h3><\/div><style>.ld_fancy_heading_69dc268a1e9b6 p{color:rgb(0, 0, 0);}.ld_fancy_heading_69dc268a1e9b6 p {font-size:32px; } .ld_fancy_heading_69dc268a1e9b6 p {line-height:1em; } .ld_fancy_heading_69dc268a1e9b6 p {--element-line-height:1em; } .ld_fancy_heading_69dc268a1e9b6 p {padding-top:1em !important; padding-bottom:0px !important;  } .ld_fancy_heading_69dc268a1e9b6 p {margin-top:0px !important; margin-bottom:0px !important;  } .ld_fancy_heading_69dc268a1e9b6 .lqd-highlight-inner{height:0.275em!important;bottom:0px!important;}.ld_fancy_heading_69dc268a1e9b6 p {font-size:32px; } .ld_fancy_heading_69dc268a1e9b6 p {line-height:1em; } .ld_fancy_heading_69dc268a1e9b6 p {--element-line-height:1em; } .ld_fancy_heading_69dc268a1e9b6 p {padding-top:1em !important; padding-bottom:0px !important;  } .ld_fancy_heading_69dc268a1e9b6 p {margin-top:0px !important; margin-bottom:0px !important;  } <\/style><div class=\"ld-fancy-heading text-center ld_fancy_heading_69dc268a1e9b6\">\n\t<p class=\"ld-fh-element lqd-highlight-underline lqd-highlight-grow-left text-decoration-default\"   >  DIZAJN KOJI POVE\u0106AVA PRITISAK<\/p><\/div>[vc_row_inner css=&#8221;.vc_custom_1733665356843{margin-top: 2em !important;padding-right: 15% !important;padding-left: 15% !important;}&#8221;][vc_column_inner width=&#8221;1\/5&#8243;][\/vc_column_inner][vc_column_inner width=&#8221;1\/5&#8243;]<style>.ld_icon_box_69dc268a1ecb6 .lqd-iconbox-title{margin-bottom:px;}.ld_icon_box_69dc268a1ecb6 p, .ld_icon_box_69dc268a1ecb6 .contents{color:rgb(0, 0, 0);}.ld_icon_box_69dc268a1ecb6 .iconbox-icon-container{border-radius:px;}.ld_icon_box_69dc268a1ecb6 .iconbox-icon-container img,.ld_icon_box_69dc268a1ecb6 .iconbox-icon-container > svg{width:80px !important;}<\/style>\n<div class=\"iconbox text-align-default iconbox-sm iconbox-heading-sm ld_icon_box_69dc268a1ecb6\" id=\"ld_icon_box_69dc268a1ecb6\"   >\n\t\n\t\t\t\t\t\n\t\n\t<div class=\"iconbox-icon-wrap\"><span class=\"iconbox-icon-container\"><img decoding=\"async\" src=\"https:\/\/vshowerpro.com\/wp-content\/uploads\/2024\/11\/reduces-hlorine-002.png\" class=\"liquid-image-icon\" \/><\/span><\/div>\t\n\t\t\n\t<div class=\"contents\">\t\n\t\t\n\t\t<p>SMANJUJE<br \/>\nHLOR, OLOVO I<br \/>\nNE\u010cISTO\u0106E<\/p>\n\t\t\n\t<\/div>\t\n\t\n<\/div>\n[\/vc_column_inner][vc_column_inner width=&#8221;1\/5&#8243;]<style>.ld_icon_box_69dc268a1f96c .lqd-iconbox-title{margin-bottom:px;}.ld_icon_box_69dc268a1f96c p, .ld_icon_box_69dc268a1f96c .contents{color:rgb(0, 0, 0);}.ld_icon_box_69dc268a1f96c .iconbox-icon-container{border-radius:px;}.ld_icon_box_69dc268a1f96c .iconbox-icon-container img,.ld_icon_box_69dc268a1f96c .iconbox-icon-container > svg{width:80px !important;}<\/style>\n<div class=\"iconbox text-align-default iconbox-sm iconbox-heading-sm ld_icon_box_69dc268a1f96c\" id=\"ld_icon_box_69dc268a1f96c\"   >\n\t\n\t\t\t\t\t\n\t\n\t<div class=\"iconbox-icon-wrap\"><span class=\"iconbox-icon-container\"><img decoding=\"async\" src=\"https:\/\/vshowerpro.com\/wp-content\/uploads\/2024\/11\/improves-water-002.png\" class=\"liquid-image-icon\" \/><\/span><\/div>\t\n\t\t\n\t<div class=\"contents\">\t\n\t\t\n\t\t<p>POBOLJ\u0160AVA<\/p>\n<p>\u010cISTO\u0106U<\/p>\n<p>VODE<\/p>\n\t\t\n\t<\/div>\t\n\t\n<\/div>\n[\/vc_column_inner][vc_column_inner width=&#8221;1\/5&#8243;]<style>.ld_icon_box_69dc268a20333 .lqd-iconbox-title{margin-bottom:px;}.ld_icon_box_69dc268a20333 p, .ld_icon_box_69dc268a20333 .contents{color:rgb(0, 0, 0);}.ld_icon_box_69dc268a20333 .iconbox-icon-container{border-radius:px;}.ld_icon_box_69dc268a20333 .iconbox-icon-container img,.ld_icon_box_69dc268a20333 .iconbox-icon-container > svg{width:80px !important;}<\/style>\n<div class=\"iconbox text-align-default iconbox-sm iconbox-heading-sm ld_icon_box_69dc268a20333\" id=\"ld_icon_box_69dc268a20333\"   >\n\t\n\t\t\t\t\t\n\t\n\t<div class=\"iconbox-icon-wrap\"><span class=\"iconbox-icon-container\"><img decoding=\"async\" src=\"https:\/\/vshowerpro.com\/wp-content\/uploads\/2024\/11\/heatlhy-skin-hair-002.png\" class=\"liquid-image-icon\" \/><\/span><\/div>\t\n\t\t\n\t<div class=\"contents\">\t\n\t\t\n\t\t<p>NEGUJE<\/p>\n<p>ZDRAVU KO\u017dU<\/p>\n<p>I KOSU<\/p>\n\t\t\n\t<\/div>\t\n\t\n<\/div>\n[\/vc_column_inner][vc_column_inner width=&#8221;1\/5&#8243;][\/vc_column_inner][\/vc_row_inner][\/vc_column][\/vc_row][vc_row css=&#8221;.vc_custom_1733670920282{padding-top: 3em !important;padding-bottom: 3em !important;background-color: #d4eef9 !important;}&#8221;][vc_column][vc_row_inner content_placement=&#8221;middle&#8221; css=&#8221;.vc_custom_1733666255719{padding-top: 3em !important;}&#8221;][vc_column_inner width=&#8221;2\/3&#8243;][vc_column_text css=&#8221;.vc_custom_1734517869323{margin-top: 0px !important;margin-bottom: 0px !important;padding-top: 0px !important;padding-bottom: 10px !important;}&#8221;]<\/p>\n<h4>Prednosti odabira tu\u0161 glave sa aktivnim ugljenim filterom<\/h4>\n<p>[\/vc_column_text]<style>.ld_icon_box_69dc268a2095a .lqd-iconbox-title{margin-bottom:px;}.ld_icon_box_69dc268a2095a .iconbox-icon-container{border-radius:px;}<\/style>\n<div class=\"iconbox iconbox-side text-align-default iconbox-heading-xs ld_icon_box_69dc268a2095a\" id=\"ld_icon_box_69dc268a2095a\"  data-animate-icon=\"true\"  >\n\t\n\t\t\t\t\t\n\t\n\t<div class=\"iconbox-icon-wrap\"><span class=\"iconbox-icon-container\"><i class=\"lqd-icn-ess icon-num-1\"><\/i><\/span><\/div>\t\n\t\t\n\t<div class=\"contents\">\t\n\t\t\n\t<h3 class=\"lqd-iconbox-title font-weight-semibold\">Mek\u0161a i hidrirana ko\u017ea:<\/h3>\t<p>Filter uklanja hlor i druge agresivne hemikalije, poma\u017eu\u0107i u o\u010duvanju prirodne barijere hidratacije ko\u017ee, \u010dime spre\u010dava isu\u0161ivanje i iritaciju.<\/p>\n\t\t\n\t<\/div>\t\n\t\n<\/div>\n<style>.ld_icon_box_69dc268a20c9f .lqd-iconbox-title{margin-bottom:px;}.ld_icon_box_69dc268a20c9f .iconbox-icon-container{border-radius:px;}<\/style>\n<div class=\"iconbox iconbox-side text-align-default iconbox-heading-xs ld_icon_box_69dc268a20c9f\" id=\"ld_icon_box_69dc268a20c9f\"  data-animate-icon=\"true\"  >\n\t\n\t\t\t\t\t\n\t\n\t<div class=\"iconbox-icon-wrap\"><span class=\"iconbox-icon-container\"><i class=\"lqd-icn-ess icon-num-2\"><\/i><\/span><\/div>\t\n\t\t\n\t<div class=\"contents\">\t\n\t\t\n\t<h3 class=\"lqd-iconbox-title font-weight-semibold\">Zdrava i sjajna kosa:<\/h3>\t<p>Uklanjanjem hemijskih ostataka i te\u0161kih metala, kosa postaje mek\u0161a, lak\u0161a za oblikovanje i sjajnija, bez optere\u0107enja ne\u010disto\u0107ama.<\/p>\n\t\t\n\t<\/div>\t\n\t\n<\/div>\n<style>.ld_icon_box_69dc268a20f96 .lqd-iconbox-title{margin-bottom:px;}.ld_icon_box_69dc268a20f96 .iconbox-icon-container{border-radius:px;}<\/style>\n<div class=\"iconbox iconbox-side text-align-default iconbox-heading-xs ld_icon_box_69dc268a20f96\" id=\"ld_icon_box_69dc268a20f96\"  data-animate-icon=\"true\"  >\n\t\n\t\t\t\t\t\n\t\n\t<div class=\"iconbox-icon-wrap\"><span class=\"iconbox-icon-container\"><i class=\"lqd-icn-ess icon-num-3\"><\/i><\/span><\/div>\t\n\t\t\n\t<div class=\"contents\">\t\n\t\t\n\t<h3 class=\"lqd-iconbox-title font-weight-semibold\">Smanjenje alergija i iritacija:<\/h3>\t<p>Filter poma\u017ee u smanjenju alergena i ne\u010disto\u0107a u vodi, \u010dime se smanjuje pojava osipa ili iritacija ko\u017ee, posebno kod osetljive ko\u017ee.<\/p>\n\t\t\n\t<\/div>\t\n\t\n<\/div>\n<style>.ld_icon_box_69dc268a21278 .lqd-iconbox-title{margin-bottom:px;}.ld_icon_box_69dc268a21278 .iconbox-icon-container{border-radius:px;}<\/style>\n<div class=\"iconbox iconbox-side text-align-default iconbox-heading-xs ld_icon_box_69dc268a21278\" id=\"ld_icon_box_69dc268a21278\"  data-animate-icon=\"true\"  >\n\t\n\t\t\t\t\t\n\t\n\t<div class=\"iconbox-icon-wrap\"><span class=\"iconbox-icon-container\"><i class=\"lqd-icn-ess icon-num-4\"><\/i><\/span><\/div>\t\n\t\t\n\t<div class=\"contents\">\t\n\t\t\n\t<h3 class=\"lqd-iconbox-title font-weight-semibold\">Pobolj\u0161ana cirkulacija i snabdevanje ko\u017ee kiseonikom:<\/h3>\t<p>Pro\u010di\u0161\u0107ena voda, bez ne\u010disto\u0107a, pobolj\u0161ava cirkulaciju i snabdevanje ko\u017ee kiseonikom, \u010dine\u0107i je zdravijom.<\/p>\n<p>**Preporu\u010dujemo zamenu filter patrone svakih 2-3 meseca, u zavisnosti od kvaliteta vode.<\/p>\n<p>&nbsp;<\/p>\n\t\t\n\t<\/div>\t\n\t\n<\/div>\n[\/vc_column_inner][vc_column_inner width=&#8221;1\/3&#8243;][vc_single_image image=&#8221;7013&#8243; css=&#8221;.vc_custom_1734527707611{border-radius: 15px !important;}&#8221;][\/vc_column_inner][\/vc_row_inner][\/vc_column][\/vc_row][vc_row css=&#8221;.vc_custom_1733667131855{padding-top: 3em !important;padding-bottom: 3em !important;}&#8221;][vc_column]<style>.ld_fancy_heading_69dc268a2154c p{color:rgb(0, 0, 0);}.ld_fancy_heading_69dc268a2154c p {font-size:32px; } .ld_fancy_heading_69dc268a2154c p {line-height:1em; } .ld_fancy_heading_69dc268a2154c p {--element-line-height:1em; } .ld_fancy_heading_69dc268a2154c p {font-weight:600; } .ld_fancy_heading_69dc268a2154c p {padding-top:0px !important; padding-bottom:0px !important;  } .ld_fancy_heading_69dc268a2154c p {margin-top:0px !important; margin-bottom:0px !important;  } .ld_fancy_heading_69dc268a2154c .lqd-highlight-inner{height:0.275em!important;bottom:0px!important;}.ld_fancy_heading_69dc268a2154c p {font-size:32px; } .ld_fancy_heading_69dc268a2154c p {line-height:1em; } .ld_fancy_heading_69dc268a2154c p {--element-line-height:1em; } .ld_fancy_heading_69dc268a2154c p {font-weight:600; } .ld_fancy_heading_69dc268a2154c p {padding-top:0px !important; padding-bottom:0px !important;  } .ld_fancy_heading_69dc268a2154c p {margin-top:0px !important; margin-bottom:0px !important;  } <\/style><div class=\"ld-fancy-heading text-center ld_fancy_heading_69dc268a2154c\">\n\t<p class=\"ld-fh-element lqd-highlight-underline lqd-highlight-grow-left text-decoration-default\"   >  3 FUNKCIJE<\/p><\/div>[vc_row_inner][vc_column_inner width=&#8221;1\/5&#8243;][\/vc_column_inner][vc_column_inner width=&#8221;1\/5&#8243;][vc_single_image image=&#8221;6840&#8243; alignment=&#8221;center&#8221; css=&#8221;.vc_custom_1733672779647{margin-top: 0px !important;margin-bottom: 0px !important;padding-top: 0px !important;padding-bottom: 0px !important;}&#8221;]<style>.ld_fancy_heading_69dc268a21b90 p{color:rgb(0, 0, 0);}.ld_fancy_heading_69dc268a21b90 p {font-size:18px; } .ld_fancy_heading_69dc268a21b90 p {padding-top:0px !important; padding-bottom:0px !important;  } .ld_fancy_heading_69dc268a21b90 p {margin-top:0px !important; margin-bottom:0px !important;  } .ld_fancy_heading_69dc268a21b90 .lqd-highlight-inner{height:0.275em!important;bottom:0px!important;}.ld_fancy_heading_69dc268a21b90 p {font-size:18px; } .ld_fancy_heading_69dc268a21b90 p {padding-top:0px !important; padding-bottom:0px !important;  } .ld_fancy_heading_69dc268a21b90 p {margin-top:0px !important; margin-bottom:0px !important;  } <\/style><div class=\"ld-fancy-heading text-center ld_fancy_heading_69dc268a21b90\">\n\t<p class=\"ld-fh-element lqd-highlight-underline lqd-highlight-grow-left text-decoration-default\"   >  KI\u0160A<\/p><\/div>[\/vc_column_inner][vc_column_inner width=&#8221;1\/5&#8243;][vc_single_image image=&#8221;6836&#8243; alignment=&#8221;center&#8221; css=&#8221;.vc_custom_1733672798213{margin-top: 0px !important;margin-bottom: 0px !important;padding-top: 0px !important;padding-bottom: 0px !important;}&#8221;]<style>.ld_fancy_heading_69dc268a222cd p{color:rgb(0, 0, 0);}.ld_fancy_heading_69dc268a222cd p {font-size:18px; } .ld_fancy_heading_69dc268a222cd p {padding-top:0px !important; padding-bottom:0px !important;  } .ld_fancy_heading_69dc268a222cd p {margin-top:0px !important; margin-bottom:0px !important;  } .ld_fancy_heading_69dc268a222cd .lqd-highlight-inner{height:0.275em!important;bottom:0px!important;}.ld_fancy_heading_69dc268a222cd p {font-size:18px; } .ld_fancy_heading_69dc268a222cd p {padding-top:0px !important; padding-bottom:0px !important;  } .ld_fancy_heading_69dc268a222cd p {margin-top:0px !important; margin-bottom:0px !important;  } <\/style><div class=\"ld-fancy-heading text-center ld_fancy_heading_69dc268a222cd\">\n\t<p class=\"ld-fh-element lqd-highlight-underline lqd-highlight-grow-left text-decoration-default\"   >  MASA\u017dA<\/p><\/div>[\/vc_column_inner][vc_column_inner width=&#8221;1\/5&#8243;][vc_single_image image=&#8221;6840&#8243; alignment=&#8221;center&#8221; css=&#8221;.vc_custom_1733672779647{margin-top: 0px !important;margin-bottom: 0px !important;padding-top: 0px !important;padding-bottom: 0px !important;}&#8221;]<style>.ld_fancy_heading_69dc268a226f0 p{color:rgb(0, 0, 0);}.ld_fancy_heading_69dc268a226f0 p {font-size:18px; } .ld_fancy_heading_69dc268a226f0 p {padding-top:0px !important; padding-bottom:0px !important;  } .ld_fancy_heading_69dc268a226f0 p {margin-top:0px !important; margin-bottom:0px !important;  } .ld_fancy_heading_69dc268a226f0 .lqd-highlight-inner{height:0.275em!important;bottom:0px!important;}.ld_fancy_heading_69dc268a226f0 p {font-size:18px; } .ld_fancy_heading_69dc268a226f0 p {padding-top:0px !important; padding-bottom:0px !important;  } .ld_fancy_heading_69dc268a226f0 p {margin-top:0px !important; margin-bottom:0px !important;  } <\/style><div class=\"ld-fancy-heading text-center ld_fancy_heading_69dc268a226f0\">\n\t<p class=\"ld-fh-element lqd-highlight-underline lqd-highlight-grow-left text-decoration-default\"   >  KOMBINOVANO<\/p><\/div>[\/vc_column_inner][vc_column_inner width=&#8221;1\/5&#8243;][\/vc_column_inner][\/vc_row_inner]<style>.ld_fancy_heading_69dc268a22969 p{color:rgb(0, 0, 0);}.ld_fancy_heading_69dc268a22969 p {font-size:18px; } .ld_fancy_heading_69dc268a22969 p {padding-top:2em !important; padding-bottom:0px !important;  } .ld_fancy_heading_69dc268a22969 p {margin-top:0px !important; margin-bottom:0px !important;  } .ld_fancy_heading_69dc268a22969 .lqd-highlight-inner{height:0.275em!important;bottom:0px!important;}.ld_fancy_heading_69dc268a22969 p {font-size:18px; } .ld_fancy_heading_69dc268a22969 p {padding-top:2em !important; padding-bottom:0px !important;  } .ld_fancy_heading_69dc268a22969 p {margin-top:0px !important; margin-bottom:0px !important;  } <\/style><div class=\"ld-fancy-heading text-center ld_fancy_heading_69dc268a22969\">\n\t<p class=\"ld-fh-element lqd-highlight-underline lqd-highlight-grow-left text-decoration-default\"   >  Birajte izme\u0111u 3 re\u017eima prskanja: fokusirani za dubinsko \u010di\u0161\u0107enje, ki\u0161ni za opu\u0161taju\u0107i ose\u0107aj i kombinovani za savr\u0161enu ravnote\u017eu. Prilagodite tu\u0161iranje svom raspolo\u017eenju.<\/p><\/div>[\/vc_column][\/vc_row][vc_row full_height=&#8221;yes&#8221; columns_placement=&#8221;middle&#8221; content_placement=&#8221;middle&#8221; css=&#8221;.vc_custom_1733672615916{margin-top: 0px !important;margin-bottom: 0px !important;padding-top: 0px !important;padding-bottom: 0px !important;background-image: url(https:\/\/vshowerpro.com\/wp-content\/uploads\/2024\/10\/CLEAN-AND-INVIGORATING2.jpg?id=6828) !important;background-position: center !important;background-repeat: no-repeat !important;background-size: cover !important;}&#8221;][vc_column][vc_row_inner css=&#8221;.vc_custom_1733667744933{background-position: center !important;background-repeat: no-repeat !important;background-size: contain !important;}&#8221;][vc_column_inner width=&#8221;1\/4&#8243; css=&#8221;.vc_custom_1733668006339{padding-top: 2em !important;}&#8221;][\/vc_column_inner][vc_column_inner width=&#8221;1\/2&#8243;]<style>.ld_fancy_heading_69dc268a22be8 h3{color:rgb(255, 255, 255);}.ld_fancy_heading_69dc268a22be8 h3 {font-size:60px; } .ld_fancy_heading_69dc268a22be8 h3 {font-weight:400; } .ld_fancy_heading_69dc268a22be8 h3 {padding-top:0px !important; padding-bottom:0px !important;  } .ld_fancy_heading_69dc268a22be8 h3 {margin-top:0px !important; margin-bottom:0px !important;  } .ld_fancy_heading_69dc268a22be8 .lqd-highlight-inner{height:0.275em!important;bottom:0px!important;}.ld_fancy_heading_69dc268a22be8 h3 {font-size:60px; } .ld_fancy_heading_69dc268a22be8 h3 {font-weight:400; } .ld_fancy_heading_69dc268a22be8 h3 {padding-top:0px !important; padding-bottom:0px !important;  } .ld_fancy_heading_69dc268a22be8 h3 {margin-top:0px !important; margin-bottom:0px !important;  } <\/style><div class=\"ld-fancy-heading text-center ld_fancy_heading_69dc268a22be8\">\n\t<h3 class=\"ld-fh-element lqd-highlight-underline lqd-highlight-grow-left text-decoration-default\"   >  KRISTALNO \u010cISTO I OSVE\u017dAVAJU\u0106E TU\u0160IRANJE<\/h3><\/div><style>.ld_fancy_heading_69dc268a22e65 h3{color:rgb(255, 255, 255);}.ld_fancy_heading_69dc268a22e65 h3 {font-size:36px; } .ld_fancy_heading_69dc268a22e65 h3 {font-weight:400; } .ld_fancy_heading_69dc268a22e65 h3 {padding-top:0px !important; padding-bottom:0px !important;  } .ld_fancy_heading_69dc268a22e65 h3 {margin-top:0px !important; margin-bottom:0px !important;  } .ld_fancy_heading_69dc268a22e65 .lqd-highlight-inner{height:0.275em!important;bottom:0px!important;}.ld_fancy_heading_69dc268a22e65 h3 {font-size:36px; } .ld_fancy_heading_69dc268a22e65 h3 {font-weight:400; } .ld_fancy_heading_69dc268a22e65 h3 {padding-top:0px !important; padding-bottom:0px !important;  } .ld_fancy_heading_69dc268a22e65 h3 {margin-top:0px !important; margin-bottom:0px !important;  } <\/style><div class=\"ld-fancy-heading text-center ld_fancy_heading_69dc268a22e65\">\n\t<h3 class=\"ld-fh-element lqd-highlight-underline lqd-highlight-grow-left text-decoration-default\"   >  KOJE BUDI VA\u0160A \u010cULA<\/h3><\/div>[\/vc_column_inner][vc_column_inner width=&#8221;1\/4&#8243;][\/vc_column_inner][\/vc_row_inner][\/vc_column][\/vc_row][vc_row content_placement=&#8221;middle&#8221; css=&#8221;.vc_custom_1733671921245{padding-top: 3em !important;padding-bottom: 3em !important;}&#8221;][vc_column][vc_row_inner content_placement=&#8221;middle&#8221;][vc_column_inner width=&#8221;1\/2&#8243;][vc_single_image image=&#8221;6847&#8243;][\/vc_column_inner][vc_column_inner width=&#8221;1\/2&#8243;]<style>.ld_fancy_heading_69dc268a230ca p{color:rgb(0, 0, 0);}.ld_fancy_heading_69dc268a230ca p {font-size:18px; } .ld_fancy_heading_69dc268a230ca p {padding-top:2em !important; padding-bottom:2em !important;  } .ld_fancy_heading_69dc268a230ca p {margin-top:0px !important; margin-bottom:0px !important;  } .ld_fancy_heading_69dc268a230ca .lqd-highlight-inner{height:0.275em!important;bottom:0px!important;}.ld_fancy_heading_69dc268a230ca p {font-size:18px; } .ld_fancy_heading_69dc268a230ca p {padding-top:2em !important; padding-bottom:2em !important;  } .ld_fancy_heading_69dc268a230ca p {margin-top:0px !important; margin-bottom:0px !important;  } <\/style><div class=\"ld-fancy-heading text-center ld_fancy_heading_69dc268a230ca\">\n\t<p class=\"ld-fh-element lqd-highlight-underline lqd-highlight-grow-left text-decoration-default\"   >  <\/p>\n<div class=\"group\/conversation-turn relative flex w-full min-w-0 flex-col agent-turn\">\n<div class=\"flex-col gap-1 md:gap-3\">\n<div class=\"flex max-w-full flex-col flex-grow\">\n<div class=\"min-h-8 text-message flex w-full flex-col items-end gap-2 whitespace-normal break-words text-start &#091;.text-message+&amp;&#093;:mt-5\" dir=\"auto\" data-message-author-role=\"assistant\" data-message-id=\"453b5ac1-8199-408c-9b7f-f2178ab7949d\" data-message-model-slug=\"gpt-4o\">\n<div class=\"flex w-full flex-col gap-1 empty:hidden first:pt-&#091;3px&#093;\">\n<div class=\"markdown prose w-full break-words dark:prose-invert light\">\n<p><strong>Tu\u0161 panela \u0161irine 120mm pru\u017ea \u0161iroku pokrivenost za potpuno u\u017eivanje u tu\u0161iranju.<\/strong><\/p>\n<p>Silikonske mlaznice omogu\u0107avaju lako \u010di\u0161\u0107enje i spre\u010davaju zapu\u0161avanje, dok ugra\u0111eni kalendarski prsten podse\u0107a kada je vreme za zamenu filtera. Jednostavno prelazite izme\u0111u re\u017eima prskanja pomo\u0107u prakti\u010dnog dugmeta na dodir.<\/p>\n<\/div>\n<\/div>\n<\/div>\n<\/div>\n<\/div>\n<\/div>\n<p><\/p><\/div>[\/vc_column_inner][\/vc_row_inner][\/vc_column][\/vc_row][vc_row css=&#8221;.vc_custom_1733669868527{padding-bottom: 3em !important;}&#8221;][vc_column]<style>.ld_fancy_heading_69dc268a23432 h3{color:rgb(120, 181, 221);}.ld_fancy_heading_69dc268a23432 h3 {font-size:32px; } .ld_fancy_heading_69dc268a23432 h3 {padding-top:0px !important; padding-bottom:0px !important;  } .ld_fancy_heading_69dc268a23432 h3 {margin-top:0px !important; margin-bottom:0px !important;  } .ld_fancy_heading_69dc268a23432 .lqd-highlight-inner{height:0.275em!important;bottom:0px!important;}.ld_fancy_heading_69dc268a23432 h3 {font-size:32px; } .ld_fancy_heading_69dc268a23432 h3 {padding-top:0px !important; padding-bottom:0px !important;  } .ld_fancy_heading_69dc268a23432 h3 {margin-top:0px !important; margin-bottom:0px !important;  } <\/style><div class=\"ld-fancy-heading text-center ld_fancy_heading_69dc268a23432\">\n\t<h3 class=\"ld-fh-element lqd-highlight-underline lqd-highlight-grow-left text-decoration-default\"   >  Upoznajte razliku i unapredite svoje tu\u0161iranje sa Vshower Pro\u00ae!<\/h3><\/div>[\/vc_column][\/vc_row]<\/p>\n","protected":false},"excerpt":{"rendered":"<p><strong>ACF TEHNOLOGIJA FILTRACIJE:<\/strong> Uklanja do 99% ne\u010disto\u0107a, uklju\u010duju\u0107i hlor, te\u0161ke metale i hemikalije, pobolj\u0161avaju\u0107i kvalitet vode za ne\u017eniju ko\u017eu i zdraviju kosu.<\/p>\n<p><strong>TRI NA\u010cINA PRSKANJA:<\/strong> Birajte izme\u0111u re\u017eima ki\u0161nog mlaza za blagi i opu\u0161taju\u0107i tok vode, masa\u017enog re\u017eima za sna\u017ean i osve\u017eavaju\u0107i mlaz ili kombinovani re\u017eim za savr\u0161enu ravnote\u017eu i potpuni u\u017eitak.<\/p>\n<p><strong>VISOKI KVALITET I SILIKONSKE MLAZINICE:<\/strong> Izra\u0111en od izdr\u017eljivih i visokokvalitetnih materijala sa silikonskim mlaznicama koje se lako \u010diste i spre\u010davaju za\u010depljenja, obezbe\u0111uju\u0107i stalan protok vode i dugotrajne performanse.<\/p>\n<p><strong>JEDNOSTAVNA UGRADNJA:<\/strong> Montira se za samo nekoliko minuta bez upotrebe alata, pru\u017eaju\u0107i luksuzno iskustvo tu\u0161iranja uz minimalan napor.<\/p>\n<p><b>Sertifikati:<\/b><br \/>\n<img decoding=\"async\" class=\"alignnone wp-image-5118\" src=\"https:\/\/vshowerpro.com\/wp-content\/uploads\/2024\/10\/certificates-300x115.png\" alt=\"\" width=\"200\" height=\"77\" srcset=\"https:\/\/vshowerpro.com\/wp-content\/uploads\/2024\/10\/certificates-300x115.png 300w, https:\/\/vshowerpro.com\/wp-content\/uploads\/2024\/10\/certificates-1024x393.png 1024w, https:\/\/vshowerpro.com\/wp-content\/uploads\/2024\/10\/certificates.png 1372w\" sizes=\"(max-width: 200px) 100vw, 200px\" \/><\/p>\n","protected":false},"featured_media":6035,"comment_status":"open","ping_status":"closed","template":"","meta":{"rank_math_lock_modified_date":false},"product_brand":[],"product_cat":[52],"product_tag":[],"class_list":{"0":"post-5982","1":"product","2":"type-product","3":"status-publish","4":"has-post-thumbnail","6":"product_cat-tus-glava-sa-filterom","8":"first","9":"instock","10":"taxable","11":"shipping-taxable","12":"purchasable","13":"product-type-simple"},"_links":{"self":[{"href":"https:\/\/vshowerpro.com\/sr\/wp-json\/wp\/v2\/product\/5982","targetHints":{"allow":["GET"]}}],"collection":[{"href":"https:\/\/vshowerpro.com\/sr\/wp-json\/wp\/v2\/product"}],"about":[{"href":"https:\/\/vshowerpro.com\/sr\/wp-json\/wp\/v2\/types\/product"}],"replies":[{"embeddable":true,"href":"https:\/\/vshowerpro.com\/sr\/wp-json\/wp\/v2\/comments?post=5982"}],"wp:featuredmedia":[{"embeddable":true,"href":"https:\/\/vshowerpro.com\/sr\/wp-json\/wp\/v2\/media\/6035"}],"wp:attachment":[{"href":"https:\/\/vshowerpro.com\/sr\/wp-json\/wp\/v2\/media?parent=5982"}],"wp:term":[{"taxonomy":"product_brand","embeddable":true,"href":"https:\/\/vshowerpro.com\/sr\/wp-json\/wp\/v2\/product_brand?post=5982"},{"taxonomy":"product_cat","embeddable":true,"href":"https:\/\/vshowerpro.com\/sr\/wp-json\/wp\/v2\/product_cat?post=5982"},{"taxonomy":"product_tag","embeddable":true,"href":"https:\/\/vshowerpro.com\/sr\/wp-json\/wp\/v2\/product_tag?post=5982"}],"curies":[{"name":"wp","href":"https:\/\/api.w.org\/{rel}","templated":true}]}}