{"id":5985,"date":"2024-10-15T09:36:23","date_gmt":"2024-10-15T09:36:23","guid":{"rendered":"https:\/\/vshowerpro.com\/shop\/nekategorizovano\/2-mode-luxury-high-pressure-shower-head\/"},"modified":"2025-10-21T13:23:17","modified_gmt":"2025-10-21T13:23:17","slug":"multifukcionalni-tus-rucica","status":"publish","type":"product","link":"https:\/\/vshowerpro.com\/sr\/shop\/tus-glava-sa-filterom\/multifukcionalni-tus-rucica\/","title":{"rendered":"Tu\u0161 ru\u010dica sa filterom &#8211; 2 re\u017eima prskanja"},"content":{"rendered":"<p>[vc_row][vc_column][vc_column_text]<strong>Tu\u0161 ru\u010dica sa visokim pritiskom<\/strong><br \/>\nTransformi\u0161ite svoju svakodnevnu rutinu uz <em>Vshower Pro\u00ae<\/em> tu\u0161 ru\u010dicu, dizajniranu da pru\u017ei dubinsko \u010di\u0161\u0107enje i revitalizuju\u0107e iskustvo.<\/p>\n<p><strong>Meka i glatka ko\u017ea<\/strong><br \/>\nSvako tu\u0161iranje postaje intenzivan tretman hidratacije, pobolj\u0161avaju\u0107i zadr\u017eavanje vlage. Primeti\u0107ete kako va\u0161a ko\u017ea postaje mek\u0161a i glatka posle svake upotrebe.<\/p>\n<p><strong>Napredna ACF filtracija<\/strong><br \/>\nTu\u0161 ru\u010dica sa filterom je opremljena visokokvalitetnim filterom od aktivnog uglja koji uklanja hlor, te\u0161ke metale i druge ne\u010disto\u0107e iz vode.<\/p>\n<p><strong>2 re\u017eima prskanja<\/strong><\/p>\n<ul>\n<li><em>Re\u017eim ki\u0161e<\/em> pru\u017ea ne\u017ean, umiruju\u0107i mlaz koji pada poput lagane ki\u0161e.<\/li>\n<li><em>Masa\u017eni re\u017eim<\/em> nudi ciljano, osve\u017eavaju\u0107e pulsiranje koje poma\u017ee u opu\u0161tanju i osloba\u0111anju od napetosti.<\/li>\n<\/ul>\n<p><strong>Za\u0161to odabrati <em>Vshower Pro\u00ae<\/em>?<\/strong><br \/>\nNa\u0161a tu\u0161 ru\u010dica sa visokim pritiskom obezbe\u0111uje \u010distu i negovanu ko\u017eu i kosu, uz trajne, ekolo\u0161ki prihvatljive materijale koji optimizuju potro\u0161nju vode.[\/vc_column_text][\/vc_column][\/vc_row][vc_row css=&#8221;.vc_custom_1733663472949{padding-top: 3em !important;padding-bottom: 3em !important;background-color: #eeeee8 !important;}&#8221;][vc_column]<style>.ld_fancy_heading_69dc268c25f57 h3{color:rgb(132, 117, 77);}.ld_fancy_heading_69dc268c25f57 h3 {font-size:76px; } .ld_fancy_heading_69dc268c25f57 h3 {padding-top:0px !important; padding-bottom:0px !important;  } .ld_fancy_heading_69dc268c25f57 h3 {margin-top:0px !important; margin-bottom:0px !important;  } .ld_fancy_heading_69dc268c25f57 .lqd-highlight-inner{height:0.275em!important;bottom:0px!important;}.ld_fancy_heading_69dc268c25f57 h3 {font-size:76px; } .ld_fancy_heading_69dc268c25f57 h3 {padding-top:0px !important; padding-bottom:0px !important;  } .ld_fancy_heading_69dc268c25f57 h3 {margin-top:0px !important; margin-bottom:0px !important;  } <\/style><div class=\"ld-fancy-heading text-center ld_fancy_heading_69dc268c25f57\">\n\t<h3 class=\"ld-fh-element lqd-highlight-underline lqd-highlight-grow-left text-decoration-default\"   >  LUKSUZNA<\/h3><\/div><style>.ld_fancy_heading_69dc268c262fb p{color:rgb(0, 0, 0);}.ld_fancy_heading_69dc268c262fb p {font-size:32px; } .ld_fancy_heading_69dc268c262fb p {line-height:1em; } .ld_fancy_heading_69dc268c262fb p {--element-line-height:1em; } .ld_fancy_heading_69dc268c262fb p {padding-top:0px !important; padding-bottom:0px !important;  } .ld_fancy_heading_69dc268c262fb p {margin-top:0px !important; margin-bottom:0px !important;  } .ld_fancy_heading_69dc268c262fb .lqd-highlight-inner{height:0.275em!important;bottom:0px!important;}.ld_fancy_heading_69dc268c262fb p {font-size:32px; } .ld_fancy_heading_69dc268c262fb p {line-height:1em; } .ld_fancy_heading_69dc268c262fb p {--element-line-height:1em; } .ld_fancy_heading_69dc268c262fb p {padding-top:0px !important; padding-bottom:0px !important;  } .ld_fancy_heading_69dc268c262fb p {margin-top:0px !important; margin-bottom:0px !important;  } <\/style><div class=\"ld-fancy-heading text-center ld_fancy_heading_69dc268c262fb\">\n\t<p class=\"ld-fh-element lqd-highlight-underline lqd-highlight-grow-left text-decoration-default\"   >  TU\u0160 RU\u010cICA SA VISOKIM PRITISKOM<\/p><\/div>[vc_row_inner css=&#8221;.vc_custom_1733665356843{margin-top: 2em !important;padding-right: 15% !important;padding-left: 15% !important;}&#8221;][vc_column_inner width=&#8221;1\/5&#8243;][\/vc_column_inner][vc_column_inner width=&#8221;1\/5&#8243;]<style>.ld_icon_box_69dc268c265f0 .lqd-iconbox-title{margin-bottom:px;}.ld_icon_box_69dc268c265f0 p, .ld_icon_box_69dc268c265f0 .contents{color:rgb(0, 0, 0);}.ld_icon_box_69dc268c265f0 .iconbox-icon-container{border-radius:px;}.ld_icon_box_69dc268c265f0 .iconbox-icon-container img,.ld_icon_box_69dc268c265f0 .iconbox-icon-container > svg{width:80px !important;}<\/style>\n<div class=\"iconbox text-align-default iconbox-sm iconbox-heading-sm ld_icon_box_69dc268c265f0\" id=\"ld_icon_box_69dc268c265f0\"   >\n\t\n\t\t\t\t\t\n\t\n\t<div class=\"iconbox-icon-wrap\"><span class=\"iconbox-icon-container\"><img decoding=\"async\" src=\"https:\/\/vshowerpro.com\/wp-content\/uploads\/2024\/10\/sl-004-icons5.png\" class=\"liquid-image-icon\" \/><\/span><\/div>\t\n\t\t\n\t<div class=\"contents\">\t\n\t\t\n\t\t<p>SMANJUJE<br \/>\nHLOR, OLOVO I<br \/>\nNE\u010cISTO\u0106E<\/p>\n\t\t\n\t<\/div>\t\n\t\n<\/div>\n[\/vc_column_inner][vc_column_inner width=&#8221;1\/5&#8243;]<style>.ld_icon_box_69dc268c272ec .lqd-iconbox-title{margin-bottom:px;}.ld_icon_box_69dc268c272ec p, .ld_icon_box_69dc268c272ec .contents{color:rgb(0, 0, 0);}.ld_icon_box_69dc268c272ec .iconbox-icon-container{border-radius:px;}.ld_icon_box_69dc268c272ec .iconbox-icon-container img,.ld_icon_box_69dc268c272ec .iconbox-icon-container > svg{width:80px !important;}<\/style>\n<div class=\"iconbox text-align-default iconbox-sm iconbox-heading-sm ld_icon_box_69dc268c272ec\" id=\"ld_icon_box_69dc268c272ec\"   >\n\t\n\t\t\t\t\t\n\t\n\t<div class=\"iconbox-icon-wrap\"><span class=\"iconbox-icon-container\"><img decoding=\"async\" src=\"https:\/\/vshowerpro.com\/wp-content\/uploads\/2024\/10\/sl-004-icons6.png\" class=\"liquid-image-icon\" \/><\/span><\/div>\t\n\t\t\n\t<div class=\"contents\">\t\n\t\t\n\t\t<p>POBOLJ\u0160AVA<br \/>\n\u010cISTO\u0106U<br \/>\nVODE<\/p>\n\t\t\n\t<\/div>\t\n\t\n<\/div>\n[\/vc_column_inner][vc_column_inner width=&#8221;1\/5&#8243;]<style>.ld_icon_box_69dc268c27dc8 .lqd-iconbox-title{margin-bottom:px;}.ld_icon_box_69dc268c27dc8 p, .ld_icon_box_69dc268c27dc8 .contents{color:rgb(0, 0, 0);}.ld_icon_box_69dc268c27dc8 .iconbox-icon-container{border-radius:px;}.ld_icon_box_69dc268c27dc8 .iconbox-icon-container img,.ld_icon_box_69dc268c27dc8 .iconbox-icon-container > svg{width:80px !important;}<\/style>\n<div class=\"iconbox text-align-default iconbox-sm iconbox-heading-sm ld_icon_box_69dc268c27dc8\" id=\"ld_icon_box_69dc268c27dc8\"   >\n\t\n\t\t\t\t\t\n\t\n\t<div class=\"iconbox-icon-wrap\"><span class=\"iconbox-icon-container\"><img decoding=\"async\" src=\"https:\/\/vshowerpro.com\/wp-content\/uploads\/2024\/10\/sl-004-icons7.png\" class=\"liquid-image-icon\" \/><\/span><\/div>\t\n\t\t\n\t<div class=\"contents\">\t\n\t\t\n\t\t<p>NEGUJE<br \/>\nZDRAVU KO\u017dU<br \/>\nI KOSU<\/p>\n\t\t\n\t<\/div>\t\n\t\n<\/div>\n[\/vc_column_inner][vc_column_inner width=&#8221;1\/5&#8243;][\/vc_column_inner][\/vc_row_inner][vc_row_inner content_placement=&#8221;middle&#8221; css=&#8221;.vc_custom_1733666255719{padding-top: 3em !important;}&#8221;][vc_column_inner width=&#8221;2\/3&#8243;][vc_column_text css=&#8221;.vc_custom_1734433959374{margin-top: 0px !important;margin-bottom: 0px !important;padding-top: 0px !important;padding-bottom: 10px !important;}&#8221;]<\/p>\n<h4>Prednosti odabira tu\u0161 glave sa filterom od aktivnog ugljena :<\/h4>\n<p>[\/vc_column_text]<style>.ld_icon_box_69dc268c28420 .lqd-iconbox-title{margin-bottom:px;}.ld_icon_box_69dc268c28420 .iconbox-icon-container{border-radius:px;}<\/style>\n<div class=\"iconbox iconbox-side text-align-default iconbox-heading-xs ld_icon_box_69dc268c28420\" id=\"ld_icon_box_69dc268c28420\"  data-animate-icon=\"true\"  >\n\t\n\t\t\t\t\t\n\t\n\t<div class=\"iconbox-icon-wrap\"><span class=\"iconbox-icon-container\"><i class=\"lqd-icn-ess icon-num-1\"><\/i><\/span><\/div>\t\n\t\t\n\t<div class=\"contents\">\t\n\t\t\n\t<h3 class=\"lqd-iconbox-title font-weight-semibold\">Mek\u0161a i hidrirana ko\u017ea:<\/h3>\t<p>Filter uklanja hlor i druge \u0161tetne materije, \u0161tite\u0107i prirodnu vla\u017enost ko\u017ee i spre\u010davaju\u0107i njeno isu\u0161ivanje i iritaciju.<\/p>\n\t\t\n\t<\/div>\t\n\t\n<\/div>\n<style>.ld_icon_box_69dc268c28739 .lqd-iconbox-title{margin-bottom:px;}.ld_icon_box_69dc268c28739 .iconbox-icon-container{border-radius:px;}<\/style>\n<div class=\"iconbox iconbox-side text-align-default iconbox-heading-xs ld_icon_box_69dc268c28739\" id=\"ld_icon_box_69dc268c28739\"  data-animate-icon=\"true\"  >\n\t\n\t\t\t\t\t\n\t\n\t<div class=\"iconbox-icon-wrap\"><span class=\"iconbox-icon-container\"><i class=\"lqd-icn-ess icon-num-2\"><\/i><\/span><\/div>\t\n\t\t\n\t<div class=\"contents\">\t\n\t\t\n\t<h3 class=\"lqd-iconbox-title font-weight-semibold\">Sjajna i zdrava kosa :<\/h3>\t<p>Uklanjanjem hemijskih ostataka i te\u0161kih metala, kosa postaje mek\u0161a, lak\u0161a za oblikovanje i sjajnija, bez optere\u0107enja ne\u010disto\u0107ama.<\/p>\n\t\t\n\t<\/div>\t\n\t\n<\/div>\n<style>.ld_icon_box_69dc268c28a27 .lqd-iconbox-title{margin-bottom:px;}.ld_icon_box_69dc268c28a27 .iconbox-icon-container{border-radius:px;}<\/style>\n<div class=\"iconbox iconbox-side text-align-default iconbox-heading-xs ld_icon_box_69dc268c28a27\" id=\"ld_icon_box_69dc268c28a27\"  data-animate-icon=\"true\"  >\n\t\n\t\t\t\t\t\n\t\n\t<div class=\"iconbox-icon-wrap\"><span class=\"iconbox-icon-container\"><i class=\"lqd-icn-ess icon-num-3\"><\/i><\/span><\/div>\t\n\t\t\n\t<div class=\"contents\">\t\n\t\t\n\t<h3 class=\"lqd-iconbox-title font-weight-semibold\">Smanjenje alergija i iritacija:<\/h3>\t<p>Filter poma\u017ee u smanjenju alergena i ne\u010disto\u0107a u vodi, \u010dime se smanjuje pojava osipa ili iritacija ko\u017ee, posebno kod osetljive ko\u017ee.<\/p>\n\t\t\n\t<\/div>\t\n\t\n<\/div>\n<style>.ld_icon_box_69dc268c28d04 .lqd-iconbox-title{margin-bottom:px;}.ld_icon_box_69dc268c28d04 .iconbox-icon-container{border-radius:px;}<\/style>\n<div class=\"iconbox iconbox-side text-align-default iconbox-heading-xs ld_icon_box_69dc268c28d04\" id=\"ld_icon_box_69dc268c28d04\"  data-animate-icon=\"true\"  >\n\t\n\t\t\t\t\t\n\t\n\t<div class=\"iconbox-icon-wrap\"><span class=\"iconbox-icon-container\"><i class=\"lqd-icn-ess icon-num-4\"><\/i><\/span><\/div>\t\n\t\t\n\t<div class=\"contents\">\t\n\t\t\n\t<h3 class=\"lqd-iconbox-title font-weight-semibold\">Pobolj\u0161ana cirkulacija i snabdevanje ko\u017ee kiseonikom:<\/h3>\t<p>Pro\u010di\u0161\u0107ena voda, bez ne\u010disto\u0107a, pobolj\u0161ava cirkulaciju i snabdevanje ko\u017ee kiseonikom \u010dine\u0107i je zdravijom.<\/p>\n<p>**Preporu\u010dujemo zamenu filter patrone svakih 2-3 meseca, u zavisnosti od kvaliteta vode.<\/p>\n<p>&nbsp;<\/p>\n\t\t\n\t<\/div>\t\n\t\n<\/div>\n[\/vc_column_inner][vc_column_inner width=&#8221;1\/3&#8243;][vc_single_image image=&#8221;7013&#8243; css=&#8221;.vc_custom_1734527567242{border-radius: 15px !important;}&#8221;][\/vc_column_inner][\/vc_row_inner][\/vc_column][\/vc_row][vc_row css=&#8221;.vc_custom_1733667131855{padding-top: 3em !important;padding-bottom: 3em !important;}&#8221;][vc_column]<style>.ld_fancy_heading_69dc268c28fd5 p{color:rgb(0, 0, 0);}.ld_fancy_heading_69dc268c28fd5 p {font-size:32px; } .ld_fancy_heading_69dc268c28fd5 p {line-height:1em; } .ld_fancy_heading_69dc268c28fd5 p {--element-line-height:1em; } .ld_fancy_heading_69dc268c28fd5 p {font-weight:600; } .ld_fancy_heading_69dc268c28fd5 p {padding-top:0px !important; padding-bottom:0px !important;  } .ld_fancy_heading_69dc268c28fd5 p {margin-top:0px !important; margin-bottom:0px !important;  } .ld_fancy_heading_69dc268c28fd5 .lqd-highlight-inner{height:0.275em!important;bottom:0px!important;}.ld_fancy_heading_69dc268c28fd5 p {font-size:32px; } .ld_fancy_heading_69dc268c28fd5 p {line-height:1em; } .ld_fancy_heading_69dc268c28fd5 p {--element-line-height:1em; } .ld_fancy_heading_69dc268c28fd5 p {font-weight:600; } .ld_fancy_heading_69dc268c28fd5 p {padding-top:0px !important; padding-bottom:0px !important;  } .ld_fancy_heading_69dc268c28fd5 p {margin-top:0px !important; margin-bottom:0px !important;  } <\/style><div class=\"ld-fancy-heading text-center ld_fancy_heading_69dc268c28fd5\">\n\t<p class=\"ld-fh-element lqd-highlight-underline lqd-highlight-grow-left text-decoration-default\"   >  2 FUNKCIJE<\/p><\/div>[vc_row_inner][vc_column_inner width=&#8221;1\/4&#8243;][\/vc_column_inner][vc_column_inner width=&#8221;1\/4&#8243;][vc_single_image image=&#8221;6791&#8243;][\/vc_column_inner][vc_column_inner width=&#8221;1\/4&#8243;][vc_single_image image=&#8221;6787&#8243;][\/vc_column_inner][vc_column_inner width=&#8221;1\/4&#8243;][\/vc_column_inner][\/vc_row_inner]<style>.ld_fancy_heading_69dc268c2963b p{color:rgb(0, 0, 0);}.ld_fancy_heading_69dc268c2963b p {font-size:18px; } .ld_fancy_heading_69dc268c2963b p {padding-top:0px !important; padding-bottom:0px !important;  } .ld_fancy_heading_69dc268c2963b p {margin-top:0px !important; margin-bottom:0px !important;  } .ld_fancy_heading_69dc268c2963b .lqd-highlight-inner{height:0.275em!important;bottom:0px!important;}.ld_fancy_heading_69dc268c2963b p {font-size:18px; } .ld_fancy_heading_69dc268c2963b p {padding-top:0px !important; padding-bottom:0px !important;  } .ld_fancy_heading_69dc268c2963b p {margin-top:0px !important; margin-bottom:0px !important;  } <\/style><div class=\"ld-fancy-heading text-center ld_fancy_heading_69dc268c2963b\">\n\t<p class=\"ld-fh-element lqd-highlight-underline lqd-highlight-grow-left text-decoration-default\"   >  Izaberite izme\u0111u dva na\u010dina prskanja: ki\u0161ni, koji pru\u017ea ne\u017eno i umiruju\u0107e tu\u0161iranje i masa\u017eni, koji deluje ciljano i opu\u0161taju\u0107e, poma\u017eu\u0107i u otklanjanju napetosti. Prilagodite tu\u0161iranje svojim potrebama i raspolo\u017eenju.<\/p><\/div>[\/vc_column][\/vc_row][vc_row full_height=&#8221;yes&#8221; columns_placement=&#8221;top&#8221; content_placement=&#8221;top&#8221; css=&#8221;.vc_custom_1733667919455{margin-top: 0px !important;margin-bottom: 0px !important;padding-top: 0px !important;padding-bottom: 0px !important;background-image: url(https:\/\/vshowerpro.com\/wp-content\/uploads\/2024\/10\/sl-004-lifestyle-image.jpg?id=6795) !important;background-position: center !important;background-repeat: no-repeat !important;background-size: cover !important;}&#8221;][vc_column][vc_row_inner css=&#8221;.vc_custom_1733667744933{background-position: center !important;background-repeat: no-repeat !important;background-size: contain !important;}&#8221;][vc_column_inner width=&#8221;1\/4&#8243; css=&#8221;.vc_custom_1733668006339{padding-top: 2em !important;}&#8221;]<style>.ld_fancy_heading_69dc268c29d9f h3{color:rgb(132, 117, 77);}.ld_fancy_heading_69dc268c29d9f h3 {font-size:76px; } @media (min-width: 768px) { .ld_fancy_heading_69dc268c29d9f h3 {font-size:60px; }  } @media (min-width: 992px) { .ld_fancy_heading_69dc268c29d9f h3 {font-size:60px; }  } .ld_fancy_heading_69dc268c29d9f h3 {font-weight:400; } .ld_fancy_heading_69dc268c29d9f h3 {padding-top:0px !important; padding-bottom:0px !important;  } .ld_fancy_heading_69dc268c29d9f h3 {margin-top:0px !important; margin-bottom:0px !important;  } .ld_fancy_heading_69dc268c29d9f .lqd-highlight-inner{height:0.275em!important;bottom:0px!important;}.ld_fancy_heading_69dc268c29d9f h3 {font-size:76px; } @media (min-width: 768px) { .ld_fancy_heading_69dc268c29d9f h3 {font-size:60px; }  } @media (min-width: 992px) { .ld_fancy_heading_69dc268c29d9f h3 {font-size:60px; }  } .ld_fancy_heading_69dc268c29d9f h3 {font-weight:400; } .ld_fancy_heading_69dc268c29d9f h3 {padding-top:0px !important; padding-bottom:0px !important;  } .ld_fancy_heading_69dc268c29d9f h3 {margin-top:0px !important; margin-bottom:0px !important;  } <\/style><div class=\"ld-fancy-heading text-center ld_fancy_heading_69dc268c29d9f\">\n\t<h3 class=\"ld-fh-element lqd-highlight-underline lqd-highlight-grow-left text-decoration-default\"   >  \u010cISTA I<br \/>\nLEPA<br \/>\nKO\u017dA<\/h3><\/div>[\/vc_column_inner][vc_column_inner width=&#8221;3\/4&#8243;][\/vc_column_inner][\/vc_row_inner][\/vc_column][\/vc_row][vc_row css=&#8221;.vc_custom_1733669868527{padding-bottom: 3em !important;}&#8221;][vc_column][vc_row_inner][vc_column_inner width=&#8221;1\/4&#8243;][vc_single_image image=&#8221;6811&#8243; css=&#8221;.vc_custom_1733669716077{margin-bottom: 0px !important;padding-bottom: 0px !important;}&#8221;][\/vc_column_inner][vc_column_inner width=&#8221;1\/4&#8243;][vc_single_image image=&#8221;6807&#8243; css=&#8221;.vc_custom_1733911727741{margin-bottom: 0px !important;padding-bottom: 0px !important;}&#8221;][\/vc_column_inner][vc_column_inner width=&#8221;1\/4&#8243;][vc_single_image image=&#8221;6803&#8243; css=&#8221;.vc_custom_1733911738869{margin-bottom: 0px !important;padding-bottom: 0px !important;}&#8221;][\/vc_column_inner][vc_column_inner width=&#8221;1\/4&#8243;][vc_single_image image=&#8221;6799&#8243; css=&#8221;.vc_custom_1733911749757{margin-bottom: 0px !important;padding-bottom: 0px !important;}&#8221;][\/vc_column_inner][\/vc_row_inner]<style>.ld_fancy_heading_69dc268c2a190 h3{color:rgb(132, 117, 77);}.ld_fancy_heading_69dc268c2a190 h3 {font-size:32px; } .ld_fancy_heading_69dc268c2a190 h3 {padding-top:0px !important; padding-bottom:0px !important;  } .ld_fancy_heading_69dc268c2a190 h3 {margin-top:0px !important; margin-bottom:0px !important;  } .ld_fancy_heading_69dc268c2a190 .lqd-highlight-inner{height:0.275em!important;bottom:0px!important;}.ld_fancy_heading_69dc268c2a190 h3 {font-size:32px; } .ld_fancy_heading_69dc268c2a190 h3 {padding-top:0px !important; padding-bottom:0px !important;  } .ld_fancy_heading_69dc268c2a190 h3 {margin-top:0px !important; margin-bottom:0px !important;  } <\/style><div class=\"ld-fancy-heading text-center ld_fancy_heading_69dc268c2a190\">\n\t<h3 class=\"ld-fh-element lqd-highlight-underline lqd-highlight-grow-left text-decoration-default\"   >  Otkrijte razliku i unapredite svoje tu\u0161iranje sa Vshower Pro\u00ae!<\/h3><\/div>[\/vc_column][\/vc_row]<\/p>\n","protected":false},"excerpt":{"rendered":"<p><strong>ACF TEHNOLOGIJA FILTRACIJE:<\/strong> Uklanja do 99% ne\u010disto\u0107a, uklju\u010duju\u0107i hlor, te\u0161ke metale i hemikalije, pobolj\u0161avaju\u0107i kvalitet vode za ne\u017eniju ko\u017eu i zdraviju kosu.<\/p>\n<p><strong>DVA NA\u010cINA PRSKANJA:<\/strong> Birajte izme\u0111u re\u017eima ki\u0161nog mlaza za blagi i opu\u0161taju\u0107i tok vode ili masa\u017enog re\u017eima za sna\u017ean i osve\u017eavaju\u0107i mlaz, prilago\u0111en va\u0161im potrebama.<\/p>\n<p><strong>VISOKI KVALITET I SILIKONSKE MLAZINICE:<\/strong> Izra\u0111en od izdr\u017eljivih i visokokvalitetnih materijala sa silikonskim mlaznicama koje se lako \u010diste i spre\u010davaju za\u010depljenja, obezbe\u0111uju\u0107i stalan protok vode i dugotrajne performanse.<\/p>\n<p><strong>JEDNOSTAVNA UGRADNJA:<\/strong> Montira se za samo nekoliko minuta bez upotrebe alata, pru\u017eaju\u0107i luksuzno iskustvo tu\u0161iranja uz minimalan napor.<\/p>\n<p><b>Sertifikati:<\/b><br \/>\n<img decoding=\"async\" class=\"alignnone wp-image-5118\" src=\"https:\/\/vshowerpro.com\/wp-content\/uploads\/2024\/10\/certificates-300x115.png\" alt=\"\" width=\"200\" height=\"77\" srcset=\"https:\/\/vshowerpro.com\/wp-content\/uploads\/2024\/10\/certificates-300x115.png 300w, https:\/\/vshowerpro.com\/wp-content\/uploads\/2024\/10\/certificates-1024x393.png 1024w, https:\/\/vshowerpro.com\/wp-content\/uploads\/2024\/10\/certificates.png 1372w\" sizes=\"(max-width: 200px) 100vw, 200px\" \/><\/p>\n","protected":false},"featured_media":6026,"comment_status":"open","ping_status":"closed","template":"","meta":{"rank_math_lock_modified_date":false},"product_brand":[],"product_cat":[52],"product_tag":[],"class_list":{"0":"post-5985","1":"product","2":"type-product","3":"status-publish","4":"has-post-thumbnail","6":"product_cat-tus-glava-sa-filterom","8":"first","9":"instock","10":"taxable","11":"shipping-taxable","12":"purchasable","13":"product-type-simple"},"_links":{"self":[{"href":"https:\/\/vshowerpro.com\/sr\/wp-json\/wp\/v2\/product\/5985","targetHints":{"allow":["GET"]}}],"collection":[{"href":"https:\/\/vshowerpro.com\/sr\/wp-json\/wp\/v2\/product"}],"about":[{"href":"https:\/\/vshowerpro.com\/sr\/wp-json\/wp\/v2\/types\/product"}],"replies":[{"embeddable":true,"href":"https:\/\/vshowerpro.com\/sr\/wp-json\/wp\/v2\/comments?post=5985"}],"wp:featuredmedia":[{"embeddable":true,"href":"https:\/\/vshowerpro.com\/sr\/wp-json\/wp\/v2\/media\/6026"}],"wp:attachment":[{"href":"https:\/\/vshowerpro.com\/sr\/wp-json\/wp\/v2\/media?parent=5985"}],"wp:term":[{"taxonomy":"product_brand","embeddable":true,"href":"https:\/\/vshowerpro.com\/sr\/wp-json\/wp\/v2\/product_brand?post=5985"},{"taxonomy":"product_cat","embeddable":true,"href":"https:\/\/vshowerpro.com\/sr\/wp-json\/wp\/v2\/product_cat?post=5985"},{"taxonomy":"product_tag","embeddable":true,"href":"https:\/\/vshowerpro.com\/sr\/wp-json\/wp\/v2\/product_tag?post=5985"}],"curies":[{"name":"wp","href":"https:\/\/api.w.org\/{rel}","templated":true}]}}