{"id":6095,"date":"2024-10-11T11:37:30","date_gmt":"2024-10-11T11:37:30","guid":{"rendered":"https:\/\/vshowerpro.com\/shop\/nekategorizovano\/shower-head-filer-for-shower-head-model-sl004\/"},"modified":"2025-10-21T10:40:52","modified_gmt":"2025-10-21T10:40:52","slug":"filter-za-tus-rucicu-sl004","status":"publish","type":"product","link":"https:\/\/vshowerpro.com\/sr\/shop\/filteri-za-tus-sr\/filter-za-tus-rucicu-sl004\/","title":{"rendered":"Filter za tu\u0161 ru\u010dicu &#8211; model SL004"},"content":{"rendered":"","protected":false},"excerpt":{"rendered":"<p><strong>\u010cISTA VODA ZA KO\u017dU I KOSU:<\/strong> Uklanja hlor i te\u0161ke metale iz vode, pru\u017eaju\u0107i dodatnu za\u0161titu va\u0161oj kosi i ko\u017ei od isu\u0161ivanja, iritacija i gubitka prirodne vlage. Savr\u0161en je za svakodnevnu upotrebu, posebno za osobe sa osetljivom ko\u017eom.<\/p>\n<p><strong>BEZ \u0160TETNIH DODATAKA:<\/strong> Kompozitni filter sa aktivnim ugljenikom koristi prirodnu filtraciju bez hemijskih dodataka, omogu\u0107avaju\u0107i da voda bude sigurna i \u010dista za va\u0161u rutinu nege.<\/p>\n<p><strong>DUGOTRAJNO RE\u0160ENJE ZA BOLJU NEGU:<\/strong> Dizajniran za dugotrajnu upotrebu, filter obezbe\u0111uje kontinuiranu filtraciju. Rezultat je svilenkasta kosa i meka ko\u017ea posle svakog tu\u0161iranja.<\/p>\n<p>&nbsp;<\/p>\n","protected":false},"featured_media":6394,"comment_status":"open","ping_status":"closed","template":"","meta":{"rank_math_lock_modified_date":false},"product_brand":[],"product_cat":[55],"product_tag":[],"class_list":{"0":"post-6095","1":"product","2":"type-product","3":"status-publish","4":"has-post-thumbnail","6":"product_cat-filteri-za-tus-sr","8":"first","9":"instock","10":"taxable","11":"shipping-taxable","12":"purchasable","13":"product-type-simple"},"_links":{"self":[{"href":"https:\/\/vshowerpro.com\/sr\/wp-json\/wp\/v2\/product\/6095","targetHints":{"allow":["GET"]}}],"collection":[{"href":"https:\/\/vshowerpro.com\/sr\/wp-json\/wp\/v2\/product"}],"about":[{"href":"https:\/\/vshowerpro.com\/sr\/wp-json\/wp\/v2\/types\/product"}],"replies":[{"embeddable":true,"href":"https:\/\/vshowerpro.com\/sr\/wp-json\/wp\/v2\/comments?post=6095"}],"wp:featuredmedia":[{"embeddable":true,"href":"https:\/\/vshowerpro.com\/sr\/wp-json\/wp\/v2\/media\/6394"}],"wp:attachment":[{"href":"https:\/\/vshowerpro.com\/sr\/wp-json\/wp\/v2\/media?parent=6095"}],"wp:term":[{"taxonomy":"product_brand","embeddable":true,"href":"https:\/\/vshowerpro.com\/sr\/wp-json\/wp\/v2\/product_brand?post=6095"},{"taxonomy":"product_cat","embeddable":true,"href":"https:\/\/vshowerpro.com\/sr\/wp-json\/wp\/v2\/product_cat?post=6095"},{"taxonomy":"product_tag","embeddable":true,"href":"https:\/\/vshowerpro.com\/sr\/wp-json\/wp\/v2\/product_tag?post=6095"}],"curies":[{"name":"wp","href":"https:\/\/api.w.org\/{rel}","templated":true}]}}